{"id":3230,"date":"2025-09-01T13:45:04","date_gmt":"2025-09-01T13:45:04","guid":{"rendered":"https:\/\/koroush.co\/product\/sari-misir\/"},"modified":"2025-09-01T13:45:04","modified_gmt":"2025-09-01T13:45:04","slug":"sari-misir","status":"publish","type":"product","link":"https:\/\/koroush.co\/tr\/urun\/sari-misir\/","title":{"rendered":"Sar\u0131 M\u0131s\u0131r"},"content":{"rendered":"<p>\u0130NSAN T\u00dcKET\u0130M\u0130 \u0130\u00c7\u0130N \u00dcR\u00dcN\u00dcN\u00dcZ\u00dc \u0130\u015eL\u0130YORUZ<br \/>M\u0131s\u0131r k\u00fclt\u00fcr\u00fcn\u00fcn \u00fcretim d\u00f6ng\u00fcs\u00fc, ekilecek alan\u0131n belirlendi\u011fi piyasa analizleriyle ba\u015flar. Ard\u0131ndan, ekimler, t\u00fcm planlamalar ve gerekli tar\u0131msal faaliyetlerin ger\u00e7ekle\u015ftirilmesi belirlenir. Hasat edildikten sonra, m\u0131s\u0131r taneleri, yerli ve yabanc\u0131 pazarlara sat\u0131lana kadar \u00e7iftlikte depolan\u0131r. M\u0131s\u0131r\u0131n nihai hedefi, tavuk\u00e7uluk, domuz ve s\u0131\u011f\u0131r yemlerinde ana enerji bile\u015feni olarak kullan\u0131lmas\u0131d\u0131r, bu da et \u00fcretimi s\u00fcrecinde insan t\u00fcketimi i\u00e7in ayr\u0131lm\u0131\u015ft\u0131r. \u00dcretilen m\u0131s\u0131r hacminin sadece k\u00fc\u00e7\u00fck bir k\u0131sm\u0131, do\u011frudan insan diyeti i\u00e7in kullan\u0131l\u0131r, \u00f6rne\u011fin unlar, ya\u011flar, tatland\u0131r\u0131c\u0131lar, makarna ve bisk\u00fcvi gibi, m\u0131s\u0131r\u0131n bile\u015fen olarak yer ald\u0131\u011f\u0131 di\u011fer g\u0131dalar.<br \/>HASAT<br \/>M\u0131s\u0131r, Haziran ve Temmuz aylar\u0131nda, ikinci ekimi yap\u0131lan \u00e7iftliklerde hasat edilir. Kullan\u0131lan makineler, sadece ko\u00e7an toplama platformunun de\u011fi\u015fti\u011fi ayn\u0131 makinelerle hasat i\u015flemini ger\u00e7ekle\u015ftirir.<br \/>\u0130\u015eLEME VE DEPOLAMA<br \/>Depoya al\u0131m i\u015flemiyle ba\u015flar, ard\u0131ndan tah\u0131l\u0131n \u00f6n temizli\u011fi, kurutulmas\u0131, depolanmas\u0131 ve depolanan tah\u0131l\u0131n sevkiyat\u0131 yap\u0131l\u0131r.       <\/p>\n","protected":false},"excerpt":{"rendered":"<p>\u0130NSAN T\u00dcKET\u0130M\u0130 \u0130\u00c7\u0130N \u00dcR\u00dcN\u00dcN\u00dcZ\u00dc \u0130\u015eL\u0130YORUZM\u0131s\u0131r k\u00fclt\u00fcr\u00fcn\u00fcn \u00fcretim d\u00f6ng\u00fcs\u00fc, ekilecek alan\u0131n belirlendi\u011fi piyasa analizleriyle ba\u015flar. Ard\u0131ndan, ekimler, t\u00fcm planlamalar ve gerekli [&hellip;]<\/p>\n","protected":false},"featured_media":3598,"comment_status":"open","ping_status":"closed","template":"","meta":{"om_disable_all_campaigns":false,"site-sidebar-layout":"default","site-content-layout":"","ast-site-content-layout":"default","site-content-style":"default","site-sidebar-style":"default","ast-global-header-display":"","ast-banner-title-visibility":"","ast-main-header-display":"","ast-hfb-above-header-display":"","ast-hfb-below-header-display":"","ast-hfb-mobile-header-display":"","site-post-title":"","ast-breadcrumbs-content":"","ast-featured-img":"","footer-sml-layout":"","ast-disable-related-posts":"","theme-transparent-header-meta":"default","adv-header-id-meta":"","stick-header-meta":"","header-above-stick-meta":"","header-main-stick-meta":"","header-below-stick-meta":"","astra-migrate-meta-layouts":"default","ast-page-background-enabled":"default","ast-page-background-meta":{"desktop":{"background-color":"var(--ast-global-color-5)","background-image":"","background-repeat":"repeat","background-position":"center center","background-size":"auto","background-attachment":"scroll","background-type":"","background-media":"","overlay-type":"","overlay-color":"","overlay-opacity":"","overlay-gradient":""},"tablet":{"background-color":"","background-image":"","background-repeat":"repeat","background-position":"center center","background-size":"auto","background-attachment":"scroll","background-type":"","background-media":"","overlay-type":"","overlay-color":"","overlay-opacity":"","overlay-gradient":""},"mobile":{"background-color":"","background-image":"","background-repeat":"repeat","background-position":"center center","background-size":"auto","background-attachment":"scroll","background-type":"","background-media":"","overlay-type":"","overlay-color":"","overlay-opacity":"","overlay-gradient":""}},"ast-content-background-meta":{"desktop":{"background-color":"var(--ast-global-color-4)","background-image":"","background-repeat":"repeat","background-position":"center center","background-size":"auto","background-attachment":"scroll","background-type":"","background-media":"","overlay-type":"","overlay-color":"","overlay-opacity":"","overlay-gradient":""},"tablet":{"background-color":"var(--ast-global-color-4)","background-image":"","background-repeat":"repeat","background-position":"center center","background-size":"auto","background-attachment":"scroll","background-type":"","background-media":"","overlay-type":"","overlay-color":"","overlay-opacity":"","overlay-gradient":""},"mobile":{"background-color":"var(--ast-global-color-4)","background-image":"","background-repeat":"repeat","background-position":"center center","background-size":"auto","background-attachment":"scroll","background-type":"","background-media":"","overlay-type":"","overlay-color":"","overlay-opacity":"","overlay-gradient":""}}},"product_brand":[],"product_cat":[80],"product_tag":[],"class_list":{"0":"post-3230","1":"product","2":"type-product","3":"status-publish","4":"has-post-thumbnail","6":"product_cat-urunler","7":"desktop-align-left","8":"tablet-align-left","9":"mobile-align-left","11":"first","12":"instock","13":"featured","14":"shipping-taxable","15":"product-type-simple"},"aioseo_notices":[],"_links":{"self":[{"href":"https:\/\/koroush.co\/tr\/wp-json\/wp\/v2\/product\/3230","targetHints":{"allow":["GET"]}}],"collection":[{"href":"https:\/\/koroush.co\/tr\/wp-json\/wp\/v2\/product"}],"about":[{"href":"https:\/\/koroush.co\/tr\/wp-json\/wp\/v2\/types\/product"}],"replies":[{"embeddable":true,"href":"https:\/\/koroush.co\/tr\/wp-json\/wp\/v2\/comments?post=3230"}],"wp:featuredmedia":[{"embeddable":true,"href":"https:\/\/koroush.co\/tr\/wp-json\/wp\/v2\/media\/3598"}],"wp:attachment":[{"href":"https:\/\/koroush.co\/tr\/wp-json\/wp\/v2\/media?parent=3230"}],"wp:term":[{"taxonomy":"product_brand","embeddable":true,"href":"https:\/\/koroush.co\/tr\/wp-json\/wp\/v2\/product_brand?post=3230"},{"taxonomy":"product_cat","embeddable":true,"href":"https:\/\/koroush.co\/tr\/wp-json\/wp\/v2\/product_cat?post=3230"},{"taxonomy":"product_tag","embeddable":true,"href":"https:\/\/koroush.co\/tr\/wp-json\/wp\/v2\/product_tag?post=3230"}],"curies":[{"name":"wp","href":"https:\/\/api.w.org\/{rel}","templated":true}]}}