{"id":3228,"date":"2025-08-29T13:21:51","date_gmt":"2025-08-29T13:21:51","guid":{"rendered":"https:\/\/koroush.co\/product\/organik-gida-organik-hat\/"},"modified":"2025-08-29T13:21:51","modified_gmt":"2025-08-29T13:21:51","slug":"organik-gida-organik-hat","status":"publish","type":"product","link":"https:\/\/koroush.co\/tr\/urun\/organik-gida-organik-hat\/","title":{"rendered":"Organik G\u0131da \u2014 \u201cOrganik Hat\u201d"},"content":{"rendered":"<h2 data-start=\"284\" data-end=\"308\"><strong data-start=\"287\" data-end=\"308\">A) Organik Sular<\/strong><\/h2>\n<ul data-start=\"309\" data-end=\"815\">\n<li data-start=\"309\" data-end=\"368\">\n<p data-start=\"311\" data-end=\"368\"><strong data-start=\"311\" data-end=\"358\">Kar\u0131\u015f\u0131k Mandalina &amp; Organik Tam Elma Suyu <\/strong>\u2014 <strong data-start=\"361\" data-end=\"368\">1 L<\/strong><\/p>\n<\/li>\n<li data-start=\"369\" data-end=\"425\">\n<p data-start=\"371\" data-end=\"425\"><strong data-start=\"371\" data-end=\"415\">Kar\u0131\u015f\u0131k Portakal &amp; Organik Tam Elma Suyu<\/strong> \u2014 <strong data-start=\"418\" data-end=\"425\">1 L<\/strong><\/p>\n<\/li>\n<li data-start=\"426\" data-end=\"480\">\n<p data-start=\"428\" data-end=\"480\"><strong data-start=\"428\" data-end=\"461\">Organik Tam Mandalina Suyu <\/strong>\u2014 <strong data-start=\"464\" data-end=\"480\">1 L \u00b7 300 ml<\/strong><\/p>\n<\/li>\n<li data-start=\"481\" data-end=\"532\">\n<p data-start=\"483\" data-end=\"532\"><strong data-start=\"516\" data-end=\"532\">Organik Tam Portakal Suyu<\/strong> \u2014 <strong data-start=\"483\" data-end=\"513\">1 L \u00b7 300 ml<\/strong><\/p>\n<\/li>\n<li data-start=\"533\" data-end=\"583\">\n<p data-start=\"535\" data-end=\"583\"><strong data-start=\"535\" data-end=\"564\">Organik Tam Elma Suyu \u2014<\/strong><strong data-start=\"567\" data-end=\"583\"> 1 L \u00b7 300 ml<\/strong><\/p>\n<\/li>\n<li data-start=\"584\" data-end=\"638\">\n<p data-start=\"586\" data-end=\"638\"><strong data-start=\"586\" data-end=\"628\">Tam \u00dcz\u00fcm Suyu %100 Organik <\/strong>\u2013 <strong data-start=\"631\" data-end=\"638\">Maple \u2014 1 L<\/strong><\/p>\n<\/li>\n<li data-start=\"639\" data-end=\"699\">\n<p data-start=\"641\" data-end=\"699\"><strong data-start=\"641\" data-end=\"686\">Tam \u00dcz\u00fcm Suyu %100 Organik<\/strong> \u2013 <strong data-start=\"689\" data-end=\"699\">Burgundy \u2014 300 ml<\/strong><\/p>\n<\/li>\n<li data-start=\"700\" data-end=\"760\">\n<p data-start=\"702\" data-end=\"760\"><strong data-start=\"702\" data-end=\"741\">\u00dcz\u00fcm Suyu %100 Organik \u2013<\/strong> <strong data-start=\"744\" data-end=\"760\">Bordeaux \u2014 1 L \u00b7 300 ml<\/strong><\/p>\n<\/li>\n<li data-start=\"761\" data-end=\"815\">\n<p data-start=\"763\" data-end=\"815\"><strong data-start=\"763\" data-end=\"805\">Hediye \u00c7antas\u0131 Suyu %100 Organik \u015earap \u00dcz\u00fcm\u00fc<\/strong> <strong data-start=\"808\" data-end=\"815\">\u2014 1 L<\/strong><\/p>\n<\/li>\n<\/ul>\n<hr data-start=\"817\" data-end=\"820\">\n<h2 data-start=\"822\" data-end=\"869\"><strong data-start=\"825\" data-end=\"869\">B) \u00dcz\u00fcm T\u00fcrevli Ya\u011flar, Unlar ve Sirke<\/strong><\/h2>\n<ul data-start=\"870\" data-end=\"1275\">\n<li data-start=\"870\" data-end=\"927\">\n<p data-start=\"872\" data-end=\"927\"><strong data-start=\"872\" data-end=\"906\">Organik \u00dcz\u00fcm \u00c7ekirde\u011fi Ya\u011f\u0131 (UvaS\u00f3) <\/strong>\u2014 <strong data-start=\"909\" data-end=\"927\">60 ml \u00b7 250 ml<\/strong><\/p>\n<\/li>\n<li data-start=\"928\" data-end=\"987\">\n<p data-start=\"930\" data-end=\"987\"><strong data-start=\"930\" data-end=\"958\">Organik \u00dcz\u00fcm \u00c7ekirde\u011fi Unu \u2014<\/strong> 100 ml \u00b7<strong data-start=\"961\" data-end=\"985\"> 1 kg \u00b7 3 kg<\/strong><\/p>\n<\/li>\n<li data-start=\"988\" data-end=\"1045\">\n<p data-start=\"990\" data-end=\"1045\"><strong data-start=\"1021\" data-end=\"1045\">Organik \u00dcz\u00fcm Kabu\u011fu Unu <\/strong>\u2014 <strong data-start=\"990\" data-end=\"1018\">100 ml \u00b7 1 kg \u00b7 3 kg<\/strong><\/p>\n<\/li>\n<li data-start=\"1046\" data-end=\"1104\">\n<p data-start=\"1048\" data-end=\"1104\"><strong data-start=\"1085\" data-end=\"1104\">UvaS\u00f3 Organik K\u0131rm\u0131z\u0131 \u015earap Sirkesi <\/strong>\u2014<strong data-start=\"1048\" data-end=\"1082\"> 250 ml \u00b7 500 ml<\/strong><\/p>\n<\/li>\n<li data-start=\"1105\" data-end=\"1169\">\n<p data-start=\"1107\" data-end=\"1169\"><strong data-start=\"1150\" data-end=\"1169\">Geleneksel Organik Balsamik Sirke <\/strong>\u2014<strong data-start=\"1107\" data-end=\"1147\"> 250 ml \u00b7 500 ml<\/strong><\/p>\n<\/li>\n<li data-start=\"1170\" data-end=\"1228\">\n<p data-start=\"1172\" data-end=\"1228\"><strong data-start=\"1172\" data-end=\"1206\">Organik \u00dcz\u00fcm Balsamik Sirke <\/strong>\u2014<strong data-start=\"1209\" data-end=\"1228\"> 250 ml \u00b7 500 ml<\/strong><\/p>\n<\/li>\n<li data-start=\"1229\" data-end=\"1275\">\n<p data-start=\"1231\" data-end=\"1275\"><strong data-start=\"1231\" data-end=\"1262\">Organik Elma<\/strong><\/p>\n<\/li>\n<li data-start=\"1229\" data-end=\"1275\">\n<p data-start=\"1231\" data-end=\"1275\"> <strong data-start=\"1231\" data-end=\"1262\">Meyve Sirkesi<\/strong> \u2014<strong data-start=\"1265\" data-end=\"1275\"> 250 ml<\/strong><\/p>\n<\/li>\n<li data-start=\"1229\" data-end=\"1275\">\n<p data-start=\"1231\" data-end=\"1275\"><img fetchpriority=\"high\" decoding=\"async\" class=\"alignnone wp-image-2515\" style=\"font-style: inherit; font-weight: inherit;\" src=\"https:\/\/koroush.co\/wp-content\/uploads\/2025\/08\/WhatsApp-Image-2025-08-29-at-4.21.01-PM-300x155.jpeg\" alt=\"\" width=\"797\" height=\"412\" srcset=\"https:\/\/koroush.co\/wp-content\/uploads\/2025\/08\/WhatsApp-Image-2025-08-29-at-4.21.01-PM-300x155.jpeg 300w, https:\/\/koroush.co\/wp-content\/uploads\/2025\/08\/WhatsApp-Image-2025-08-29-at-4.21.01-PM-600x310.jpeg 600w, https:\/\/koroush.co\/wp-content\/uploads\/2025\/08\/WhatsApp-Image-2025-08-29-at-4.21.01-PM-1024x529.jpeg 1024w, https:\/\/koroush.co\/wp-content\/uploads\/2025\/08\/WhatsApp-Image-2025-08-29-at-4.21.01-PM-768x396.jpeg 768w, https:\/\/koroush.co\/wp-content\/uploads\/2025\/08\/WhatsApp-Image-2025-08-29-at-4.21.01-PM-1536x793.jpeg 1536w, https:\/\/koroush.co\/wp-content\/uploads\/2025\/08\/WhatsApp-Image-2025-08-29-at-4.21.01-PM.jpeg 1600w\" sizes=\"(max-width: 797px) 100vw, 797px\" \/><\/p>\n<\/li>\n<\/ul>\n","protected":false},"excerpt":{"rendered":"<p>A) Organik Sular Kar\u0131\u015f\u0131k Mandalina &amp; Organik Tam Elma Suyu \u2014 1 L Kar\u0131\u015f\u0131k Portakal &amp; Organik Tam Elma Suyu [&hellip;]<\/p>\n","protected":false},"featured_media":2517,"comment_status":"open","ping_status":"closed","template":"","meta":{"om_disable_all_campaigns":false,"site-sidebar-layout":"default","site-content-layout":"","ast-site-content-layout":"default","site-content-style":"default","site-sidebar-style":"default","ast-global-header-display":"","ast-banner-title-visibility":"","ast-main-header-display":"","ast-hfb-above-header-display":"","ast-hfb-below-header-display":"","ast-hfb-mobile-header-display":"","site-post-title":"","ast-breadcrumbs-content":"","ast-featured-img":"","footer-sml-layout":"","ast-disable-related-posts":"","theme-transparent-header-meta":"default","adv-header-id-meta":"","stick-header-meta":"","header-above-stick-meta":"","header-main-stick-meta":"","header-below-stick-meta":"","astra-migrate-meta-layouts":"default","ast-page-background-enabled":"default","ast-page-background-meta":{"desktop":{"background-color":"var(--ast-global-color-5)","background-image":"","background-repeat":"repeat","background-position":"center center","background-size":"auto","background-attachment":"scroll","background-type":"","background-media":"","overlay-type":"","overlay-color":"","overlay-opacity":"","overlay-gradient":""},"tablet":{"background-color":"","background-image":"","background-repeat":"repeat","background-position":"center center","background-size":"auto","background-attachment":"scroll","background-type":"","background-media":"","overlay-type":"","overlay-color":"","overlay-opacity":"","overlay-gradient":""},"mobile":{"background-color":"","background-image":"","background-repeat":"repeat","background-position":"center center","background-size":"auto","background-attachment":"scroll","background-type":"","background-media":"","overlay-type":"","overlay-color":"","overlay-opacity":"","overlay-gradient":""}},"ast-content-background-meta":{"desktop":{"background-color":"var(--ast-global-color-4)","background-image":"","background-repeat":"repeat","background-position":"center center","background-size":"auto","background-attachment":"scroll","background-type":"","background-media":"","overlay-type":"","overlay-color":"","overlay-opacity":"","overlay-gradient":""},"tablet":{"background-color":"var(--ast-global-color-4)","background-image":"","background-repeat":"repeat","background-position":"center center","background-size":"auto","background-attachment":"scroll","background-type":"","background-media":"","overlay-type":"","overlay-color":"","overlay-opacity":"","overlay-gradient":""},"mobile":{"background-color":"var(--ast-global-color-4)","background-image":"","background-repeat":"repeat","background-position":"center center","background-size":"auto","background-attachment":"scroll","background-type":"","background-media":"","overlay-type":"","overlay-color":"","overlay-opacity":"","overlay-gradient":""}}},"product_brand":[],"product_cat":[81,80],"product_tag":[],"class_list":{"0":"post-3228","1":"product","2":"type-product","3":"status-publish","4":"has-post-thumbnail","6":"product_cat-urun","7":"product_cat-urunler","8":"desktop-align-left","9":"tablet-align-left","10":"mobile-align-left","12":"first","13":"instock","14":"featured","15":"shipping-taxable","16":"product-type-simple"},"aioseo_notices":[],"_links":{"self":[{"href":"https:\/\/koroush.co\/tr\/wp-json\/wp\/v2\/product\/3228","targetHints":{"allow":["GET"]}}],"collection":[{"href":"https:\/\/koroush.co\/tr\/wp-json\/wp\/v2\/product"}],"about":[{"href":"https:\/\/koroush.co\/tr\/wp-json\/wp\/v2\/types\/product"}],"replies":[{"embeddable":true,"href":"https:\/\/koroush.co\/tr\/wp-json\/wp\/v2\/comments?post=3228"}],"wp:featuredmedia":[{"embeddable":true,"href":"https:\/\/koroush.co\/tr\/wp-json\/wp\/v2\/media\/2517"}],"wp:attachment":[{"href":"https:\/\/koroush.co\/tr\/wp-json\/wp\/v2\/media?parent=3228"}],"wp:term":[{"taxonomy":"product_brand","embeddable":true,"href":"https:\/\/koroush.co\/tr\/wp-json\/wp\/v2\/product_brand?post=3228"},{"taxonomy":"product_cat","embeddable":true,"href":"https:\/\/koroush.co\/tr\/wp-json\/wp\/v2\/product_cat?post=3228"},{"taxonomy":"product_tag","embeddable":true,"href":"https:\/\/koroush.co\/tr\/wp-json\/wp\/v2\/product_tag?post=3228"}],"curies":[{"name":"wp","href":"https:\/\/api.w.org\/{rel}","templated":true}]}}