{"id":3226,"date":"2025-08-29T12:59:49","date_gmt":"2025-08-29T12:59:49","guid":{"rendered":"https:\/\/koroush.co\/product\/brezilya-baligi\/"},"modified":"2025-08-29T12:59:49","modified_gmt":"2025-08-29T12:59:49","slug":"brezilya-baligi","status":"publish","type":"product","link":"https:\/\/koroush.co\/tr\/urun\/brezilya-baligi\/","title":{"rendered":"Brezilya Bal\u0131\u011f\u0131"},"content":{"rendered":"<p><strong>Amazon Bal\u0131klar\u0131 ve Pirarucu Derisi<\/strong><br \/>\n<strong>PIRARUCU BALIK<\/strong><br \/>\nD\u00fcnyan\u0131n en b\u00fcy\u00fck tatl\u0131 su bal\u0131klar\u0131ndan biridir. 200 kg veya daha fazla a\u011f\u0131rl\u0131\u011fa ula\u015fabilir, 2,10 m&#8217;ye kadar boylanabilir ve 65 kg&#8217;dan fazla olabilir.<br \/>\nAmazon&#8217;un vah\u015fi bir bal\u0131\u011f\u0131d\u0131r ve korunmas\u0131, IBAMA ve IPAAM gibi federal ve yerel \u00e7evre kontrol kurulu\u015flar\u0131 taraf\u0131ndan tam olarak garanti alt\u0131na al\u0131nm\u0131\u015ft\u0131r.<br \/>\n\u00c7o\u011funlukla erkek pirarucu bal\u0131\u011f\u0131 avlan\u0131r, di\u015fi ise \u00fcremenin sa\u011flanmas\u0131 amac\u0131yla genellikle korunur.<br \/>\n<strong>KAL\u0130TE<\/strong><br \/>\nPirarucu, son derece lezzetli ve sa\u011fl\u0131kl\u0131 bir bal\u0131kt\u0131r. Hem eti hem de yan \u00fcr\u00fcnleri ile d\u00fcnya \u00e7ap\u0131nda b\u00fcy\u00fck \u015fehirlerde olduk\u00e7a pop\u00fclerdir. Pirarucu&#8217;nun i\u00e7 organlar\u0131, pullar\u0131, ba\u015flar\u0131 ve t\u00fcm par\u00e7alar\u0131 b\u00fcy\u00fck \u00f6l\u00e7ekte sat\u0131lmaktad\u0131r.<br \/>\nT\u00fcm bal\u0131klar, Tar\u0131m Bakanl\u0131\u011f\u0131 ve yerel kurulu\u015flar\u0131n standartlar\u0131na uygun olarak i\u015flenir, paketlenir ve dondurulur.<br \/>\nEn iyi tedarik zincirini sa\u011fl\u0131yoruz, b\u00f6ylece ulusal ve uluslararas\u0131 pazar i\u00e7in b\u00fcy\u00fck miktarlar garanti ediyoruz.<br \/>\nBal\u0131klar\u0131m\u0131z do\u011fald\u0131r, bu nedenle hi\u00e7bir \u015fekilde yapay \u00fcreme hormonlar\u0131ndan t\u00fcretilen hormon i\u00e7ermezler.<br \/>\n<br \/>KOROUSH is committed to environmental standards, respecting all reproduction and fishing chain cycles.<br \/>\nKOROUSH, \u00e7evresel standartlara ba\u011fl\u0131d\u0131r ve t\u00fcm \u00fcreme ve bal\u0131k\u00e7\u0131l\u0131k d\u00f6ng\u00fclerine sayg\u0131 g\u00f6sterir.<br \/>\nKOROUSH, yerel nehir bal\u0131k\u00e7\u0131l\u0131\u011f\u0131 n\u00fcfuslar\u0131yla i\u015fbirli\u011fi yaparak, do\u011fay\u0131 korur ve s\u00fcrd\u00fcr\u00fclebilir ekonomik faaliyetlerini te\u015fvik eder; bal\u0131klar\u0131 yaln\u0131zca yasal olarak izin verilen d\u00f6nemde sat\u0131n al\u0131r ve adil fiyatlar \u00f6der.<\/p>\n<p><img fetchpriority=\"high\" decoding=\"async\" class=\"alignnone wp-image-2513\" src=\"https:\/\/koroush.co\/wp-content\/uploads\/2025\/08\/ead-6-300x300.jpg\" alt=\"\" width=\"475\" height=\"475\" srcset=\"https:\/\/koroush.co\/wp-content\/uploads\/2025\/08\/ead-6-300x300.jpg 300w, https:\/\/koroush.co\/wp-content\/uploads\/2025\/08\/ead-6-100x100.jpg 100w, https:\/\/koroush.co\/wp-content\/uploads\/2025\/08\/ead-6-600x600.jpg 600w, https:\/\/koroush.co\/wp-content\/uploads\/2025\/08\/ead-6-1024x1024.jpg 1024w, https:\/\/koroush.co\/wp-content\/uploads\/2025\/08\/ead-6-150x150.jpg 150w, https:\/\/koroush.co\/wp-content\/uploads\/2025\/08\/ead-6-768x768.jpg 768w, https:\/\/koroush.co\/wp-content\/uploads\/2025\/08\/ead-6.jpg 1080w\" sizes=\"(max-width: 475px) 100vw, 475px\" \/><\/p>\n<p>A\u015fa\u011f\u0131daki bal\u0131klar\u0131 temin ediyoruz<\/p>\n<p>\u2022 Tambaqui<br \/>\n\u2022 Pintado<br \/>\n\u2022 Tra\u00edra<br \/>\n\u2022 Curimbata<br \/>\n\u2022 Surubim<br \/>\n\u2022 Piramutaba<br \/>\n\u2022 Til\u00e1pia<br \/>\nA\u015fa\u011f\u0131daki bal\u0131k kesimlerini temin ediyoruz<br \/>\n\u2022 Bal\u0131k Steaks<br \/>\n\u2022 Ba\u011f\u0131rsaks\u0131z Bal\u0131k<br \/>\n\u2022 Bal\u0131k Fileto K\u00fcpleri<br \/>\u2022 Filetolar<\/p>\n<p>&nbsp;<\/p>\n<p><img decoding=\"async\" class=\"alignnone wp-image-2510\" src=\"https:\/\/koroush.co\/wp-content\/uploads\/2025\/08\/image-12-300x156.jpg\" alt=\"\" width=\"815\" height=\"424\" srcset=\"https:\/\/koroush.co\/wp-content\/uploads\/2025\/08\/image-12-300x156.jpg 300w, https:\/\/koroush.co\/wp-content\/uploads\/2025\/08\/image-12-600x312.jpg 600w, https:\/\/koroush.co\/wp-content\/uploads\/2025\/08\/image-12-1024x533.jpg 1024w, https:\/\/koroush.co\/wp-content\/uploads\/2025\/08\/image-12-768x400.jpg 768w, https:\/\/koroush.co\/wp-content\/uploads\/2025\/08\/image-12-1536x800.jpg 1536w, https:\/\/koroush.co\/wp-content\/uploads\/2025\/08\/image-12.jpg 1600w\" sizes=\"(max-width: 815px) 100vw, 815px\" \/><\/p>\n","protected":false},"excerpt":{"rendered":"<p>Amazon Bal\u0131klar\u0131 ve Pirarucu Derisi PIRARUCU BALIK D\u00fcnyan\u0131n en b\u00fcy\u00fck tatl\u0131 su bal\u0131klar\u0131ndan biridir. 200 kg veya daha fazla a\u011f\u0131rl\u0131\u011fa [&hellip;]<\/p>\n","protected":false},"featured_media":3601,"comment_status":"open","ping_status":"closed","template":"","meta":{"om_disable_all_campaigns":false,"site-sidebar-layout":"default","site-content-layout":"","ast-site-content-layout":"default","site-content-style":"default","site-sidebar-style":"default","ast-global-header-display":"","ast-banner-title-visibility":"","ast-main-header-display":"","ast-hfb-above-header-display":"","ast-hfb-below-header-display":"","ast-hfb-mobile-header-display":"","site-post-title":"","ast-breadcrumbs-content":"","ast-featured-img":"","footer-sml-layout":"","ast-disable-related-posts":"","theme-transparent-header-meta":"default","adv-header-id-meta":"","stick-header-meta":"","header-above-stick-meta":"","header-main-stick-meta":"","header-below-stick-meta":"","astra-migrate-meta-layouts":"default","ast-page-background-enabled":"default","ast-page-background-meta":{"desktop":{"background-color":"var(--ast-global-color-5)","background-image":"","background-repeat":"repeat","background-position":"center center","background-size":"auto","background-attachment":"scroll","background-type":"","background-media":"","overlay-type":"","overlay-color":"","overlay-opacity":"","overlay-gradient":""},"tablet":{"background-color":"","background-image":"","background-repeat":"repeat","background-position":"center center","background-size":"auto","background-attachment":"scroll","background-type":"","background-media":"","overlay-type":"","overlay-color":"","overlay-opacity":"","overlay-gradient":""},"mobile":{"background-color":"","background-image":"","background-repeat":"repeat","background-position":"center center","background-size":"auto","background-attachment":"scroll","background-type":"","background-media":"","overlay-type":"","overlay-color":"","overlay-opacity":"","overlay-gradient":""}},"ast-content-background-meta":{"desktop":{"background-color":"var(--ast-global-color-4)","background-image":"","background-repeat":"repeat","background-position":"center center","background-size":"auto","background-attachment":"scroll","background-type":"","background-media":"","overlay-type":"","overlay-color":"","overlay-opacity":"","overlay-gradient":""},"tablet":{"background-color":"var(--ast-global-color-4)","background-image":"","background-repeat":"repeat","background-position":"center center","background-size":"auto","background-attachment":"scroll","background-type":"","background-media":"","overlay-type":"","overlay-color":"","overlay-opacity":"","overlay-gradient":""},"mobile":{"background-color":"var(--ast-global-color-4)","background-image":"","background-repeat":"repeat","background-position":"center center","background-size":"auto","background-attachment":"scroll","background-type":"","background-media":"","overlay-type":"","overlay-color":"","overlay-opacity":"","overlay-gradient":""}}},"product_brand":[],"product_cat":[80],"product_tag":[],"class_list":{"0":"post-3226","1":"product","2":"type-product","3":"status-publish","4":"has-post-thumbnail","6":"product_cat-urunler","7":"desktop-align-left","8":"tablet-align-left","9":"mobile-align-left","11":"first","12":"instock","13":"featured","14":"shipping-taxable","15":"product-type-simple"},"aioseo_notices":[],"_links":{"self":[{"href":"https:\/\/koroush.co\/tr\/wp-json\/wp\/v2\/product\/3226","targetHints":{"allow":["GET"]}}],"collection":[{"href":"https:\/\/koroush.co\/tr\/wp-json\/wp\/v2\/product"}],"about":[{"href":"https:\/\/koroush.co\/tr\/wp-json\/wp\/v2\/types\/product"}],"replies":[{"embeddable":true,"href":"https:\/\/koroush.co\/tr\/wp-json\/wp\/v2\/comments?post=3226"}],"wp:featuredmedia":[{"embeddable":true,"href":"https:\/\/koroush.co\/tr\/wp-json\/wp\/v2\/media\/3601"}],"wp:attachment":[{"href":"https:\/\/koroush.co\/tr\/wp-json\/wp\/v2\/media?parent=3226"}],"wp:term":[{"taxonomy":"product_brand","embeddable":true,"href":"https:\/\/koroush.co\/tr\/wp-json\/wp\/v2\/product_brand?post=3226"},{"taxonomy":"product_cat","embeddable":true,"href":"https:\/\/koroush.co\/tr\/wp-json\/wp\/v2\/product_cat?post=3226"},{"taxonomy":"product_tag","embeddable":true,"href":"https:\/\/koroush.co\/tr\/wp-json\/wp\/v2\/product_tag?post=3226"}],"curies":[{"name":"wp","href":"https:\/\/api.w.org\/{rel}","templated":true}]}}