{"id":3220,"date":"2025-08-29T12:50:41","date_gmt":"2025-08-29T12:50:41","guid":{"rendered":"https:\/\/koroush.co\/product\/gida-takviyeleri\/"},"modified":"2025-08-29T12:50:41","modified_gmt":"2025-08-29T12:50:41","slug":"gida-takviyeleri","status":"publish","type":"product","link":"https:\/\/koroush.co\/tr\/urun\/gida-takviyeleri\/","title":{"rendered":"G\u0131da Takviyeleri"},"content":{"rendered":"<p>AMAZON ORMANLARINDAN B\u0130R\u00c7OK \u00dcR\u00dcN SUNUYORUZ<br \/>Kurutulmu\u015f aroeira yapraklar\u0131 ve otlar, kozmetik ve ila\u00e7lar\u0131n bile\u015fiminde kullan\u0131lan di\u011fer bitkiler.<br \/>COPA\u0130BA YA\u011eI &#8211; %100 do\u011fal ve saf olup, bile\u015fiminde ba\u015fka hi\u00e7bir element bulunmaz. \u00dcretimi zor olsa da copa\u00edba, d\u00fcnya \u00e7ap\u0131nda y\u00fcksek pazar talebine sahiptir ve terap\u00f6tik olarak kullan\u0131lmaktad\u0131r. Anti-inflamatuar ve antibiyotik, antiseptik, balgam s\u00f6kt\u00fcr\u00fcc\u00fc, iyile\u015ftirici, karminatif, m\u00fcshil, di\u00fcretik, antimikotik, verem \u00f6ld\u00fcr\u00fcc\u00fc ve antit\u00fcm\u00f6r etkileri ile etkinli\u011fi kan\u0131tlanm\u0131\u015ft\u0131r.<br \/>CUMARU &#8211; Tohumlar\u0131, vanilya kokusuna yak\u0131n karakteristik bir aromas\u0131 oldu\u011fu i\u00e7in, kokulu \u00fcr\u00fcnler geli\u015ftirmek amac\u0131yla g\u0131da, i\u00e7ecek ve kozmetik end\u00fcstrisi taraf\u0131ndan yayg\u0131n olarak kullan\u0131lmaktad\u0131r.<br \/>AND\u0130ROBA &#8211; Masajla etkisi art\u0131r\u0131lan anti-inflamatuar etki, kaslar\u0131 gev\u015feterek kas a\u011fr\u0131lar\u0131n\u0131 ve iltihaplanmalar\u0131n\u0131 hafifletir. \u015eampuanlar ve kremlere kar\u0131\u015ft\u0131r\u0131labilir, sa\u00e7 d\u00f6k\u00fclmesi ve kellik ile m\u00fccadeleye yard\u0131mc\u0131 olur.<\/p>\n<p><strong>Kaps\u00fcllerde Takviyeler<\/strong><\/p>\n<p>\u2022 T\u0131bbi Ya\u011flar ve Tozlar<\/p>\n<p>\u2022 Sar\u0131msak Ya\u011f\u0131\u2022 Copaiba Ya\u011f\u0131<\/p>\n<p><span style=\"font-size: 16px;\">\u2022 Andiroba Ya\u011f\u0131\u2022<\/span> Buriti Ya\u011f\u0131<\/p>\n<p>\u2022 Gergelin Ya\u011f\u0131<br \/>\u2022 A\u00e7ai Tozu<\/p>\n<p>\u2022 Guarana Tozu<br \/>\u2022 Kakao Tozu<\/p>\n<p>\u2022 Pancar Tozu<br \/>\u2022 Cupua\u00e7u Tozu<\/p>\n<p>\u2022 Caja Tozu<\/p>\n<p><strong>Amazon B\u00f6lgesine Ait \u00dcr\u00fcnler<\/strong><\/p>\n<p>\u2022 Guarana toz ve \u015furup<br \/>\u2022 Graviola<\/p>\n<p>\u2022 Copaiba Ya\u011f\u0131<br \/>\u2022 G\u00fcm\u00fc\u015f Bal\u0131<\/p>\n<p>\u2022 Amazon Nehri Bal\u0131\u011f\u0131<br \/>\u2022 Pirarucu Derisi<\/p>\n<p>\u2022 Amazon Nehri Bal\u0131\u011f\u0131<br \/>\u2022 Pirarucu Derisi<\/p>\n<p>\u2022 Ve di\u011ferleri.<\/p>\n<p>&nbsp;<\/p>\n<p><img fetchpriority=\"high\" decoding=\"async\" class=\"alignnone wp-image-2502\" src=\"https:\/\/koroush.co\/wp-content\/uploads\/2025\/08\/image-9-300x153.jpg\" alt=\"\" width=\"664\" height=\"339\" srcset=\"https:\/\/koroush.co\/wp-content\/uploads\/2025\/08\/image-9-300x153.jpg 300w, https:\/\/koroush.co\/wp-content\/uploads\/2025\/08\/image-9-600x306.jpg 600w, https:\/\/koroush.co\/wp-content\/uploads\/2025\/08\/image-9-1024x523.jpg 1024w, https:\/\/koroush.co\/wp-content\/uploads\/2025\/08\/image-9-768x392.jpg 768w, https:\/\/koroush.co\/wp-content\/uploads\/2025\/08\/image-9-1536x784.jpg 1536w, https:\/\/koroush.co\/wp-content\/uploads\/2025\/08\/image-9.jpg 1600w\" sizes=\"(max-width: 664px) 100vw, 664px\" \/><\/p>\n","protected":false},"excerpt":{"rendered":"<p>AMAZON ORMANLARINDAN B\u0130R\u00c7OK \u00dcR\u00dcN SUNUYORUZKurutulmu\u015f aroeira yapraklar\u0131 ve otlar, kozmetik ve ila\u00e7lar\u0131n bile\u015fiminde kullan\u0131lan di\u011fer bitkiler.COPA\u0130BA YA\u011eI &#8211; %100 do\u011fal [&hellip;]<\/p>\n","protected":false},"featured_media":2503,"comment_status":"open","ping_status":"closed","template":"","meta":{"om_disable_all_campaigns":false,"site-sidebar-layout":"default","site-content-layout":"","ast-site-content-layout":"default","site-content-style":"default","site-sidebar-style":"default","ast-global-header-display":"","ast-banner-title-visibility":"","ast-main-header-display":"","ast-hfb-above-header-display":"","ast-hfb-below-header-display":"","ast-hfb-mobile-header-display":"","site-post-title":"","ast-breadcrumbs-content":"","ast-featured-img":"","footer-sml-layout":"","ast-disable-related-posts":"","theme-transparent-header-meta":"default","adv-header-id-meta":"","stick-header-meta":"","header-above-stick-meta":"","header-main-stick-meta":"","header-below-stick-meta":"","astra-migrate-meta-layouts":"default","ast-page-background-enabled":"default","ast-page-background-meta":{"desktop":{"background-color":"var(--ast-global-color-5)","background-image":"","background-repeat":"repeat","background-position":"center center","background-size":"auto","background-attachment":"scroll","background-type":"","background-media":"","overlay-type":"","overlay-color":"","overlay-opacity":"","overlay-gradient":""},"tablet":{"background-color":"","background-image":"","background-repeat":"repeat","background-position":"center center","background-size":"auto","background-attachment":"scroll","background-type":"","background-media":"","overlay-type":"","overlay-color":"","overlay-opacity":"","overlay-gradient":""},"mobile":{"background-color":"","background-image":"","background-repeat":"repeat","background-position":"center center","background-size":"auto","background-attachment":"scroll","background-type":"","background-media":"","overlay-type":"","overlay-color":"","overlay-opacity":"","overlay-gradient":""}},"ast-content-background-meta":{"desktop":{"background-color":"var(--ast-global-color-4)","background-image":"","background-repeat":"repeat","background-position":"center center","background-size":"auto","background-attachment":"scroll","background-type":"","background-media":"","overlay-type":"","overlay-color":"","overlay-opacity":"","overlay-gradient":""},"tablet":{"background-color":"var(--ast-global-color-4)","background-image":"","background-repeat":"repeat","background-position":"center center","background-size":"auto","background-attachment":"scroll","background-type":"","background-media":"","overlay-type":"","overlay-color":"","overlay-opacity":"","overlay-gradient":""},"mobile":{"background-color":"var(--ast-global-color-4)","background-image":"","background-repeat":"repeat","background-position":"center center","background-size":"auto","background-attachment":"scroll","background-type":"","background-media":"","overlay-type":"","overlay-color":"","overlay-opacity":"","overlay-gradient":""}}},"product_brand":[],"product_cat":[81,80],"product_tag":[],"class_list":{"0":"post-3220","1":"product","2":"type-product","3":"status-publish","4":"has-post-thumbnail","6":"product_cat-urun","7":"product_cat-urunler","8":"desktop-align-left","9":"tablet-align-left","10":"mobile-align-left","12":"first","13":"instock","14":"featured","15":"shipping-taxable","16":"product-type-simple"},"aioseo_notices":[],"_links":{"self":[{"href":"https:\/\/koroush.co\/tr\/wp-json\/wp\/v2\/product\/3220","targetHints":{"allow":["GET"]}}],"collection":[{"href":"https:\/\/koroush.co\/tr\/wp-json\/wp\/v2\/product"}],"about":[{"href":"https:\/\/koroush.co\/tr\/wp-json\/wp\/v2\/types\/product"}],"replies":[{"embeddable":true,"href":"https:\/\/koroush.co\/tr\/wp-json\/wp\/v2\/comments?post=3220"}],"wp:featuredmedia":[{"embeddable":true,"href":"https:\/\/koroush.co\/tr\/wp-json\/wp\/v2\/media\/2503"}],"wp:attachment":[{"href":"https:\/\/koroush.co\/tr\/wp-json\/wp\/v2\/media?parent=3220"}],"wp:term":[{"taxonomy":"product_brand","embeddable":true,"href":"https:\/\/koroush.co\/tr\/wp-json\/wp\/v2\/product_brand?post=3220"},{"taxonomy":"product_cat","embeddable":true,"href":"https:\/\/koroush.co\/tr\/wp-json\/wp\/v2\/product_cat?post=3220"},{"taxonomy":"product_tag","embeddable":true,"href":"https:\/\/koroush.co\/tr\/wp-json\/wp\/v2\/product_tag?post=3220"}],"curies":[{"name":"wp","href":"https:\/\/api.w.org\/{rel}","templated":true}]}}