{"id":3218,"date":"2025-08-29T12:37:03","date_gmt":"2025-08-29T12:37:03","guid":{"rendered":"https:\/\/koroush.co\/product\/brezilya-findigi\/"},"modified":"2025-08-29T12:37:03","modified_gmt":"2025-08-29T12:37:03","slug":"brezilya-findigi","status":"publish","type":"product","link":"https:\/\/koroush.co\/tr\/urun\/brezilya-findigi\/","title":{"rendered":"Brezilya F\u0131nd\u0131\u011f\u0131"},"content":{"rendered":"<p>GLUTATHIONE PEROXIDASE Y\u00dcKSEK \u0130\u00c7ER\u0130\u011e\u0130, G\u00dc\u00c7L\u00dc B\u0130R ANTIOKS\u0130DAN<\/p>\n<p>Brezilya f\u0131nd\u0131klar\u0131, ceviz, badem ve di\u011fer ya\u011fl\u0131 tohumlarla ayn\u0131 gruptan gelen tohumlard\u0131r. \u0130yi ya\u011flar, mineraller ve fitokimyasallar bak\u0131m\u0131ndan zengin olup y\u00fcksek besin de\u011ferine sahiptir. Bu f\u0131nd\u0131klar, \u00f6zellikle selenyum olmak \u00fczere bol miktarda antioksidan madde i\u00e7erir. Tek bir f\u0131nd\u0131k, yakla\u015f\u0131k 100 mcg selenyum sa\u011flar ve bu da \u00f6nerilen g\u00fcnl\u00fck dozan\u0131n %150&#8217;sine denk gelir. Kestaneler, fenolik bile\u015fikler ve flavonoidler i\u00e7erir ve E vitamini, fitosteroller ve squalene a\u00e7\u0131s\u0131ndan zengindir. Faydal\u0131 etkileri, ateroskleroz ve kanser riskini azaltan antioksidan ve antiproliferatif etkilerinden kaynaklanmaktad\u0131r. Brezilya f\u0131nd\u0131klar\u0131, kardiyovask\u00fcler sistem i\u00e7in iyidir, kolesterol\u00fc d\u00fc\u015f\u00fcrmeye, ba\u011f\u0131\u015f\u0131kl\u0131\u011f\u0131 art\u0131rmaya ve tiroid metabolizmas\u0131n\u0131 aktif hale getirmeye yard\u0131mc\u0131 olur.      <\/p>\n<p>Kan\u0131tlanm\u0131\u015f Faydalar<\/p>\n<p>Brezilya f\u0131nd\u0131klar\u0131, potasyum kayna\u011f\u0131d\u0131r. Bu besin maddesinin faydalar\u0131, kan bas\u0131nc\u0131n\u0131 kontrol etmekten kardiyovask\u00fcler hastal\u0131k riskini azaltmaya ve idrarda kalsiyum at\u0131l\u0131m\u0131n\u0131 azaltmaya kadar geni\u015f bir yelpazeye sahiptir. Ayr\u0131ca kemikler i\u00e7in faydal\u0131 olan fosfor i\u00e7erir. Y\u00fcksek Omega 9 ve glutathione peroksidaz i\u00e7eri\u011fi nedeniyle, Brezilya f\u0131nd\u0131klar\u0131, g\u00fc\u00e7l\u00fc antioksidanlar olarak \u00e7e\u015fitli sa\u011fl\u0131k faydalar\u0131 sunar.   <\/p>\n<p>\u2022 Ba\u011f\u0131\u015f\u0131kl\u0131k sistemini g\u00fc\u00e7lendirme;<\/p>\n<p>\u2022 Kardiyovask\u00fcler hastal\u0131klar\u0131 \u00f6nleme;<\/p>\n<p>\u2022 Kanser kar\u015f\u0131t\u0131 etki;<\/p>\n<p>\u2022 Tiroid metabolizmas\u0131n\u0131 aktive etme<\/p>\n<p><img fetchpriority=\"high\" decoding=\"async\" class=\"alignnone wp-image-2499\" style=\"font-weight: inherit;\" src=\"https:\/\/koroush.co\/wp-content\/uploads\/2025\/08\/image-8-300x155.jpg\" alt=\"\" width=\"819\" height=\"423\" srcset=\"https:\/\/koroush.co\/wp-content\/uploads\/2025\/08\/image-8-300x155.jpg 300w, https:\/\/koroush.co\/wp-content\/uploads\/2025\/08\/image-8-600x311.jpg 600w, https:\/\/koroush.co\/wp-content\/uploads\/2025\/08\/image-8-768x398.jpg 768w, https:\/\/koroush.co\/wp-content\/uploads\/2025\/08\/image-8-1536x796.jpg 1536w, https:\/\/koroush.co\/wp-content\/uploads\/2025\/08\/image-8.jpg 1600w\" sizes=\"(max-width: 819px) 100vw, 819px\" \/><\/p>\n","protected":false},"excerpt":{"rendered":"<p>GLUTATHIONE PEROXIDASE Y\u00dcKSEK \u0130\u00c7ER\u0130\u011e\u0130, G\u00dc\u00c7L\u00dc B\u0130R ANTIOKS\u0130DAN Brezilya f\u0131nd\u0131klar\u0131, ceviz, badem ve di\u011fer ya\u011fl\u0131 tohumlarla ayn\u0131 gruptan gelen tohumlard\u0131r. \u0130yi [&hellip;]<\/p>\n","protected":false},"featured_media":2500,"comment_status":"open","ping_status":"closed","template":"","meta":{"om_disable_all_campaigns":false,"site-sidebar-layout":"default","site-content-layout":"","ast-site-content-layout":"default","site-content-style":"default","site-sidebar-style":"default","ast-global-header-display":"","ast-banner-title-visibility":"","ast-main-header-display":"","ast-hfb-above-header-display":"","ast-hfb-below-header-display":"","ast-hfb-mobile-header-display":"","site-post-title":"","ast-breadcrumbs-content":"","ast-featured-img":"","footer-sml-layout":"","ast-disable-related-posts":"","theme-transparent-header-meta":"default","adv-header-id-meta":"","stick-header-meta":"","header-above-stick-meta":"","header-main-stick-meta":"","header-below-stick-meta":"","astra-migrate-meta-layouts":"default","ast-page-background-enabled":"default","ast-page-background-meta":{"desktop":{"background-color":"var(--ast-global-color-5)","background-image":"","background-repeat":"repeat","background-position":"center center","background-size":"auto","background-attachment":"scroll","background-type":"","background-media":"","overlay-type":"","overlay-color":"","overlay-opacity":"","overlay-gradient":""},"tablet":{"background-color":"","background-image":"","background-repeat":"repeat","background-position":"center center","background-size":"auto","background-attachment":"scroll","background-type":"","background-media":"","overlay-type":"","overlay-color":"","overlay-opacity":"","overlay-gradient":""},"mobile":{"background-color":"","background-image":"","background-repeat":"repeat","background-position":"center center","background-size":"auto","background-attachment":"scroll","background-type":"","background-media":"","overlay-type":"","overlay-color":"","overlay-opacity":"","overlay-gradient":""}},"ast-content-background-meta":{"desktop":{"background-color":"var(--ast-global-color-4)","background-image":"","background-repeat":"repeat","background-position":"center center","background-size":"auto","background-attachment":"scroll","background-type":"","background-media":"","overlay-type":"","overlay-color":"","overlay-opacity":"","overlay-gradient":""},"tablet":{"background-color":"var(--ast-global-color-4)","background-image":"","background-repeat":"repeat","background-position":"center center","background-size":"auto","background-attachment":"scroll","background-type":"","background-media":"","overlay-type":"","overlay-color":"","overlay-opacity":"","overlay-gradient":""},"mobile":{"background-color":"var(--ast-global-color-4)","background-image":"","background-repeat":"repeat","background-position":"center center","background-size":"auto","background-attachment":"scroll","background-type":"","background-media":"","overlay-type":"","overlay-color":"","overlay-opacity":"","overlay-gradient":""}}},"product_brand":[],"product_cat":[81,80],"product_tag":[],"class_list":{"0":"post-3218","1":"product","2":"type-product","3":"status-publish","4":"has-post-thumbnail","6":"product_cat-urun","7":"product_cat-urunler","8":"desktop-align-left","9":"tablet-align-left","10":"mobile-align-left","12":"first","13":"instock","14":"featured","15":"shipping-taxable","16":"product-type-simple"},"aioseo_notices":[],"_links":{"self":[{"href":"https:\/\/koroush.co\/tr\/wp-json\/wp\/v2\/product\/3218","targetHints":{"allow":["GET"]}}],"collection":[{"href":"https:\/\/koroush.co\/tr\/wp-json\/wp\/v2\/product"}],"about":[{"href":"https:\/\/koroush.co\/tr\/wp-json\/wp\/v2\/types\/product"}],"replies":[{"embeddable":true,"href":"https:\/\/koroush.co\/tr\/wp-json\/wp\/v2\/comments?post=3218"}],"wp:featuredmedia":[{"embeddable":true,"href":"https:\/\/koroush.co\/tr\/wp-json\/wp\/v2\/media\/2500"}],"wp:attachment":[{"href":"https:\/\/koroush.co\/tr\/wp-json\/wp\/v2\/media?parent=3218"}],"wp:term":[{"taxonomy":"product_brand","embeddable":true,"href":"https:\/\/koroush.co\/tr\/wp-json\/wp\/v2\/product_brand?post=3218"},{"taxonomy":"product_cat","embeddable":true,"href":"https:\/\/koroush.co\/tr\/wp-json\/wp\/v2\/product_cat?post=3218"},{"taxonomy":"product_tag","embeddable":true,"href":"https:\/\/koroush.co\/tr\/wp-json\/wp\/v2\/product_tag?post=3218"}],"curies":[{"name":"wp","href":"https:\/\/api.w.org\/{rel}","templated":true}]}}