{"id":3216,"date":"2025-08-29T12:31:55","date_gmt":"2025-08-29T12:31:55","guid":{"rendered":"https:\/\/koroush.co\/product\/anacarda-fistigi\/"},"modified":"2025-08-29T12:31:55","modified_gmt":"2025-08-29T12:31:55","slug":"anacarda-fistigi","status":"publish","type":"product","link":"https:\/\/koroush.co\/tr\/urun\/anacarda-fistigi\/","title":{"rendered":"Anacarda F\u0131st\u0131\u011f\u0131"},"content":{"rendered":"<p>SA\u011eLIKLI B\u0130R V\u00dcCUT \u0130\u00c7\u0130N \u00d6NEML\u0130 BES\u0130N DE\u011eERLER\u0130<\/p>\n<p>Anacarda f\u0131st\u0131\u011f\u0131, kalp i\u00e7in iyi ya\u011flar ve anemiye kar\u015f\u0131 koruyan, cilt, t\u0131rnak ve sa\u00e7 sa\u011fl\u0131\u011f\u0131n\u0131 iyile\u015ftiren magnezyum, demir ve \u00e7inko gibi mineraller bak\u0131m\u0131ndan zengindir. Kalp problemlerini \u00f6nlemenin yan\u0131 s\u0131ra, anacarda f\u0131st\u0131\u011f\u0131, antioksidan \u00f6zellikleri sayesinde kanseri ve erken ya\u015flanmay\u0131 \u00f6nlemeye yard\u0131mc\u0131 olur. G\u00fcnl\u00fck olarak 5 ila 20 adet kadar k\u00fc\u00e7\u00fck miktarlarda t\u00fcketilmelidir ve at\u0131\u015ft\u0131rmal\u0131klar, salatalar veya kek ve kraker gibi di\u011fer haz\u0131rlanm\u0131\u015f \u00fcr\u00fcnlerde i\u00e7erik olarak kullan\u0131labilir. Anacarda f\u0131st\u0131klar\u0131 ayr\u0131ca, yiyecek, meyve ve yo\u011furtlara eklenebilen un formunda da bulunabilir.   <\/p>\n<p>Kan\u0131tlanm\u0131\u015f Faydalar<\/p>\n<p>\u2022 Kalp hastal\u0131klar\u0131n\u0131n, kanserin ve erken ya\u015flanman\u0131n \u00f6nlenmesi, \u00e7\u00fcnk\u00fc selenyum ve E vitamini gibi antioksidanlar ve anti-inflamatuvarlar bak\u0131m\u0131ndan zengindir;<\/p>\n<p>\u2022 Kolesterol\u00fcn ve haf\u0131zan\u0131n iyile\u015ftirilmesi, mono ve \u00e7oklu doymam\u0131\u015f ya\u011flar sayesinde;<\/p>\n<p>\u2022 Kan bas\u0131nc\u0131n\u0131n, v\u00fccut a\u011fr\u0131lar\u0131n\u0131n, ba\u015f a\u011fr\u0131lar\u0131n\u0131n, migrenin ve kas yorgunlu\u011funun azalt\u0131lmas\u0131, \u00e7\u00fcnk\u00fc magnezyum a\u00e7\u0131s\u0131ndan iyi bir kaynakt\u0131r;<\/p>\n<p>\u2022 Ba\u011f\u0131\u015f\u0131kl\u0131k sisteminin g\u00fc\u00e7lendirilmesi, \u00e7\u00fcnk\u00fc \u00e7inko i\u00e7erir;<\/p>\n<p>\u2022 Osteoporozun \u00f6nlenmesi, \u00e7\u00fcnk\u00fc kalsiyumun emilmesine yard\u0131mc\u0131 olan ve kemik yap\u0131s\u0131nda bulunan fosfor i\u00e7erir;<\/p>\n<p>\u2022 Aneminin \u00f6nlenmesi ve tedavisi, \u00e7\u00fcnk\u00fc demir a\u00e7\u0131s\u0131ndan zengindir.<\/p>\n<p>\u2022 Cilt ve sa\u00e7 renginin korunmas\u0131, \u00e7\u00fcnk\u00fc bak\u0131r i\u00e7erir<\/p>\n<p><img fetchpriority=\"high\" decoding=\"async\" class=\"alignnone wp-image-2497\" src=\"https:\/\/koroush.co\/wp-content\/uploads\/2025\/08\/image-7-300x153.jpg\" alt=\"\" width=\"767\" height=\"391\" srcset=\"https:\/\/koroush.co\/wp-content\/uploads\/2025\/08\/image-7-300x153.jpg 300w, https:\/\/koroush.co\/wp-content\/uploads\/2025\/08\/image-7-600x307.jpg 600w, https:\/\/koroush.co\/wp-content\/uploads\/2025\/08\/image-7-1024x524.jpg 1024w, https:\/\/koroush.co\/wp-content\/uploads\/2025\/08\/image-7-768x393.jpg 768w, https:\/\/koroush.co\/wp-content\/uploads\/2025\/08\/image-7-1536x785.jpg 1536w, https:\/\/koroush.co\/wp-content\/uploads\/2025\/08\/image-7.jpg 1600w\" sizes=\"(max-width: 767px) 100vw, 767px\" \/><\/p>\n","protected":false},"excerpt":{"rendered":"<p>SA\u011eLIKLI B\u0130R V\u00dcCUT \u0130\u00c7\u0130N \u00d6NEML\u0130 BES\u0130N DE\u011eERLER\u0130 Anacarda f\u0131st\u0131\u011f\u0131, kalp i\u00e7in iyi ya\u011flar ve anemiye kar\u015f\u0131 koruyan, cilt, t\u0131rnak ve [&hellip;]<\/p>\n","protected":false},"featured_media":2496,"comment_status":"open","ping_status":"closed","template":"","meta":{"om_disable_all_campaigns":false,"site-sidebar-layout":"default","site-content-layout":"","ast-site-content-layout":"default","site-content-style":"default","site-sidebar-style":"default","ast-global-header-display":"","ast-banner-title-visibility":"","ast-main-header-display":"","ast-hfb-above-header-display":"","ast-hfb-below-header-display":"","ast-hfb-mobile-header-display":"","site-post-title":"","ast-breadcrumbs-content":"","ast-featured-img":"","footer-sml-layout":"","ast-disable-related-posts":"","theme-transparent-header-meta":"default","adv-header-id-meta":"","stick-header-meta":"","header-above-stick-meta":"","header-main-stick-meta":"","header-below-stick-meta":"","astra-migrate-meta-layouts":"default","ast-page-background-enabled":"default","ast-page-background-meta":{"desktop":{"background-color":"var(--ast-global-color-5)","background-image":"","background-repeat":"repeat","background-position":"center center","background-size":"auto","background-attachment":"scroll","background-type":"","background-media":"","overlay-type":"","overlay-color":"","overlay-opacity":"","overlay-gradient":""},"tablet":{"background-color":"","background-image":"","background-repeat":"repeat","background-position":"center center","background-size":"auto","background-attachment":"scroll","background-type":"","background-media":"","overlay-type":"","overlay-color":"","overlay-opacity":"","overlay-gradient":""},"mobile":{"background-color":"","background-image":"","background-repeat":"repeat","background-position":"center center","background-size":"auto","background-attachment":"scroll","background-type":"","background-media":"","overlay-type":"","overlay-color":"","overlay-opacity":"","overlay-gradient":""}},"ast-content-background-meta":{"desktop":{"background-color":"var(--ast-global-color-4)","background-image":"","background-repeat":"repeat","background-position":"center center","background-size":"auto","background-attachment":"scroll","background-type":"","background-media":"","overlay-type":"","overlay-color":"","overlay-opacity":"","overlay-gradient":""},"tablet":{"background-color":"var(--ast-global-color-4)","background-image":"","background-repeat":"repeat","background-position":"center center","background-size":"auto","background-attachment":"scroll","background-type":"","background-media":"","overlay-type":"","overlay-color":"","overlay-opacity":"","overlay-gradient":""},"mobile":{"background-color":"var(--ast-global-color-4)","background-image":"","background-repeat":"repeat","background-position":"center center","background-size":"auto","background-attachment":"scroll","background-type":"","background-media":"","overlay-type":"","overlay-color":"","overlay-opacity":"","overlay-gradient":""}}},"product_brand":[],"product_cat":[81,80],"product_tag":[],"class_list":{"0":"post-3216","1":"product","2":"type-product","3":"status-publish","4":"has-post-thumbnail","6":"product_cat-urun","7":"product_cat-urunler","8":"desktop-align-left","9":"tablet-align-left","10":"mobile-align-left","12":"first","13":"instock","14":"featured","15":"shipping-taxable","16":"product-type-simple"},"aioseo_notices":[],"_links":{"self":[{"href":"https:\/\/koroush.co\/tr\/wp-json\/wp\/v2\/product\/3216","targetHints":{"allow":["GET"]}}],"collection":[{"href":"https:\/\/koroush.co\/tr\/wp-json\/wp\/v2\/product"}],"about":[{"href":"https:\/\/koroush.co\/tr\/wp-json\/wp\/v2\/types\/product"}],"replies":[{"embeddable":true,"href":"https:\/\/koroush.co\/tr\/wp-json\/wp\/v2\/comments?post=3216"}],"wp:featuredmedia":[{"embeddable":true,"href":"https:\/\/koroush.co\/tr\/wp-json\/wp\/v2\/media\/2496"}],"wp:attachment":[{"href":"https:\/\/koroush.co\/tr\/wp-json\/wp\/v2\/media?parent=3216"}],"wp:term":[{"taxonomy":"product_brand","embeddable":true,"href":"https:\/\/koroush.co\/tr\/wp-json\/wp\/v2\/product_brand?post=3216"},{"taxonomy":"product_cat","embeddable":true,"href":"https:\/\/koroush.co\/tr\/wp-json\/wp\/v2\/product_cat?post=3216"},{"taxonomy":"product_tag","embeddable":true,"href":"https:\/\/koroush.co\/tr\/wp-json\/wp\/v2\/product_tag?post=3216"}],"curies":[{"name":"wp","href":"https:\/\/api.w.org\/{rel}","templated":true}]}}