{"id":3213,"date":"2025-08-27T10:03:58","date_gmt":"2025-08-27T10:03:58","guid":{"rendered":"https:\/\/koroush.co\/product\/propolis\/"},"modified":"2025-08-27T10:03:58","modified_gmt":"2025-08-27T10:03:58","slug":"propolis","status":"publish","type":"product","link":"https:\/\/koroush.co\/tr\/urun\/propolis\/","title":{"rendered":"Propolis"},"content":{"rendered":"<p>Propolis, ar\u0131lar taraf\u0131ndan \u00fcretilen re\u00e7ineli do\u011fal bir madde olup, rengi, tad\u0131 ve aromas\u0131, bitkisel k\u00f6kenine ba\u011fl\u0131d\u0131r. Propolis, iltihaplanmay\u0131 \u00f6nlemek, yaralar\u0131 tedavi etmek ve bo\u011faz enfeksiyonlar\u0131n\u0131 iyile\u015ftirmek i\u00e7in kullan\u0131lan do\u011fal bir antibiyotiktir. Ara\u015ft\u0131rmalar ayr\u0131ca baz\u0131 aktif bile\u015fiklerinin ba\u011f\u0131\u015f\u0131kl\u0131k uyar\u0131c\u0131 ve antit\u00fcm\u00f6r etkisi g\u00f6sterdi\u011fini belirtmektedir. Propolisin etkinli\u011fi, halk aras\u0131nda inan\u0131lan\u0131n \u00e7ok \u00f6tesine ge\u00e7mektedir. \u0130nsan v\u00fccudu i\u00e7in ilgin\u00e7 olan maddeler bak\u0131m\u0131ndan zengin oldu\u011fu bilimsel olarak kan\u0131tlanm\u0131\u015ft\u0131r, bunlar aras\u0131nda flavonoidler ve fenolik bile\u015fikler \u00f6ne \u00e7\u0131kar.     <\/p>\n<p>Bu bile\u015fikler, propolisin antioksidan ve anti-enflamatuar etkiler g\u00f6stermesini sa\u011flar, h\u00fccre ya\u015flanmas\u0131n\u0131 yava\u015flat\u0131r, yaralar\u0131n iyile\u015fmesini iyile\u015ftirir ve ba\u011f\u0131\u015f\u0131kl\u0131k sistemini art\u0131rarak mikroorganizmalarla m\u00fccadele eder. Uzmanlar, propolisin \u00e7ok \u00e7e\u015fitli hastal\u0131klar\u0131 ve enfeksiyonlar\u0131 tedavi etmek i\u00e7in kullan\u0131labilece\u011fini ve kullan\u0131lmal\u0131d\u0131r oldu\u011funu belirtmektedir. Bakteriostatik ve bakterisit \u00f6zellikleri sayesinde, bakterileri hareketsiz hale getirir ve \u00f6ld\u00fcr\u00fcr. Propolis spreylerinin, hafif bo\u011faz veya g\u0131rtlak enfeksiyonlar\u0131 ve tahri\u015flerinde yayg\u0131n olarak kullan\u0131ld\u0131\u011f\u0131 bilinmektedir.   <\/p>\n<p>&nbsp;<\/p>\n<p>KOROUSH, ye\u015fil propolis \u00fcretmek i\u00e7in en iyi bitki olarak kabul edilen, yerel kekik bitkisinin bulundu\u011fu ayr\u0131cal\u0131kl\u0131 bir b\u00f6lgede ar\u0131 kutular\u0131na sahiptir. \u00dcst\u00fcn kaliteli propolisin t\u00fcm \u00e7e\u015fitlerini sunuyoruz:<br \/>\u2022 Extra Green;<br \/>\u2022 Super Green;<br \/>\u2022 Green and Brown.<br \/>Brezilya&#8217;n\u0131n b\u00fcy\u00fck biyolojik \u00e7e\u015fitlili\u011fi nedeniyle, farkl\u0131 b\u00f6lgelerden gelen propoliste farkl\u0131 kimyasal ve biyolojik bile\u015fimler bulunmaktad\u0131r.  <\/p>\n<p>&nbsp;<\/p>\n<p><img fetchpriority=\"high\" decoding=\"async\" class=\"alignnone wp-image-2409\" src=\"https:\/\/koroush.co\/wp-content\/uploads\/2025\/08\/image-6-300x155.jpg\" alt=\"\" width=\"865\" height=\"447\" srcset=\"https:\/\/koroush.co\/wp-content\/uploads\/2025\/08\/image-6-300x155.jpg 300w, https:\/\/koroush.co\/wp-content\/uploads\/2025\/08\/image-6-600x311.jpg 600w, https:\/\/koroush.co\/wp-content\/uploads\/2025\/08\/image-6-768x398.jpg 768w, https:\/\/koroush.co\/wp-content\/uploads\/2025\/08\/image-6-1536x796.jpg 1536w, https:\/\/koroush.co\/wp-content\/uploads\/2025\/08\/image-6.jpg 1600w\" sizes=\"(max-width: 865px) 100vw, 865px\" \/><\/p>\n","protected":false},"excerpt":{"rendered":"<p>Propolis, ar\u0131lar taraf\u0131ndan \u00fcretilen re\u00e7ineli do\u011fal bir madde olup, rengi, tad\u0131 ve aromas\u0131, bitkisel k\u00f6kenine ba\u011fl\u0131d\u0131r. Propolis, iltihaplanmay\u0131 \u00f6nlemek, yaralar\u0131 [&hellip;]<\/p>\n","protected":false},"featured_media":2421,"comment_status":"open","ping_status":"closed","template":"","meta":{"om_disable_all_campaigns":false,"site-sidebar-layout":"default","site-content-layout":"","ast-site-content-layout":"default","site-content-style":"default","site-sidebar-style":"default","ast-global-header-display":"","ast-banner-title-visibility":"","ast-main-header-display":"","ast-hfb-above-header-display":"","ast-hfb-below-header-display":"","ast-hfb-mobile-header-display":"","site-post-title":"","ast-breadcrumbs-content":"","ast-featured-img":"","footer-sml-layout":"","ast-disable-related-posts":"","theme-transparent-header-meta":"default","adv-header-id-meta":"","stick-header-meta":"","header-above-stick-meta":"","header-main-stick-meta":"","header-below-stick-meta":"","astra-migrate-meta-layouts":"default","ast-page-background-enabled":"default","ast-page-background-meta":{"desktop":{"background-color":"var(--ast-global-color-5)","background-image":"","background-repeat":"repeat","background-position":"center center","background-size":"auto","background-attachment":"scroll","background-type":"","background-media":"","overlay-type":"","overlay-color":"","overlay-opacity":"","overlay-gradient":""},"tablet":{"background-color":"","background-image":"","background-repeat":"repeat","background-position":"center center","background-size":"auto","background-attachment":"scroll","background-type":"","background-media":"","overlay-type":"","overlay-color":"","overlay-opacity":"","overlay-gradient":""},"mobile":{"background-color":"","background-image":"","background-repeat":"repeat","background-position":"center center","background-size":"auto","background-attachment":"scroll","background-type":"","background-media":"","overlay-type":"","overlay-color":"","overlay-opacity":"","overlay-gradient":""}},"ast-content-background-meta":{"desktop":{"background-color":"var(--ast-global-color-4)","background-image":"","background-repeat":"repeat","background-position":"center center","background-size":"auto","background-attachment":"scroll","background-type":"","background-media":"","overlay-type":"","overlay-color":"","overlay-opacity":"","overlay-gradient":""},"tablet":{"background-color":"var(--ast-global-color-4)","background-image":"","background-repeat":"repeat","background-position":"center center","background-size":"auto","background-attachment":"scroll","background-type":"","background-media":"","overlay-type":"","overlay-color":"","overlay-opacity":"","overlay-gradient":""},"mobile":{"background-color":"var(--ast-global-color-4)","background-image":"","background-repeat":"repeat","background-position":"center center","background-size":"auto","background-attachment":"scroll","background-type":"","background-media":"","overlay-type":"","overlay-color":"","overlay-opacity":"","overlay-gradient":""}}},"product_brand":[],"product_cat":[81,80],"product_tag":[],"class_list":{"0":"post-3213","1":"product","2":"type-product","3":"status-publish","4":"has-post-thumbnail","6":"product_cat-urun","7":"product_cat-urunler","8":"desktop-align-left","9":"tablet-align-left","10":"mobile-align-left","12":"first","13":"instock","14":"featured","15":"shipping-taxable","16":"product-type-simple"},"aioseo_notices":[],"_links":{"self":[{"href":"https:\/\/koroush.co\/tr\/wp-json\/wp\/v2\/product\/3213","targetHints":{"allow":["GET"]}}],"collection":[{"href":"https:\/\/koroush.co\/tr\/wp-json\/wp\/v2\/product"}],"about":[{"href":"https:\/\/koroush.co\/tr\/wp-json\/wp\/v2\/types\/product"}],"replies":[{"embeddable":true,"href":"https:\/\/koroush.co\/tr\/wp-json\/wp\/v2\/comments?post=3213"}],"wp:featuredmedia":[{"embeddable":true,"href":"https:\/\/koroush.co\/tr\/wp-json\/wp\/v2\/media\/2421"}],"wp:attachment":[{"href":"https:\/\/koroush.co\/tr\/wp-json\/wp\/v2\/media?parent=3213"}],"wp:term":[{"taxonomy":"product_brand","embeddable":true,"href":"https:\/\/koroush.co\/tr\/wp-json\/wp\/v2\/product_brand?post=3213"},{"taxonomy":"product_cat","embeddable":true,"href":"https:\/\/koroush.co\/tr\/wp-json\/wp\/v2\/product_cat?post=3213"},{"taxonomy":"product_tag","embeddable":true,"href":"https:\/\/koroush.co\/tr\/wp-json\/wp\/v2\/product_tag?post=3213"}],"curies":[{"name":"wp","href":"https:\/\/api.w.org\/{rel}","templated":true}]}}