{"id":3210,"date":"2025-08-27T09:42:13","date_gmt":"2025-08-27T09:42:13","guid":{"rendered":"https:\/\/koroush.co\/product\/bal\/"},"modified":"2025-08-27T09:42:13","modified_gmt":"2025-08-27T09:42:13","slug":"bal","status":"publish","type":"product","link":"https:\/\/koroush.co\/tr\/urun\/bal\/","title":{"rendered":"Bal"},"content":{"rendered":"<p>ORGAN\u0130K \u00dcRET\u0130M, S\u00dcRD\u00dcR\u00dcLEB\u0130L\u0130R YET\u0130\u015eT\u0130RMEYE SAYGI<\/p>\n<p>Bal, t\u00fcm insanl\u0131\u011f\u0131n medeniyetin ba\u015flang\u0131c\u0131ndan beri bildi\u011fi bir g\u0131dad\u0131r. \u015eifal\u0131 ve besleyici \u00f6zelliklere sahip efsanevi bir g\u0131da olarak kabul edilir. Bal, bir\u00e7ok hastal\u0131\u011fa kar\u015f\u0131 do\u011fal ila\u00e7lar\u0131n ana bile\u015fenlerinden biri olarak kar\u015f\u0131m\u0131za \u00e7\u0131kar. Bal, yaln\u0131zca y\u00fcksek enerjik etkisiyle de\u011fil, ayn\u0131 zamanda v\u00fccudun fonksiyonlar\u0131n\u0131 iyile\u015ftiren enzimler, vitaminler ve temel elementlerin varl\u0131\u011f\u0131 sayesinde insan \u00f6mr\u00fcyle yak\u0131ndan ili\u015fkilidir ve orto-molek\u00fcler t\u0131p taraf\u0131ndan b\u00fcy\u00fck takdir edilmektedir.   <\/p>\n<p>Rengi ve tad\u0131, \u00fcretiminde kullan\u0131lan \u00e7i\u00e7eklenmenin bask\u0131nl\u0131\u011f\u0131na ba\u011fl\u0131d\u0131r. A\u00e7\u0131k renkli ballar, daha hafif bir tada ve aroma sahip olup, portakal bah\u00e7elerinde \u00fcretilenler gibi, y\u00fcksek piyasa fiyat\u0131na sahiptir. \u00d6te yandan, koyu renkli ballar daha besleyicidir ve proteinler ve mineraller bak\u0131m\u0131ndan daha zengindir.  <\/p>\n<p>KOROUSH, yaln\u0131zca s\u00fcrd\u00fcr\u00fclebilir tar\u0131mdan elde edilen organik bal tedarik etmektedir ve bu tar\u0131m \u00e7evre dostu teknikler uygulamaktad\u0131r. Sat\u0131\u015f\u0131n\u0131 yapt\u0131\u011f\u0131m\u0131z bal\u0131 sanayilere, s\u00fcpermarketlere, bakkallara, f\u0131r\u0131nlara ve do\u011fal \u00fcr\u00fcn ma\u011fazalar\u0131na al\u0131r, i\u015fler ve paketleriz. <\/p>\n<p>&nbsp;<\/p>\n<p>Bal\u0131n tatl\u0131 tad\u0131, onu harika bir \u015feker alternatifi yapar. Karbonhidrat bak\u0131m\u0131ndan zengin oldu\u011fu i\u00e7in h\u0131zl\u0131 bir enerji kayna\u011f\u0131d\u0131r.  <\/p>\n<p>\u2022 Bo\u011faz<\/p>\n<p>\u2022 Ba\u011f\u0131rsak<\/p>\n<p>\u2022 Solunum yolu<\/p>\n<p>\u2022 Cilt<\/p>\n<p>\u2022 \u0130drar yolu enfeksiyonu<\/p>\n<p>\u2022 Uyku<\/p>\n<p>Bal, <strong>bir ya\u015f\u0131n alt\u0131ndaki<\/strong> \u00e7ocuklar i\u00e7in \u00f6nerilmez. Ayr\u0131ca, \u015feker i\u00e7eri\u011fi y\u00fcksek oldu\u011fu i\u00e7in diyabet hastalar\u0131nda kontrendike edilmi\u015ftir. <\/p>\n","protected":false},"excerpt":{"rendered":"<p>ORGAN\u0130K \u00dcRET\u0130M, S\u00dcRD\u00dcR\u00dcLEB\u0130L\u0130R YET\u0130\u015eT\u0130RMEYE SAYGI Bal, t\u00fcm insanl\u0131\u011f\u0131n medeniyetin ba\u015flang\u0131c\u0131ndan beri bildi\u011fi bir g\u0131dad\u0131r. \u015eifal\u0131 ve besleyici \u00f6zelliklere sahip efsanevi [&hellip;]<\/p>\n","protected":false},"featured_media":2406,"comment_status":"open","ping_status":"closed","template":"","meta":{"om_disable_all_campaigns":false,"site-sidebar-layout":"default","site-content-layout":"","ast-site-content-layout":"default","site-content-style":"default","site-sidebar-style":"default","ast-global-header-display":"","ast-banner-title-visibility":"","ast-main-header-display":"","ast-hfb-above-header-display":"","ast-hfb-below-header-display":"","ast-hfb-mobile-header-display":"","site-post-title":"","ast-breadcrumbs-content":"","ast-featured-img":"","footer-sml-layout":"","ast-disable-related-posts":"","theme-transparent-header-meta":"default","adv-header-id-meta":"","stick-header-meta":"","header-above-stick-meta":"","header-main-stick-meta":"","header-below-stick-meta":"","astra-migrate-meta-layouts":"default","ast-page-background-enabled":"default","ast-page-background-meta":{"desktop":{"background-color":"var(--ast-global-color-5)","background-image":"","background-repeat":"repeat","background-position":"center center","background-size":"auto","background-attachment":"scroll","background-type":"","background-media":"","overlay-type":"","overlay-color":"","overlay-opacity":"","overlay-gradient":""},"tablet":{"background-color":"","background-image":"","background-repeat":"repeat","background-position":"center center","background-size":"auto","background-attachment":"scroll","background-type":"","background-media":"","overlay-type":"","overlay-color":"","overlay-opacity":"","overlay-gradient":""},"mobile":{"background-color":"","background-image":"","background-repeat":"repeat","background-position":"center center","background-size":"auto","background-attachment":"scroll","background-type":"","background-media":"","overlay-type":"","overlay-color":"","overlay-opacity":"","overlay-gradient":""}},"ast-content-background-meta":{"desktop":{"background-color":"var(--ast-global-color-4)","background-image":"","background-repeat":"repeat","background-position":"center center","background-size":"auto","background-attachment":"scroll","background-type":"","background-media":"","overlay-type":"","overlay-color":"","overlay-opacity":"","overlay-gradient":""},"tablet":{"background-color":"var(--ast-global-color-4)","background-image":"","background-repeat":"repeat","background-position":"center center","background-size":"auto","background-attachment":"scroll","background-type":"","background-media":"","overlay-type":"","overlay-color":"","overlay-opacity":"","overlay-gradient":""},"mobile":{"background-color":"var(--ast-global-color-4)","background-image":"","background-repeat":"repeat","background-position":"center center","background-size":"auto","background-attachment":"scroll","background-type":"","background-media":"","overlay-type":"","overlay-color":"","overlay-opacity":"","overlay-gradient":""}}},"product_brand":[],"product_cat":[81,80],"product_tag":[],"class_list":{"0":"post-3210","1":"product","2":"type-product","3":"status-publish","4":"has-post-thumbnail","6":"product_cat-urun","7":"product_cat-urunler","8":"desktop-align-left","9":"tablet-align-left","10":"mobile-align-left","12":"first","13":"instock","14":"featured","15":"shipping-taxable","16":"product-type-simple"},"aioseo_notices":[],"_links":{"self":[{"href":"https:\/\/koroush.co\/tr\/wp-json\/wp\/v2\/product\/3210","targetHints":{"allow":["GET"]}}],"collection":[{"href":"https:\/\/koroush.co\/tr\/wp-json\/wp\/v2\/product"}],"about":[{"href":"https:\/\/koroush.co\/tr\/wp-json\/wp\/v2\/types\/product"}],"replies":[{"embeddable":true,"href":"https:\/\/koroush.co\/tr\/wp-json\/wp\/v2\/comments?post=3210"}],"wp:featuredmedia":[{"embeddable":true,"href":"https:\/\/koroush.co\/tr\/wp-json\/wp\/v2\/media\/2406"}],"wp:attachment":[{"href":"https:\/\/koroush.co\/tr\/wp-json\/wp\/v2\/media?parent=3210"}],"wp:term":[{"taxonomy":"product_brand","embeddable":true,"href":"https:\/\/koroush.co\/tr\/wp-json\/wp\/v2\/product_brand?post=3210"},{"taxonomy":"product_cat","embeddable":true,"href":"https:\/\/koroush.co\/tr\/wp-json\/wp\/v2\/product_cat?post=3210"},{"taxonomy":"product_tag","embeddable":true,"href":"https:\/\/koroush.co\/tr\/wp-json\/wp\/v2\/product_tag?post=3210"}],"curies":[{"name":"wp","href":"https:\/\/api.w.org\/{rel}","templated":true}]}}