{"id":3208,"date":"2025-08-27T09:36:58","date_gmt":"2025-08-27T09:36:58","guid":{"rendered":"https:\/\/koroush.co\/product\/maden-suyu\/"},"modified":"2025-08-27T09:36:58","modified_gmt":"2025-08-27T09:36:58","slug":"maden-suyu","status":"publish","type":"product","link":"https:\/\/koroush.co\/tr\/urun\/maden-suyu\/","title":{"rendered":"Maden Suyu"},"content":{"rendered":"<p>ULUSAL VE ULUSLARARASI KURULU\u015eLAR TARAFINDAN KAL\u0130TE BELGELEND\u0130RMES\u0130<\/p>\n<p>Suyumuz, \u00e7\u0131kar\u0131lmas\u0131ndan hammadde teminine kadar olan s\u00fcre\u00e7 boyunca s\u0131k\u0131 bir kalite politikas\u0131na sahiptir ve t\u00fcm t\u00fcketicilere g\u00fcvenlik sa\u011flamay\u0131 ama\u00e7lar.<br \/>\u00c7\u0131karma: Su, 120 metre derinlikten, g\u0131da s\u0131n\u0131f\u0131 paslanmaz \u00e7elik pompalar arac\u0131l\u0131\u011f\u0131yla al\u0131n\u0131r. Suyla ge\u00e7en t\u00fcm borular da g\u0131da s\u0131n\u0131f\u0131 paslanmaz \u00e7elikten yap\u0131lm\u0131\u015ft\u0131r ve s\u0131zd\u0131rmazl\u0131klar, g\u0131da end\u00fcstrisi i\u00e7in uygun, toksik olmayan silikonla yap\u0131lmaktad\u0131r. Rezervuar \u00f6ncesinde ve sonras\u0131nda partik\u00fcl tutma filtreleri vard\u0131r.<br \/>\u015ei\u015feleme: Yeni re\u00e7ine ile \u00fcretilmi\u015f preformlar kullan\u0131l\u0131r. \u015ei\u015feler i\u00e7ten \u00fcflenir ve ard\u0131ndan doldurulmak \u00fczere y\u00f6nlendirilir.     <\/p>\n<p>Doldurma: Ekipmanlar tamamen otomatik olup, manuel temasa izin verilmez. \u015ei\u015feler, g\u0131da s\u0131n\u0131f\u0131 paslanmaz \u00e7elik pompa ile bas\u0131n\u00e7land\u0131r\u0131lm\u0131\u015f do\u011fal maden suyu ile durulan\u0131r (patlat\u0131l\u0131r) ve ard\u0131ndan ayn\u0131 makine i\u00e7inde otomatik olarak doldurulup kapat\u0131l\u0131r. Bu i\u015flem, pozitif bas\u0131nca sahip \u00f6zel dolum odalar\u0131nda ger\u00e7ekle\u015fir ve i\u00e7 mekan\u0131n steril olmas\u0131n\u0131 sa\u011flar   <\/p>\n<p>Ar\u0131tma: Kapa\u011f\u0131n depoland\u0131\u011f\u0131 odalar, pozitif bas\u0131n\u00e7, filtrelenmi\u015f hava ve ultraviyole lambalar\u0131 ile donat\u0131lm\u0131\u015ft\u0131r, b\u00f6ylece alan\u0131n ve girdinin tam sterilizasyonu sa\u011flan\u0131r.<br \/>Sterilizasyon: Borular\u0131n sterilizasyonu, sa\u011fl\u0131k ve \u00e7evreye zararl\u0131 hi\u00e7bir kal\u0131nt\u0131 b\u0131rakmayacak \u015fekilde, en geli\u015fmi\u015f teknolojiyle periyodik olarak yap\u0131l\u0131r.<br \/>Tedarik\u00e7iler: Girdi tedarik\u00e7ilerinin se\u00e7imi, 21 Ekim 2002 tarihli RDC n\u00b0 275 say\u0131l\u0131 Kararname ile belirlenen prosed\u00fcre g\u00f6re yap\u0131l\u0131r; bu kararname, G\u0131da \u00dcretim\/End\u00fcstrile\u015ftirme Kurulu\u015flar\u0131na Uygulanan Standart \u0130\u015flem Prosed\u00fcrlerinin Teknik Y\u00f6netmeli\u011fini sa\u011flar ve yaln\u0131zca derecelendirilmi\u015f ve nitelikli firmalar\u0131n \u00fcr\u00fcn tedarik edebilece\u011fini belirtir. Ayr\u0131ca, girdi tedarik\u00e7ileri (preformlar, kapaklar ve etiketler) pazar liderleri olup, uluslararas\u0131 alanda tan\u0131nan kalite ve prosed\u00fcr sertifikalar\u0131na sahiptirler.  <\/p>\n","protected":false},"excerpt":{"rendered":"<p>ULUSAL VE ULUSLARARASI KURULU\u015eLAR TARAFINDAN KAL\u0130TE BELGELEND\u0130RMES\u0130 Suyumuz, \u00e7\u0131kar\u0131lmas\u0131ndan hammadde teminine kadar olan s\u00fcre\u00e7 boyunca s\u0131k\u0131 bir kalite politikas\u0131na sahiptir [&hellip;]<\/p>\n","protected":false},"featured_media":2404,"comment_status":"open","ping_status":"closed","template":"","meta":{"om_disable_all_campaigns":false,"site-sidebar-layout":"default","site-content-layout":"","ast-site-content-layout":"default","site-content-style":"default","site-sidebar-style":"default","ast-global-header-display":"","ast-banner-title-visibility":"","ast-main-header-display":"","ast-hfb-above-header-display":"","ast-hfb-below-header-display":"","ast-hfb-mobile-header-display":"","site-post-title":"","ast-breadcrumbs-content":"","ast-featured-img":"","footer-sml-layout":"","ast-disable-related-posts":"","theme-transparent-header-meta":"default","adv-header-id-meta":"","stick-header-meta":"","header-above-stick-meta":"","header-main-stick-meta":"","header-below-stick-meta":"","astra-migrate-meta-layouts":"default","ast-page-background-enabled":"default","ast-page-background-meta":{"desktop":{"background-color":"var(--ast-global-color-5)","background-image":"","background-repeat":"repeat","background-position":"center center","background-size":"auto","background-attachment":"scroll","background-type":"","background-media":"","overlay-type":"","overlay-color":"","overlay-opacity":"","overlay-gradient":""},"tablet":{"background-color":"","background-image":"","background-repeat":"repeat","background-position":"center center","background-size":"auto","background-attachment":"scroll","background-type":"","background-media":"","overlay-type":"","overlay-color":"","overlay-opacity":"","overlay-gradient":""},"mobile":{"background-color":"","background-image":"","background-repeat":"repeat","background-position":"center center","background-size":"auto","background-attachment":"scroll","background-type":"","background-media":"","overlay-type":"","overlay-color":"","overlay-opacity":"","overlay-gradient":""}},"ast-content-background-meta":{"desktop":{"background-color":"var(--ast-global-color-4)","background-image":"","background-repeat":"repeat","background-position":"center center","background-size":"auto","background-attachment":"scroll","background-type":"","background-media":"","overlay-type":"","overlay-color":"","overlay-opacity":"","overlay-gradient":""},"tablet":{"background-color":"var(--ast-global-color-4)","background-image":"","background-repeat":"repeat","background-position":"center center","background-size":"auto","background-attachment":"scroll","background-type":"","background-media":"","overlay-type":"","overlay-color":"","overlay-opacity":"","overlay-gradient":""},"mobile":{"background-color":"var(--ast-global-color-4)","background-image":"","background-repeat":"repeat","background-position":"center center","background-size":"auto","background-attachment":"scroll","background-type":"","background-media":"","overlay-type":"","overlay-color":"","overlay-opacity":"","overlay-gradient":""}}},"product_brand":[],"product_cat":[81,80],"product_tag":[],"class_list":{"0":"post-3208","1":"product","2":"type-product","3":"status-publish","4":"has-post-thumbnail","6":"product_cat-urun","7":"product_cat-urunler","8":"desktop-align-left","9":"tablet-align-left","10":"mobile-align-left","12":"first","13":"instock","14":"featured","15":"shipping-taxable","16":"product-type-simple"},"aioseo_notices":[],"_links":{"self":[{"href":"https:\/\/koroush.co\/tr\/wp-json\/wp\/v2\/product\/3208","targetHints":{"allow":["GET"]}}],"collection":[{"href":"https:\/\/koroush.co\/tr\/wp-json\/wp\/v2\/product"}],"about":[{"href":"https:\/\/koroush.co\/tr\/wp-json\/wp\/v2\/types\/product"}],"replies":[{"embeddable":true,"href":"https:\/\/koroush.co\/tr\/wp-json\/wp\/v2\/comments?post=3208"}],"wp:featuredmedia":[{"embeddable":true,"href":"https:\/\/koroush.co\/tr\/wp-json\/wp\/v2\/media\/2404"}],"wp:attachment":[{"href":"https:\/\/koroush.co\/tr\/wp-json\/wp\/v2\/media?parent=3208"}],"wp:term":[{"taxonomy":"product_brand","embeddable":true,"href":"https:\/\/koroush.co\/tr\/wp-json\/wp\/v2\/product_brand?post=3208"},{"taxonomy":"product_cat","embeddable":true,"href":"https:\/\/koroush.co\/tr\/wp-json\/wp\/v2\/product_cat?post=3208"},{"taxonomy":"product_tag","embeddable":true,"href":"https:\/\/koroush.co\/tr\/wp-json\/wp\/v2\/product_tag?post=3208"}],"curies":[{"name":"wp","href":"https:\/\/api.w.org\/{rel}","templated":true}]}}