{"id":3205,"date":"2025-08-27T09:34:44","date_gmt":"2025-08-27T09:34:44","guid":{"rendered":"https:\/\/koroush.co\/product\/guarana-tozu\/"},"modified":"2025-08-27T09:34:44","modified_gmt":"2025-08-27T09:34:44","slug":"guarana-tozu","status":"publish","type":"product","link":"https:\/\/koroush.co\/tr\/urun\/guarana-tozu\/","title":{"rendered":"Guarana Tozu"},"content":{"rendered":"<p>G\u00dc\u00c7L\u00dc DO\u011eAL ANT\u0130B\u0130YOT\u0130K<\/p>\n<p>Guarana meyvesi, kafein a\u00e7\u0131s\u0131ndan zengindir. Uyar\u0131c\u0131 \u00f6zelliklere sahip tozlar, \u015furuplar, gazl\u0131 i\u00e7ecekler ve barlar \u00fcretmek i\u00e7in yayg\u0131n olarak kullan\u0131l\u0131r. Kafeinin yan\u0131 s\u0131ra, guarana kalsiyum, fosfor, demir, A vitamini, ni\u015fasta, kate\u015fin, potasyum, \u015fekerler, tanenler, teofilin, teobromin, proteinler ve tiamin i\u00e7erir. Suda \u00e7\u00f6z\u00fcnebilen toz, guaranan\u0131n t\u00fcm sa\u011fl\u0131kl\u0131 \u00f6zelliklerinden faydalanman\u0131n en iyi yoludur. Toz, su, meyve suyu veya s\u00fctle \u00e7\u00f6z\u00fcnebilecek \u015fekilde kullan\u0131labilir. Guarana, v\u00fccut taraf\u0131ndan yava\u015f\u00e7a emilir ve bu da s\u00fcrekli bir enerji ve uyan\u0131kl\u0131k seviyesini sa\u011flar.     <\/p>\n<p>M\u00fckemmel bir pre-workout takviyesi olarak<\/p>\n<p>\u2022 Etkili bir i\u015ftah kesici, kilo verenler i\u00e7in ideal<\/p>\n<p>\u2022 Antioksidan \u00f6zelliklere sahip saponinler ve tanenler a\u00e7\u0131s\u0131ndan zengin<\/p>\n<p><strong>Kan\u0131tlanm\u0131\u015f Faydalar<\/strong><\/p>\n<p>Y\u00fcksek kafein i\u00e7eri\u011fi nedeniyle &#8211; kahve dahil di\u011fer herhangi bir \u00fcr\u00fcnden daha y\u00fcksek, guarana fiziksel ve zihinsel uyan\u0131kl\u0131k sa\u011flar, harika bir uyar\u0131c\u0131 olarak \u00e7al\u0131\u015f\u0131r.<\/p>\n<p><strong>\u00d6zellikler<\/strong><\/p>\n<p>Astringent (S\u0131k\u0131la\u015ft\u0131r\u0131c\u0131)<br \/>;<\/p>\n<p>Afrodizyak<\/p>\n<p>Analjezik (A\u011fr\u0131 kesici)<br \/>;<\/p>\n<p>Antibakteriyel<\/p>\n<p>Di\u00fcretik (\u0130drar s\u00f6kt\u00fcr\u00fcc\u00fc)<\/p>\n<p>Enerjik<\/p>\n<p>Canland\u0131r\u0131c\u0131<\/p>\n<p>Tonik<\/p>\n","protected":false},"excerpt":{"rendered":"<p>G\u00dc\u00c7L\u00dc DO\u011eAL ANT\u0130B\u0130YOT\u0130K Guarana meyvesi, kafein a\u00e7\u0131s\u0131ndan zengindir. Uyar\u0131c\u0131 \u00f6zelliklere sahip tozlar, \u015furuplar, gazl\u0131 i\u00e7ecekler ve barlar \u00fcretmek i\u00e7in yayg\u0131n [&hellip;]<\/p>\n","protected":false},"featured_media":2422,"comment_status":"open","ping_status":"closed","template":"","meta":{"om_disable_all_campaigns":false,"site-sidebar-layout":"default","site-content-layout":"","ast-site-content-layout":"default","site-content-style":"default","site-sidebar-style":"default","ast-global-header-display":"","ast-banner-title-visibility":"","ast-main-header-display":"","ast-hfb-above-header-display":"","ast-hfb-below-header-display":"","ast-hfb-mobile-header-display":"","site-post-title":"","ast-breadcrumbs-content":"","ast-featured-img":"","footer-sml-layout":"","ast-disable-related-posts":"","theme-transparent-header-meta":"default","adv-header-id-meta":"","stick-header-meta":"","header-above-stick-meta":"","header-main-stick-meta":"","header-below-stick-meta":"","astra-migrate-meta-layouts":"default","ast-page-background-enabled":"default","ast-page-background-meta":{"desktop":{"background-color":"var(--ast-global-color-5)","background-image":"","background-repeat":"repeat","background-position":"center center","background-size":"auto","background-attachment":"scroll","background-type":"","background-media":"","overlay-type":"","overlay-color":"","overlay-opacity":"","overlay-gradient":""},"tablet":{"background-color":"","background-image":"","background-repeat":"repeat","background-position":"center center","background-size":"auto","background-attachment":"scroll","background-type":"","background-media":"","overlay-type":"","overlay-color":"","overlay-opacity":"","overlay-gradient":""},"mobile":{"background-color":"","background-image":"","background-repeat":"repeat","background-position":"center center","background-size":"auto","background-attachment":"scroll","background-type":"","background-media":"","overlay-type":"","overlay-color":"","overlay-opacity":"","overlay-gradient":""}},"ast-content-background-meta":{"desktop":{"background-color":"var(--ast-global-color-4)","background-image":"","background-repeat":"repeat","background-position":"center center","background-size":"auto","background-attachment":"scroll","background-type":"","background-media":"","overlay-type":"","overlay-color":"","overlay-opacity":"","overlay-gradient":""},"tablet":{"background-color":"var(--ast-global-color-4)","background-image":"","background-repeat":"repeat","background-position":"center center","background-size":"auto","background-attachment":"scroll","background-type":"","background-media":"","overlay-type":"","overlay-color":"","overlay-opacity":"","overlay-gradient":""},"mobile":{"background-color":"var(--ast-global-color-4)","background-image":"","background-repeat":"repeat","background-position":"center center","background-size":"auto","background-attachment":"scroll","background-type":"","background-media":"","overlay-type":"","overlay-color":"","overlay-opacity":"","overlay-gradient":""}}},"product_brand":[],"product_cat":[81,80],"product_tag":[],"class_list":{"0":"post-3205","1":"product","2":"type-product","3":"status-publish","4":"has-post-thumbnail","6":"product_cat-urun","7":"product_cat-urunler","8":"desktop-align-left","9":"tablet-align-left","10":"mobile-align-left","12":"first","13":"instock","14":"featured","15":"shipping-taxable","16":"product-type-simple"},"aioseo_notices":[],"_links":{"self":[{"href":"https:\/\/koroush.co\/tr\/wp-json\/wp\/v2\/product\/3205","targetHints":{"allow":["GET"]}}],"collection":[{"href":"https:\/\/koroush.co\/tr\/wp-json\/wp\/v2\/product"}],"about":[{"href":"https:\/\/koroush.co\/tr\/wp-json\/wp\/v2\/types\/product"}],"replies":[{"embeddable":true,"href":"https:\/\/koroush.co\/tr\/wp-json\/wp\/v2\/comments?post=3205"}],"wp:featuredmedia":[{"embeddable":true,"href":"https:\/\/koroush.co\/tr\/wp-json\/wp\/v2\/media\/2422"}],"wp:attachment":[{"href":"https:\/\/koroush.co\/tr\/wp-json\/wp\/v2\/media?parent=3205"}],"wp:term":[{"taxonomy":"product_brand","embeddable":true,"href":"https:\/\/koroush.co\/tr\/wp-json\/wp\/v2\/product_brand?post=3205"},{"taxonomy":"product_cat","embeddable":true,"href":"https:\/\/koroush.co\/tr\/wp-json\/wp\/v2\/product_cat?post=3205"},{"taxonomy":"product_tag","embeddable":true,"href":"https:\/\/koroush.co\/tr\/wp-json\/wp\/v2\/product_tag?post=3205"}],"curies":[{"name":"wp","href":"https:\/\/api.w.org\/{rel}","templated":true}]}}