{"id":3200,"date":"2025-08-27T09:31:32","date_gmt":"2025-08-27T09:31:32","guid":{"rendered":"https:\/\/koroush.co\/product\/meyve-tozu\/"},"modified":"2025-08-27T09:31:32","modified_gmt":"2025-08-27T09:31:32","slug":"meyve-tozu","status":"publish","type":"product","link":"https:\/\/koroush.co\/tr\/urun\/meyve-tozu\/","title":{"rendered":"Meyve Tozu"},"content":{"rendered":"<p>Dondurulmu\u015f meyve tozu i\u015flemi, dondurulmu\u015f hammaddelerin so\u011futulmu\u015f vakumlu bir sisteme yerle\u015ftirilmesiyle ger\u00e7ekle\u015ftirilir ve \u00e7\u00f6z\u00fclmeden, su buhar\u0131na s\u00fcblimle\u015fen \u00fcr\u00fcn\u00fcn buzu kurutulur. Dondurulmu\u015f kurutma s\u00fcrecinde h\u00fccre yap\u0131s\u0131 bozulmaz. Dondurulmu\u015f \u00fcr\u00fcn, di\u011fer kurutma y\u00f6ntemlerine g\u00f6re orijinal hammaddenin renk, \u015fekil, tat ve besin de\u011ferini daha iyi korur. Dondurulmu\u015f meyve tozumuz, b\u00fcy\u00fck miktarlarda temin edilebilir.<br \/>Uygulamalar: \u015eekerlemeler, \u015feker dolgular\u0131, tatl\u0131 ve f\u0131r\u0131n kar\u0131\u015f\u0131mlar\u0131, kahvalt\u0131l\u0131k gevrekler, at\u0131\u015ft\u0131rmal\u0131k kar\u0131\u015f\u0131mlar ve ba\u011f\u0131ms\u0131z at\u0131\u015ft\u0131rmal\u0131klar.<br \/>Dehidrate ve lyofize edilmi\u015f meyve tozu.<br \/>\u2022 \u00dcr\u00fcnler, sezonluk tedarik durumuna tabidir     <\/p>\n<p>A\u00e7ai tozu, yerli bir Amazon palmiye a\u011fac\u0131ndan toplanan bir meyveden yap\u0131l\u0131r. Bu koyu mor meyveler, v\u00fccudu serbest radikal hasar\u0131ndan koruyan antioksidanlar olan anthosiyaninler bak\u0131m\u0131ndan olduk\u00e7a zengindir. A\u00e7ai tozu ayr\u0131ca Omega 6 ve 9, amino asitler, diyet lifi ve fitosteroller i\u00e7erir ve \u00f6nemli miktarda besin i\u00e7eren ve sa\u011fl\u0131k ve zindeli\u011fi normalle\u015ftirmeye yard\u0131mc\u0131 olan, enerji art\u0131ran ve ba\u011f\u0131\u015f\u0131kl\u0131k sistemini g\u00fc\u00e7lendiren bir s\u00fcper meyve olarak de\u011fer kazanm\u0131\u015ft\u0131r, bu y\u00fczden son zamanlarda diyet d\u00fcnyas\u0131nda pop\u00fcler olmu\u015ftur.<br \/>Uygulamalar: \u015eekerlemeler, \u015feker dolgular\u0131, tatl\u0131 ve f\u0131r\u0131n kar\u0131\u015f\u0131mlar\u0131, kahvalt\u0131l\u0131k gevrekler, at\u0131\u015ft\u0131rmal\u0131k kar\u0131\u015f\u0131mlar ve ba\u011f\u0131ms\u0131z at\u0131\u015ft\u0131rmal\u0131klar.   <\/p>\n","protected":false},"excerpt":{"rendered":"<p>Dondurulmu\u015f meyve tozu i\u015flemi, dondurulmu\u015f hammaddelerin so\u011futulmu\u015f vakumlu bir sisteme yerle\u015ftirilmesiyle ger\u00e7ekle\u015ftirilir ve \u00e7\u00f6z\u00fclmeden, su buhar\u0131na s\u00fcblimle\u015fen \u00fcr\u00fcn\u00fcn buzu kurutulur. [&hellip;]<\/p>\n","protected":false},"featured_media":2397,"comment_status":"open","ping_status":"closed","template":"","meta":{"om_disable_all_campaigns":false,"site-sidebar-layout":"default","site-content-layout":"","ast-site-content-layout":"default","site-content-style":"default","site-sidebar-style":"default","ast-global-header-display":"","ast-banner-title-visibility":"","ast-main-header-display":"","ast-hfb-above-header-display":"","ast-hfb-below-header-display":"","ast-hfb-mobile-header-display":"","site-post-title":"","ast-breadcrumbs-content":"","ast-featured-img":"","footer-sml-layout":"","ast-disable-related-posts":"","theme-transparent-header-meta":"default","adv-header-id-meta":"","stick-header-meta":"","header-above-stick-meta":"","header-main-stick-meta":"","header-below-stick-meta":"","astra-migrate-meta-layouts":"default","ast-page-background-enabled":"default","ast-page-background-meta":{"desktop":{"background-color":"var(--ast-global-color-5)","background-image":"","background-repeat":"repeat","background-position":"center center","background-size":"auto","background-attachment":"scroll","background-type":"","background-media":"","overlay-type":"","overlay-color":"","overlay-opacity":"","overlay-gradient":""},"tablet":{"background-color":"","background-image":"","background-repeat":"repeat","background-position":"center center","background-size":"auto","background-attachment":"scroll","background-type":"","background-media":"","overlay-type":"","overlay-color":"","overlay-opacity":"","overlay-gradient":""},"mobile":{"background-color":"","background-image":"","background-repeat":"repeat","background-position":"center center","background-size":"auto","background-attachment":"scroll","background-type":"","background-media":"","overlay-type":"","overlay-color":"","overlay-opacity":"","overlay-gradient":""}},"ast-content-background-meta":{"desktop":{"background-color":"var(--ast-global-color-4)","background-image":"","background-repeat":"repeat","background-position":"center center","background-size":"auto","background-attachment":"scroll","background-type":"","background-media":"","overlay-type":"","overlay-color":"","overlay-opacity":"","overlay-gradient":""},"tablet":{"background-color":"var(--ast-global-color-4)","background-image":"","background-repeat":"repeat","background-position":"center center","background-size":"auto","background-attachment":"scroll","background-type":"","background-media":"","overlay-type":"","overlay-color":"","overlay-opacity":"","overlay-gradient":""},"mobile":{"background-color":"var(--ast-global-color-4)","background-image":"","background-repeat":"repeat","background-position":"center center","background-size":"auto","background-attachment":"scroll","background-type":"","background-media":"","overlay-type":"","overlay-color":"","overlay-opacity":"","overlay-gradient":""}}},"product_brand":[],"product_cat":[81,80],"product_tag":[],"class_list":{"0":"post-3200","1":"product","2":"type-product","3":"status-publish","4":"has-post-thumbnail","6":"product_cat-urun","7":"product_cat-urunler","8":"desktop-align-left","9":"tablet-align-left","10":"mobile-align-left","12":"first","13":"instock","14":"featured","15":"shipping-taxable","16":"product-type-simple"},"aioseo_notices":[],"_links":{"self":[{"href":"https:\/\/koroush.co\/tr\/wp-json\/wp\/v2\/product\/3200","targetHints":{"allow":["GET"]}}],"collection":[{"href":"https:\/\/koroush.co\/tr\/wp-json\/wp\/v2\/product"}],"about":[{"href":"https:\/\/koroush.co\/tr\/wp-json\/wp\/v2\/types\/product"}],"replies":[{"embeddable":true,"href":"https:\/\/koroush.co\/tr\/wp-json\/wp\/v2\/comments?post=3200"}],"wp:featuredmedia":[{"embeddable":true,"href":"https:\/\/koroush.co\/tr\/wp-json\/wp\/v2\/media\/2397"}],"wp:attachment":[{"href":"https:\/\/koroush.co\/tr\/wp-json\/wp\/v2\/media?parent=3200"}],"wp:term":[{"taxonomy":"product_brand","embeddable":true,"href":"https:\/\/koroush.co\/tr\/wp-json\/wp\/v2\/product_brand?post=3200"},{"taxonomy":"product_cat","embeddable":true,"href":"https:\/\/koroush.co\/tr\/wp-json\/wp\/v2\/product_cat?post=3200"},{"taxonomy":"product_tag","embeddable":true,"href":"https:\/\/koroush.co\/tr\/wp-json\/wp\/v2\/product_tag?post=3200"}],"curies":[{"name":"wp","href":"https:\/\/api.w.org\/{rel}","templated":true}]}}