{"id":3197,"date":"2025-08-27T09:22:05","date_gmt":"2025-08-27T09:22:05","guid":{"rendered":"https:\/\/koroush.co\/product\/portakal-suyu-donmus-konsantre\/"},"modified":"2025-08-27T09:22:05","modified_gmt":"2025-08-27T09:22:05","slug":"portakal-suyu-donmus-konsantre","status":"publish","type":"product","link":"https:\/\/koroush.co\/tr\/urun\/portakal-suyu-donmus-konsantre\/","title":{"rendered":"Portakal Suyu (Donmu\u015f Konsantre)"},"content":{"rendered":"<p><strong>TEKN\u0130K \u00d6ZELL\u0130KLER<\/strong><\/p>\n<p>Sa\u011fl\u0131kl\u0131 ve olgun portakal suyunun Citrus sinensis t\u00fcr\u00fcnden ekstraksiyon ve konsantrasyon i\u015flemi ile elde edilmi\u015ftir, do\u011fal aromatik bile\u015fikler eklenmi\u015ftir, koruyucu ve\/veya katk\u0131 maddesi i\u00e7ermez. Geneti\u011fi de\u011fi\u015ftirilmi\u015f organizmalar ve alerjenlerden ar\u0131d\u0131r, HACCP\/PRP ilkelerine g\u00f6re \u00fcretilir ve saklan\u0131r. A\u011f\u0131rsal metal kal\u0131nt\u0131lar\u0131 ve \u00f6zg\u00fcnl\u00fck, A.I.J.N. &#8211; Meyve ve Sebze Sular\u0131 De\u011ferlendirme Uygulama Kodu &#8211; Avrupa Birli\u011fi Meyve ve Sebze Sular\u0131 ve Nektarlar\u0131 Derne\u011fi&#8217;ne g\u00f6re belirlenmi\u015ftir.  <\/p>\n<p><strong>\u00dcR\u00dcN GE\u00c7ERL\u0130L\u0130\u011e\u0130<\/strong><\/p>\n<p>Paketleme tarihinden itibaren 24 ay, \u00fcr\u00fcn\u00fcn uygun s\u0131cakl\u0131k ve depolama ko\u015fullar\u0131nda saklanmas\u0131 ko\u015fuluyla.<\/p>\n<p><strong>AMBALAJ<\/strong><\/p>\n<p>Birincil Ambalaj: D\u00fcz \u015feffaf polietilen plastik torba.<br \/>\u0130kincil Ambalaj: \u0130\u00e7 k\u0131sm\u0131 demir oksit vernikle kaplanm\u0131\u015f ve d\u0131\u015f k\u0131sm\u0131 sentetik ye\u015fil emaye ile kaplanm\u0131\u015f varil (konvansiyonel \u00fcr\u00fcn). <\/p>\n<p>&nbsp;<\/p>\n<p><img fetchpriority=\"high\" decoding=\"async\" class=\"alignnone wp-image-2395\" src=\"https:\/\/koroush.co\/wp-content\/uploads\/2025\/08\/image-5-300x156.jpg\" alt=\"\" width=\"809\" height=\"421\" srcset=\"https:\/\/koroush.co\/wp-content\/uploads\/2025\/08\/image-5-300x156.jpg 300w, https:\/\/koroush.co\/wp-content\/uploads\/2025\/08\/image-5-600x311.jpg 600w, https:\/\/koroush.co\/wp-content\/uploads\/2025\/08\/image-5-1024x531.jpg 1024w, https:\/\/koroush.co\/wp-content\/uploads\/2025\/08\/image-5-1536x797.jpg 1536w, https:\/\/koroush.co\/wp-content\/uploads\/2025\/08\/image-5.jpg 1600w\" sizes=\"(max-width: 809px) 100vw, 809px\" \/><\/p>\n","protected":false},"excerpt":{"rendered":"<p>TEKN\u0130K \u00d6ZELL\u0130KLER Sa\u011fl\u0131kl\u0131 ve olgun portakal suyunun Citrus sinensis t\u00fcr\u00fcnden ekstraksiyon ve konsantrasyon i\u015flemi ile elde edilmi\u015ftir, do\u011fal aromatik bile\u015fikler [&hellip;]<\/p>\n","protected":false},"featured_media":3611,"comment_status":"open","ping_status":"closed","template":"","meta":{"om_disable_all_campaigns":false,"site-sidebar-layout":"default","site-content-layout":"","ast-site-content-layout":"default","site-content-style":"default","site-sidebar-style":"default","ast-global-header-display":"","ast-banner-title-visibility":"","ast-main-header-display":"","ast-hfb-above-header-display":"","ast-hfb-below-header-display":"","ast-hfb-mobile-header-display":"","site-post-title":"","ast-breadcrumbs-content":"","ast-featured-img":"","footer-sml-layout":"","ast-disable-related-posts":"","theme-transparent-header-meta":"default","adv-header-id-meta":"","stick-header-meta":"","header-above-stick-meta":"","header-main-stick-meta":"","header-below-stick-meta":"","astra-migrate-meta-layouts":"default","ast-page-background-enabled":"default","ast-page-background-meta":{"desktop":{"background-color":"var(--ast-global-color-5)","background-image":"","background-repeat":"repeat","background-position":"center center","background-size":"auto","background-attachment":"scroll","background-type":"","background-media":"","overlay-type":"","overlay-color":"","overlay-opacity":"","overlay-gradient":""},"tablet":{"background-color":"","background-image":"","background-repeat":"repeat","background-position":"center center","background-size":"auto","background-attachment":"scroll","background-type":"","background-media":"","overlay-type":"","overlay-color":"","overlay-opacity":"","overlay-gradient":""},"mobile":{"background-color":"","background-image":"","background-repeat":"repeat","background-position":"center center","background-size":"auto","background-attachment":"scroll","background-type":"","background-media":"","overlay-type":"","overlay-color":"","overlay-opacity":"","overlay-gradient":""}},"ast-content-background-meta":{"desktop":{"background-color":"var(--ast-global-color-4)","background-image":"","background-repeat":"repeat","background-position":"center center","background-size":"auto","background-attachment":"scroll","background-type":"","background-media":"","overlay-type":"","overlay-color":"","overlay-opacity":"","overlay-gradient":""},"tablet":{"background-color":"var(--ast-global-color-4)","background-image":"","background-repeat":"repeat","background-position":"center center","background-size":"auto","background-attachment":"scroll","background-type":"","background-media":"","overlay-type":"","overlay-color":"","overlay-opacity":"","overlay-gradient":""},"mobile":{"background-color":"var(--ast-global-color-4)","background-image":"","background-repeat":"repeat","background-position":"center center","background-size":"auto","background-attachment":"scroll","background-type":"","background-media":"","overlay-type":"","overlay-color":"","overlay-opacity":"","overlay-gradient":""}}},"product_brand":[],"product_cat":[81,80],"product_tag":[],"class_list":{"0":"post-3197","1":"product","2":"type-product","3":"status-publish","4":"has-post-thumbnail","6":"product_cat-urun","7":"product_cat-urunler","8":"desktop-align-left","9":"tablet-align-left","10":"mobile-align-left","12":"first","13":"instock","14":"featured","15":"shipping-taxable","16":"product-type-simple"},"aioseo_notices":[],"_links":{"self":[{"href":"https:\/\/koroush.co\/tr\/wp-json\/wp\/v2\/product\/3197","targetHints":{"allow":["GET"]}}],"collection":[{"href":"https:\/\/koroush.co\/tr\/wp-json\/wp\/v2\/product"}],"about":[{"href":"https:\/\/koroush.co\/tr\/wp-json\/wp\/v2\/types\/product"}],"replies":[{"embeddable":true,"href":"https:\/\/koroush.co\/tr\/wp-json\/wp\/v2\/comments?post=3197"}],"wp:featuredmedia":[{"embeddable":true,"href":"https:\/\/koroush.co\/tr\/wp-json\/wp\/v2\/media\/3611"}],"wp:attachment":[{"href":"https:\/\/koroush.co\/tr\/wp-json\/wp\/v2\/media?parent=3197"}],"wp:term":[{"taxonomy":"product_brand","embeddable":true,"href":"https:\/\/koroush.co\/tr\/wp-json\/wp\/v2\/product_brand?post=3197"},{"taxonomy":"product_cat","embeddable":true,"href":"https:\/\/koroush.co\/tr\/wp-json\/wp\/v2\/product_cat?post=3197"},{"taxonomy":"product_tag","embeddable":true,"href":"https:\/\/koroush.co\/tr\/wp-json\/wp\/v2\/product_tag?post=3197"}],"curies":[{"name":"wp","href":"https:\/\/api.w.org\/{rel}","templated":true}]}}