{"id":3193,"date":"2025-08-27T09:13:50","date_gmt":"2025-08-27T09:13:50","guid":{"rendered":"https:\/\/koroush.co\/product\/acai\/"},"modified":"2025-08-27T09:13:50","modified_gmt":"2025-08-27T09:13:50","slug":"acai","status":"publish","type":"product","link":"https:\/\/koroush.co\/tr\/urun\/acai\/","title":{"rendered":"A\u00e7ai"},"content":{"rendered":"<p>Koroush, g\u0131da end\u00fcstrisine en iyi A\u00e7ai p\u00fcrelerini g\u00fcvenilir bir tedarik\u00e7idir. A\u00e7ai p\u00fcrelerimiz, \u00fcst\u00fcn bir lezzet profiline, daha k\u00fc\u00e7\u00fck par\u00e7a boyutuna ve daha y\u00fcksek antioksidan de\u011ferlerine sahip ORAC (Oksijen Radikal Absorpsiyon Kapasitesi). Brezilya Tar\u0131m Bakanl\u0131\u011f\u0131 taraf\u0131ndan verilen \u00f6zel bir sertifika olan standart A A\u00e7ai sunuyoruz, bu sertifika \u00fcr\u00fcn\u00fcm\u00fcz\u00fcn daha y\u00fcksek bir A\u00e7ai y\u00fczdesine sahip oldu\u011funu onaylar.  <\/p>\n<p>Koroush, restoranlarda servis edilmek veya meyve suyu ve smoothie yapmak i\u00e7in m\u00fckemmel olan bir dizi porsiyon se\u00e7ene\u011fi sunar.<\/p>\n<p>GELENEKSEL A\u00c7A\u00cd<\/p>\n<p>Kutu a\u011f\u0131rl\u0131\u011f\u0131: 6 kg \/ 13.22 lbs net<br \/>Hizmet sekt\u00f6r\u00fc kutusu: 60 paket x 100 gram \/ 3.5 oz<br \/>Perakende kutusu: 15 po\u015fet x 400 gram \/ 14.1 oz<br \/>Eklenmi\u015f \u015feker bulunmayan, do\u011fal bir A\u00e7ai, smoothie&#8217;nize veya kasesine ilave edilecek tam g\u0131da besin kayna\u011f\u0131 i\u00e7in m\u00fckemmeldir. Bu p\u00fcre, A\u00e7ai kasenizin ve smoothie&#8217;nizin besin de\u011ferini ve rengini iyile\u015ftirmek i\u00e7in garanti edilmi\u015ftir. <\/p>\n<p><img fetchpriority=\"high\" decoding=\"async\" class=\"alignnone wp-image-2388\" src=\"https:\/\/koroush.co\/wp-content\/uploads\/2025\/08\/image-4-300x202.jpg\" alt=\"\" width=\"585\" height=\"394\" srcset=\"https:\/\/koroush.co\/wp-content\/uploads\/2025\/08\/image-4-300x202.jpg 300w, https:\/\/koroush.co\/wp-content\/uploads\/2025\/08\/image-4.jpg 600w\" sizes=\"(max-width: 585px) 100vw, 585px\" \/><\/p>\n<p>Kasenizde eklenmi\u015f \u015feker, yapay koruyucular, trans ya\u011flar veya herhangi bir dolgu maddesi yoktur \u2013 sadece tatl\u0131, do\u011fal lezzet!<\/p>\n","protected":false},"excerpt":{"rendered":"<p>Koroush, g\u0131da end\u00fcstrisine en iyi A\u00e7ai p\u00fcrelerini g\u00fcvenilir bir tedarik\u00e7idir. A\u00e7ai p\u00fcrelerimiz, \u00fcst\u00fcn bir lezzet profiline, daha k\u00fc\u00e7\u00fck par\u00e7a boyutuna [&hellip;]<\/p>\n","protected":false},"featured_media":3196,"comment_status":"open","ping_status":"closed","template":"","meta":{"om_disable_all_campaigns":false,"site-sidebar-layout":"default","site-content-layout":"","ast-site-content-layout":"default","site-content-style":"default","site-sidebar-style":"default","ast-global-header-display":"","ast-banner-title-visibility":"","ast-main-header-display":"","ast-hfb-above-header-display":"","ast-hfb-below-header-display":"","ast-hfb-mobile-header-display":"","site-post-title":"","ast-breadcrumbs-content":"","ast-featured-img":"","footer-sml-layout":"","ast-disable-related-posts":"","theme-transparent-header-meta":"default","adv-header-id-meta":"","stick-header-meta":"","header-above-stick-meta":"","header-main-stick-meta":"","header-below-stick-meta":"","astra-migrate-meta-layouts":"default","ast-page-background-enabled":"default","ast-page-background-meta":{"desktop":{"background-color":"var(--ast-global-color-5)","background-image":"","background-repeat":"repeat","background-position":"center center","background-size":"auto","background-attachment":"scroll","background-type":"","background-media":"","overlay-type":"","overlay-color":"","overlay-opacity":"","overlay-gradient":""},"tablet":{"background-color":"","background-image":"","background-repeat":"repeat","background-position":"center center","background-size":"auto","background-attachment":"scroll","background-type":"","background-media":"","overlay-type":"","overlay-color":"","overlay-opacity":"","overlay-gradient":""},"mobile":{"background-color":"","background-image":"","background-repeat":"repeat","background-position":"center center","background-size":"auto","background-attachment":"scroll","background-type":"","background-media":"","overlay-type":"","overlay-color":"","overlay-opacity":"","overlay-gradient":""}},"ast-content-background-meta":{"desktop":{"background-color":"var(--ast-global-color-4)","background-image":"","background-repeat":"repeat","background-position":"center center","background-size":"auto","background-attachment":"scroll","background-type":"","background-media":"","overlay-type":"","overlay-color":"","overlay-opacity":"","overlay-gradient":""},"tablet":{"background-color":"var(--ast-global-color-4)","background-image":"","background-repeat":"repeat","background-position":"center center","background-size":"auto","background-attachment":"scroll","background-type":"","background-media":"","overlay-type":"","overlay-color":"","overlay-opacity":"","overlay-gradient":""},"mobile":{"background-color":"var(--ast-global-color-4)","background-image":"","background-repeat":"repeat","background-position":"center center","background-size":"auto","background-attachment":"scroll","background-type":"","background-media":"","overlay-type":"","overlay-color":"","overlay-opacity":"","overlay-gradient":""}}},"product_brand":[],"product_cat":[81,80],"product_tag":[],"class_list":{"0":"post-3193","1":"product","2":"type-product","3":"status-publish","4":"has-post-thumbnail","6":"product_cat-urun","7":"product_cat-urunler","8":"desktop-align-left","9":"tablet-align-left","10":"mobile-align-left","12":"first","13":"instock","14":"featured","15":"shipping-taxable","16":"product-type-simple"},"aioseo_notices":[],"_links":{"self":[{"href":"https:\/\/koroush.co\/tr\/wp-json\/wp\/v2\/product\/3193","targetHints":{"allow":["GET"]}}],"collection":[{"href":"https:\/\/koroush.co\/tr\/wp-json\/wp\/v2\/product"}],"about":[{"href":"https:\/\/koroush.co\/tr\/wp-json\/wp\/v2\/types\/product"}],"replies":[{"embeddable":true,"href":"https:\/\/koroush.co\/tr\/wp-json\/wp\/v2\/comments?post=3193"}],"wp:featuredmedia":[{"embeddable":true,"href":"https:\/\/koroush.co\/tr\/wp-json\/wp\/v2\/media\/3196"}],"wp:attachment":[{"href":"https:\/\/koroush.co\/tr\/wp-json\/wp\/v2\/media?parent=3193"}],"wp:term":[{"taxonomy":"product_brand","embeddable":true,"href":"https:\/\/koroush.co\/tr\/wp-json\/wp\/v2\/product_brand?post=3193"},{"taxonomy":"product_cat","embeddable":true,"href":"https:\/\/koroush.co\/tr\/wp-json\/wp\/v2\/product_cat?post=3193"},{"taxonomy":"product_tag","embeddable":true,"href":"https:\/\/koroush.co\/tr\/wp-json\/wp\/v2\/product_tag?post=3193"}],"curies":[{"name":"wp","href":"https:\/\/api.w.org\/{rel}","templated":true}]}}