{"id":3189,"date":"2025-08-27T08:30:52","date_gmt":"2025-08-27T08:30:52","guid":{"rendered":"https:\/\/koroush.co\/product\/peynirli-ekmek-2\/"},"modified":"2025-08-27T08:30:52","modified_gmt":"2025-08-27T08:30:52","slug":"peynirli-ekmek-2","status":"publish","type":"product","link":"https:\/\/koroush.co\/tr\/urun\/peynirli-ekmek-2\/","title":{"rendered":"Peynirli Ekmek"},"content":{"rendered":"<p><strong>KREM PEYN\u0130RL\u0130 PEYN\u0130RL\u0130 EKMEK<\/strong><\/p>\n<p>Peynirli ekmekleri, lor dolgulu olarak iki \u00e7e\u015fit miktar ve a\u011f\u0131rl\u0131kta sunuyoruz, hepsi 3 kilo paketlerde olup yakla\u015f\u0131k olarak:<\/p>\n<p>\u2022 120 birim 25 gram<\/p>\n<p>\u2022 36 birim 83 gram<\/p>\n<p>Koruma: -12\u00b0C&#8217;de dondurulmu\u015f olarak saklay\u0131n.<\/p>\n<p>Ge\u00e7erlilik: 360 g\u00fcn.<\/p>\n<p><strong>CHIPA<\/strong><\/p>\n<p>Bu \u00fcr\u00fcn\u00fc 3 kilo paketlerde sunuyoruz, yakla\u015f\u0131k olarak 60 birim 50 gram i\u00e7erir.<br \/>Koruma: -12\u00b0C&#8217;de dondurulmu\u015f olarak saklay\u0131n.<br \/>Ge\u00e7erlilik: 360 g\u00fcn.  <img fetchpriority=\"high\" decoding=\"async\" class=\"alignnone wp-image-2382\" src=\"https:\/\/koroush.co\/wp-content\/uploads\/2025\/08\/image-2-300x183.jpg\" alt=\"\" width=\"352\" height=\"215\" srcset=\"https:\/\/koroush.co\/wp-content\/uploads\/2025\/08\/image-2-300x183.jpg 300w, https:\/\/koroush.co\/wp-content\/uploads\/2025\/08\/image-2.jpg 516w\" sizes=\"(max-width: 352px) 100vw, 352px\" \/><\/p>\n<p>Ambalaj ve Depolama Bilgisi<br \/>\u2022 Peynirli ekmekler, teknik bilgileri i\u00e7eren \u015feffaf paketlerde sunulmaktad\u0131r;<br \/>\u2022 Bir kutu, her biri 3 kg olan 4 paket i\u00e7erir, ancak al\u0131c\u0131n\u0131n ihtiyac\u0131na g\u00f6re ayar yap\u0131labilir;<br \/>\u2022 So\u011futma adalar\u0131nda saklanmamal\u0131d\u0131r;<br \/>\u2022 \u00dcr\u00fcnlerimiz, \u00fcr\u00fcn\u00fcn do\u011fru ta\u015f\u0131nmas\u0131 ve saklanmas\u0131 i\u00e7in uygun olan karton nakliye kutular\u0131nda paketlenir;<br \/>\u2022 \u00dcr\u00fcnleri ta\u015f\u0131mak i\u00e7in so\u011futmal\u0131 kamyonlar kullan\u0131yoruz ve en iyi hijyen ve tazelik ko\u015fullar\u0131nda teslimat garantisi veriyoruz;<br \/>\u2022 Teslimat tarihlerinin g\u00fczergaha ba\u011fl\u0131 olarak de\u011fi\u015fkenlik g\u00f6sterdi\u011fi ve haftal\u0131k veya iki haftada bir yap\u0131labilece\u011fi bilgisi verilmektedir.<\/p>\n<p><img decoding=\"async\" class=\"alignnone wp-image-2383\" src=\"https:\/\/koroush.co\/wp-content\/uploads\/2025\/08\/image-3-300x155.jpg\" alt=\"\" width=\"712\" height=\"368\" srcset=\"https:\/\/koroush.co\/wp-content\/uploads\/2025\/08\/image-3-300x155.jpg 300w, https:\/\/koroush.co\/wp-content\/uploads\/2025\/08\/image-3-600x309.jpg 600w, https:\/\/koroush.co\/wp-content\/uploads\/2025\/08\/image-3-768x396.jpg 768w, https:\/\/koroush.co\/wp-content\/uploads\/2025\/08\/image-3-1536x791.jpg 1536w, https:\/\/koroush.co\/wp-content\/uploads\/2025\/08\/image-3.jpg 1600w\" sizes=\"(max-width: 712px) 100vw, 712px\" \/><\/p>\n","protected":false},"excerpt":{"rendered":"<p>KREM PEYN\u0130RL\u0130 PEYN\u0130RL\u0130 EKMEK Peynirli ekmekleri, lor dolgulu olarak iki \u00e7e\u015fit miktar ve a\u011f\u0131rl\u0131kta sunuyoruz, hepsi 3 kilo paketlerde olup [&hellip;]<\/p>\n","protected":false},"featured_media":2386,"comment_status":"open","ping_status":"closed","template":"","meta":{"om_disable_all_campaigns":false,"site-sidebar-layout":"default","site-content-layout":"","ast-site-content-layout":"default","site-content-style":"default","site-sidebar-style":"default","ast-global-header-display":"","ast-banner-title-visibility":"","ast-main-header-display":"","ast-hfb-above-header-display":"","ast-hfb-below-header-display":"","ast-hfb-mobile-header-display":"","site-post-title":"","ast-breadcrumbs-content":"","ast-featured-img":"","footer-sml-layout":"","ast-disable-related-posts":"","theme-transparent-header-meta":"default","adv-header-id-meta":"","stick-header-meta":"","header-above-stick-meta":"","header-main-stick-meta":"","header-below-stick-meta":"","astra-migrate-meta-layouts":"default","ast-page-background-enabled":"default","ast-page-background-meta":{"desktop":{"background-color":"var(--ast-global-color-5)","background-image":"","background-repeat":"repeat","background-position":"center center","background-size":"auto","background-attachment":"scroll","background-type":"","background-media":"","overlay-type":"","overlay-color":"","overlay-opacity":"","overlay-gradient":""},"tablet":{"background-color":"","background-image":"","background-repeat":"repeat","background-position":"center center","background-size":"auto","background-attachment":"scroll","background-type":"","background-media":"","overlay-type":"","overlay-color":"","overlay-opacity":"","overlay-gradient":""},"mobile":{"background-color":"","background-image":"","background-repeat":"repeat","background-position":"center center","background-size":"auto","background-attachment":"scroll","background-type":"","background-media":"","overlay-type":"","overlay-color":"","overlay-opacity":"","overlay-gradient":""}},"ast-content-background-meta":{"desktop":{"background-color":"var(--ast-global-color-4)","background-image":"","background-repeat":"repeat","background-position":"center center","background-size":"auto","background-attachment":"scroll","background-type":"","background-media":"","overlay-type":"","overlay-color":"","overlay-opacity":"","overlay-gradient":""},"tablet":{"background-color":"var(--ast-global-color-4)","background-image":"","background-repeat":"repeat","background-position":"center center","background-size":"auto","background-attachment":"scroll","background-type":"","background-media":"","overlay-type":"","overlay-color":"","overlay-opacity":"","overlay-gradient":""},"mobile":{"background-color":"var(--ast-global-color-4)","background-image":"","background-repeat":"repeat","background-position":"center center","background-size":"auto","background-attachment":"scroll","background-type":"","background-media":"","overlay-type":"","overlay-color":"","overlay-opacity":"","overlay-gradient":""}}},"product_brand":[],"product_cat":[81,80],"product_tag":[],"class_list":{"0":"post-3189","1":"product","2":"type-product","3":"status-publish","4":"has-post-thumbnail","6":"product_cat-urun","7":"product_cat-urunler","8":"desktop-align-left","9":"tablet-align-left","10":"mobile-align-left","12":"first","13":"instock","14":"featured","15":"shipping-taxable","16":"product-type-simple"},"aioseo_notices":[],"_links":{"self":[{"href":"https:\/\/koroush.co\/tr\/wp-json\/wp\/v2\/product\/3189","targetHints":{"allow":["GET"]}}],"collection":[{"href":"https:\/\/koroush.co\/tr\/wp-json\/wp\/v2\/product"}],"about":[{"href":"https:\/\/koroush.co\/tr\/wp-json\/wp\/v2\/types\/product"}],"replies":[{"embeddable":true,"href":"https:\/\/koroush.co\/tr\/wp-json\/wp\/v2\/comments?post=3189"}],"wp:featuredmedia":[{"embeddable":true,"href":"https:\/\/koroush.co\/tr\/wp-json\/wp\/v2\/media\/2386"}],"wp:attachment":[{"href":"https:\/\/koroush.co\/tr\/wp-json\/wp\/v2\/media?parent=3189"}],"wp:term":[{"taxonomy":"product_brand","embeddable":true,"href":"https:\/\/koroush.co\/tr\/wp-json\/wp\/v2\/product_brand?post=3189"},{"taxonomy":"product_cat","embeddable":true,"href":"https:\/\/koroush.co\/tr\/wp-json\/wp\/v2\/product_cat?post=3189"},{"taxonomy":"product_tag","embeddable":true,"href":"https:\/\/koroush.co\/tr\/wp-json\/wp\/v2\/product_tag?post=3189"}],"curies":[{"name":"wp","href":"https:\/\/api.w.org\/{rel}","templated":true}]}}