{"id":3185,"date":"2025-08-27T08:17:45","date_gmt":"2025-08-27T08:17:45","guid":{"rendered":"https:\/\/koroush.co\/product\/peynirli-ekmek\/"},"modified":"2025-08-27T08:17:45","modified_gmt":"2025-08-27T08:17:45","slug":"peynirli-ekmek","status":"publish","type":"product","link":"https:\/\/koroush.co\/tr\/urun\/peynirli-ekmek\/","title":{"rendered":"Peynirli Ekmek"},"content":{"rendered":"<p>OTANT\u0130K BREZ\u0130LYALI DONDURULMU\u015e MAN\u0130OK, PEYN\u0130RL\u0130 EKMEK<br \/>Peynirli ekmek, maniyok ve peynirden yap\u0131lan otantik bir Brezilya t\u00fcr\u00fc ekmektir. Peynirli ekme\u011fi alt\u0131 farkl\u0131 \u00e7e\u015fitte sunuyoruz, yakla\u015f\u0131k olarak: <\/p>\n<p>\u2022 20 birim 50 gram<\/p>\n<p>\u2022 16 birim 63 gram<\/p>\n<p>\u2022 14 birim 72 gram<\/p>\n<p>\u2022 12 birim 83 gram<\/p>\n<p>\u2022 11 birim 90 gram<\/p>\n<p>\u2022 10 birim 100 gram<\/p>\n<p>Koruma: -12\u00b0C&#8217;de dondurulmu\u015f olarak saklay\u0131n.Ge\u00e7erlilik: 360 g\u00fcn. <\/p>\n<p><strong>TAVUKLU PEYN\u0130RL\u0130 EKMEK<\/strong><\/p>\n<p>Tavuk dolgulu peynirli ekmekleri, 3 kilo paketlerde a\u015fa\u011f\u0131daki miktar ve a\u011f\u0131rl\u0131klarda sunuyoruz:<br \/>\u2022 120 birim 25 gram<br \/>\u2022 36 birim 83 gram<br \/>Koruma: -12\u00b0C&#8217;de dondurulmu\u015f olarak saklay\u0131n.<br \/>Ge\u00e7erlilik: 360 g\u00fcn.  <\/p>\n<p><strong>TATLILI GUAVA EKME\u011e\u0130<\/strong><\/p>\n<p>Tatl\u0131 guava dolgulu peynirli ekmekleri, 3 kilo paketlerde a\u015fa\u011f\u0131daki miktar ve a\u011f\u0131rl\u0131klarda sunuyoruz:<br \/>\u2022 120 birim 25 gram<br \/>\u2022 36 birim 83 gram<br \/>Koruma: -12\u00b0C&#8217;de dondurulmu\u015f olarak saklay\u0131n.<br \/>Ge\u00e7erlilik: 360 g\u00fcn.  <\/p>\n<p>&nbsp;<\/p>\n<p><img fetchpriority=\"high\" decoding=\"async\" class=\"alignnone wp-image-2377\" src=\"https:\/\/koroush.co\/wp-content\/uploads\/2025\/08\/image-1-300x155.jpg\" alt=\"\" width=\"722\" height=\"373\" srcset=\"https:\/\/koroush.co\/wp-content\/uploads\/2025\/08\/image-1-300x155.jpg 300w, https:\/\/koroush.co\/wp-content\/uploads\/2025\/08\/image-1-600x310.jpg 600w, https:\/\/koroush.co\/wp-content\/uploads\/2025\/08\/image-1-1024x529.jpg 1024w, https:\/\/koroush.co\/wp-content\/uploads\/2025\/08\/image-1-768x396.jpg 768w, https:\/\/koroush.co\/wp-content\/uploads\/2025\/08\/image-1-1536x793.jpg 1536w, https:\/\/koroush.co\/wp-content\/uploads\/2025\/08\/image-1.jpg 1600w\" sizes=\"(max-width: 722px) 100vw, 722px\" \/><\/p>\n","protected":false},"excerpt":{"rendered":"<p>OTANT\u0130K BREZ\u0130LYALI DONDURULMU\u015e MAN\u0130OK, PEYN\u0130RL\u0130 EKMEKPeynirli ekmek, maniyok ve peynirden yap\u0131lan otantik bir Brezilya t\u00fcr\u00fc ekmektir. Peynirli ekme\u011fi alt\u0131 farkl\u0131 [&hellip;]<\/p>\n","protected":false},"featured_media":2378,"comment_status":"open","ping_status":"closed","template":"","meta":{"om_disable_all_campaigns":false,"site-sidebar-layout":"default","site-content-layout":"","ast-site-content-layout":"default","site-content-style":"default","site-sidebar-style":"default","ast-global-header-display":"","ast-banner-title-visibility":"","ast-main-header-display":"","ast-hfb-above-header-display":"","ast-hfb-below-header-display":"","ast-hfb-mobile-header-display":"","site-post-title":"","ast-breadcrumbs-content":"","ast-featured-img":"","footer-sml-layout":"","ast-disable-related-posts":"","theme-transparent-header-meta":"default","adv-header-id-meta":"","stick-header-meta":"","header-above-stick-meta":"","header-main-stick-meta":"","header-below-stick-meta":"","astra-migrate-meta-layouts":"default","ast-page-background-enabled":"default","ast-page-background-meta":{"desktop":{"background-color":"var(--ast-global-color-5)","background-image":"","background-repeat":"repeat","background-position":"center center","background-size":"auto","background-attachment":"scroll","background-type":"","background-media":"","overlay-type":"","overlay-color":"","overlay-opacity":"","overlay-gradient":""},"tablet":{"background-color":"","background-image":"","background-repeat":"repeat","background-position":"center center","background-size":"auto","background-attachment":"scroll","background-type":"","background-media":"","overlay-type":"","overlay-color":"","overlay-opacity":"","overlay-gradient":""},"mobile":{"background-color":"","background-image":"","background-repeat":"repeat","background-position":"center center","background-size":"auto","background-attachment":"scroll","background-type":"","background-media":"","overlay-type":"","overlay-color":"","overlay-opacity":"","overlay-gradient":""}},"ast-content-background-meta":{"desktop":{"background-color":"var(--ast-global-color-4)","background-image":"","background-repeat":"repeat","background-position":"center center","background-size":"auto","background-attachment":"scroll","background-type":"","background-media":"","overlay-type":"","overlay-color":"","overlay-opacity":"","overlay-gradient":""},"tablet":{"background-color":"var(--ast-global-color-4)","background-image":"","background-repeat":"repeat","background-position":"center center","background-size":"auto","background-attachment":"scroll","background-type":"","background-media":"","overlay-type":"","overlay-color":"","overlay-opacity":"","overlay-gradient":""},"mobile":{"background-color":"var(--ast-global-color-4)","background-image":"","background-repeat":"repeat","background-position":"center center","background-size":"auto","background-attachment":"scroll","background-type":"","background-media":"","overlay-type":"","overlay-color":"","overlay-opacity":"","overlay-gradient":""}}},"product_brand":[],"product_cat":[81,80],"product_tag":[],"class_list":{"0":"post-3185","1":"product","2":"type-product","3":"status-publish","4":"has-post-thumbnail","6":"product_cat-urun","7":"product_cat-urunler","8":"desktop-align-left","9":"tablet-align-left","10":"mobile-align-left","12":"first","13":"instock","14":"featured","15":"shipping-taxable","16":"product-type-simple"},"aioseo_notices":[],"_links":{"self":[{"href":"https:\/\/koroush.co\/tr\/wp-json\/wp\/v2\/product\/3185","targetHints":{"allow":["GET"]}}],"collection":[{"href":"https:\/\/koroush.co\/tr\/wp-json\/wp\/v2\/product"}],"about":[{"href":"https:\/\/koroush.co\/tr\/wp-json\/wp\/v2\/types\/product"}],"replies":[{"embeddable":true,"href":"https:\/\/koroush.co\/tr\/wp-json\/wp\/v2\/comments?post=3185"}],"wp:featuredmedia":[{"embeddable":true,"href":"https:\/\/koroush.co\/tr\/wp-json\/wp\/v2\/media\/2378"}],"wp:attachment":[{"href":"https:\/\/koroush.co\/tr\/wp-json\/wp\/v2\/media?parent=3185"}],"wp:term":[{"taxonomy":"product_brand","embeddable":true,"href":"https:\/\/koroush.co\/tr\/wp-json\/wp\/v2\/product_brand?post=3185"},{"taxonomy":"product_cat","embeddable":true,"href":"https:\/\/koroush.co\/tr\/wp-json\/wp\/v2\/product_cat?post=3185"},{"taxonomy":"product_tag","embeddable":true,"href":"https:\/\/koroush.co\/tr\/wp-json\/wp\/v2\/product_tag?post=3185"}],"curies":[{"name":"wp","href":"https:\/\/api.w.org\/{rel}","templated":true}]}}