{"id":3181,"date":"2025-08-27T08:01:02","date_gmt":"2025-08-27T08:01:02","guid":{"rendered":"https:\/\/koroush.co\/product\/tereyagi\/"},"modified":"2025-08-27T08:01:02","modified_gmt":"2025-08-27T08:01:02","slug":"tereyagi","status":"publish","type":"product","link":"https:\/\/koroush.co\/tr\/urun\/tereyagi\/","title":{"rendered":"Tereya\u011f\u0131"},"content":{"rendered":"<p>B\u0130RKA\u00c7 BREZ\u0130LYALI S\u00dcT \u00dcRET\u0130C\u0130S\u0130YLE ORTAKLI\u011eA DAYALI DO\u011eAL \u00dcR\u00dcNLER<\/p>\n<p>Tereya\u011f\u0131, di\u011fer bile\u015fenlerden ayr\u0131lm\u0131\u015f inek s\u00fct\u00fc ya\u011f\u0131ndan olu\u015fur. Zengin bir tada sahiptir ve d\u00fcnya \u00e7ap\u0131nda yayg\u0131n olarak kullan\u0131l\u0131r. Doymu\u015f ya\u011f sa\u011fl\u0131\u011fa zararl\u0131 de\u011fildir ve bir\u00e7ok ki\u015fi tereya\u011f\u0131n\u0131 son derece sa\u011fl\u0131kl\u0131 bir g\u0131da olarak kabul etmektedir. Tereya\u011f\u0131, b\u00fcy\u00fck bir mikro besin \u00e7e\u015fitlili\u011fine sahiptir. Tereya\u011f\u0131nda bulunan vitaminler \u015funlard\u0131r:<br \/>Vitamin A: Tereya\u011f\u0131nda en bol bulunan vitamindir.<\/p>\n<p>Bir yemek ka\u015f\u0131\u011f\u0131 (14g) yakla\u015f\u0131k olarak g\u00fcnl\u00fck \u00f6nerilen al\u0131m\u0131n %11&#8217;ini sa\u011flar.<\/p>\n<p>Vitamin B12: Cobalamin olarak da bilinir, yaln\u0131zca hayvansal kaynakl\u0131 g\u0131dalarda bulunur, \u00f6rne\u011fin yumurta, et ve s\u00fct \u00fcr\u00fcnleri.<\/p>\n<p><\/p>\n<p>Vitamin E: G\u00fc\u00e7l\u00fc bir antioksidand\u0131r ve genellikle ya\u011fl\u0131 g\u0131dalarda bulunur.<\/p>\n<p>Vitamin K2: Bir vitamin K formudur, ayn\u0131 zamanda menaquinon olarak da bilinir. Kardiyovask\u00fcler hastal\u0131klar ve osteoporozdan korunmaya yard\u0131mc\u0131 olabilir. <\/p>\n<p>&nbsp;<\/p>\n<p><img fetchpriority=\"high\" decoding=\"async\" class=\"alignnone wp-image-2372\" src=\"https:\/\/koroush.co\/wp-content\/uploads\/2025\/08\/WhatsApp-Image-2025-08-27-at-11.00.38-AM-300x155.jpeg\" alt=\"\" width=\"823\" height=\"425\" srcset=\"https:\/\/koroush.co\/wp-content\/uploads\/2025\/08\/WhatsApp-Image-2025-08-27-at-11.00.38-AM-300x155.jpeg 300w, https:\/\/koroush.co\/wp-content\/uploads\/2025\/08\/WhatsApp-Image-2025-08-27-at-11.00.38-AM-600x311.jpeg 600w, https:\/\/koroush.co\/wp-content\/uploads\/2025\/08\/WhatsApp-Image-2025-08-27-at-11.00.38-AM-1024x530.jpeg 1024w, https:\/\/koroush.co\/wp-content\/uploads\/2025\/08\/WhatsApp-Image-2025-08-27-at-11.00.38-AM-768x397.jpeg 768w, https:\/\/koroush.co\/wp-content\/uploads\/2025\/08\/WhatsApp-Image-2025-08-27-at-11.00.38-AM-1536x795.jpeg 1536w, https:\/\/koroush.co\/wp-content\/uploads\/2025\/08\/WhatsApp-Image-2025-08-27-at-11.00.38-AM.jpeg 1600w\" sizes=\"(max-width: 823px) 100vw, 823px\" \/><\/p>\n","protected":false},"excerpt":{"rendered":"<p>B\u0130RKA\u00c7 BREZ\u0130LYALI S\u00dcT \u00dcRET\u0130C\u0130S\u0130YLE ORTAKLI\u011eA DAYALI DO\u011eAL \u00dcR\u00dcNLER Tereya\u011f\u0131, di\u011fer bile\u015fenlerden ayr\u0131lm\u0131\u015f inek s\u00fct\u00fc ya\u011f\u0131ndan olu\u015fur. Zengin bir tada sahiptir [&hellip;]<\/p>\n","protected":false},"featured_media":3183,"comment_status":"open","ping_status":"closed","template":"","meta":{"om_disable_all_campaigns":false,"site-sidebar-layout":"default","site-content-layout":"","ast-site-content-layout":"default","site-content-style":"default","site-sidebar-style":"default","ast-global-header-display":"","ast-banner-title-visibility":"","ast-main-header-display":"","ast-hfb-above-header-display":"","ast-hfb-below-header-display":"","ast-hfb-mobile-header-display":"","site-post-title":"","ast-breadcrumbs-content":"","ast-featured-img":"","footer-sml-layout":"","ast-disable-related-posts":"","theme-transparent-header-meta":"default","adv-header-id-meta":"","stick-header-meta":"","header-above-stick-meta":"","header-main-stick-meta":"","header-below-stick-meta":"","astra-migrate-meta-layouts":"default","ast-page-background-enabled":"default","ast-page-background-meta":{"desktop":{"background-color":"var(--ast-global-color-5)","background-image":"","background-repeat":"repeat","background-position":"center center","background-size":"auto","background-attachment":"scroll","background-type":"","background-media":"","overlay-type":"","overlay-color":"","overlay-opacity":"","overlay-gradient":""},"tablet":{"background-color":"","background-image":"","background-repeat":"repeat","background-position":"center center","background-size":"auto","background-attachment":"scroll","background-type":"","background-media":"","overlay-type":"","overlay-color":"","overlay-opacity":"","overlay-gradient":""},"mobile":{"background-color":"","background-image":"","background-repeat":"repeat","background-position":"center center","background-size":"auto","background-attachment":"scroll","background-type":"","background-media":"","overlay-type":"","overlay-color":"","overlay-opacity":"","overlay-gradient":""}},"ast-content-background-meta":{"desktop":{"background-color":"var(--ast-global-color-4)","background-image":"","background-repeat":"repeat","background-position":"center center","background-size":"auto","background-attachment":"scroll","background-type":"","background-media":"","overlay-type":"","overlay-color":"","overlay-opacity":"","overlay-gradient":""},"tablet":{"background-color":"var(--ast-global-color-4)","background-image":"","background-repeat":"repeat","background-position":"center center","background-size":"auto","background-attachment":"scroll","background-type":"","background-media":"","overlay-type":"","overlay-color":"","overlay-opacity":"","overlay-gradient":""},"mobile":{"background-color":"var(--ast-global-color-4)","background-image":"","background-repeat":"repeat","background-position":"center center","background-size":"auto","background-attachment":"scroll","background-type":"","background-media":"","overlay-type":"","overlay-color":"","overlay-opacity":"","overlay-gradient":""}}},"product_brand":[],"product_cat":[81,80],"product_tag":[],"class_list":{"0":"post-3181","1":"product","2":"type-product","3":"status-publish","4":"has-post-thumbnail","6":"product_cat-urun","7":"product_cat-urunler","8":"desktop-align-left","9":"tablet-align-left","10":"mobile-align-left","12":"first","13":"instock","14":"featured","15":"shipping-taxable","16":"product-type-simple"},"aioseo_notices":[],"_links":{"self":[{"href":"https:\/\/koroush.co\/tr\/wp-json\/wp\/v2\/product\/3181","targetHints":{"allow":["GET"]}}],"collection":[{"href":"https:\/\/koroush.co\/tr\/wp-json\/wp\/v2\/product"}],"about":[{"href":"https:\/\/koroush.co\/tr\/wp-json\/wp\/v2\/types\/product"}],"replies":[{"embeddable":true,"href":"https:\/\/koroush.co\/tr\/wp-json\/wp\/v2\/comments?post=3181"}],"wp:featuredmedia":[{"embeddable":true,"href":"https:\/\/koroush.co\/tr\/wp-json\/wp\/v2\/media\/3183"}],"wp:attachment":[{"href":"https:\/\/koroush.co\/tr\/wp-json\/wp\/v2\/media?parent=3181"}],"wp:term":[{"taxonomy":"product_brand","embeddable":true,"href":"https:\/\/koroush.co\/tr\/wp-json\/wp\/v2\/product_brand?post=3181"},{"taxonomy":"product_cat","embeddable":true,"href":"https:\/\/koroush.co\/tr\/wp-json\/wp\/v2\/product_cat?post=3181"},{"taxonomy":"product_tag","embeddable":true,"href":"https:\/\/koroush.co\/tr\/wp-json\/wp\/v2\/product_tag?post=3181"}],"curies":[{"name":"wp","href":"https:\/\/api.w.org\/{rel}","templated":true}]}}