{"id":3178,"date":"2025-08-27T07:55:08","date_gmt":"2025-08-27T07:55:08","guid":{"rendered":"https:\/\/koroush.co\/product\/peynir\/"},"modified":"2025-08-27T07:55:08","modified_gmt":"2025-08-27T07:55:08","slug":"peynir","status":"publish","type":"product","link":"https:\/\/koroush.co\/tr\/urun\/peynir\/","title":{"rendered":"Peynir"},"content":{"rendered":"<p>B\u0130RKA\u00c7 BREZ\u0130LYALI S\u00dcT \u00dcRET\u0130C\u0130S\u0130YLE ORTAKLI\u011eA DAYALI DO\u011eAL \u00dcR\u00dcNLER<\/p>\n<p>Tropikal Peynir<br \/>Tropikal Peynir, g\u00f6r\u00fcn\u00fcm ve tat a\u00e7\u0131s\u0131ndan Parmesan Peynirine benzer. Olgunla\u015fma s\u00fcresi a\u00e7\u0131s\u0131ndan farkl\u0131l\u0131k g\u00f6sterir; \u00e7\u00fcnk\u00fc Parmesan i\u00e7in denetim organ\u0131n\u0131n zorunlu olgunla\u015fma s\u00fcresi 6 ay iken, Tropikal t\u00fcr\u00fc sadece 15 g\u00fcn gerektirir. Minas Gerais eyaletinin kuzey b\u00f6lgesine \u00f6zg\u00fc olan Tropikal Peynirin \u015fu duyusal \u00f6zellikleri vard\u0131r:<br \/>\u2022 K\u0131vam: orta sertlikte;<br \/>\u2022 Doku: kapal\u0131, k\u0131r\u0131lgan ve taneli;<br \/>\u2022 Renk: sar\u0131ms\u0131 beyaz;<br \/>\u2022 Tat: Hafif baharatl\u0131;<br \/>\u2022 Koku: Karakteristik;<br \/>\u2022 Kabuk: D\u00fczensiz;<br \/>\u2022 \u015eekil: silindirik veya dikd\u00f6rtgen (bloklar);<br \/>\u2022 A\u011f\u0131rl\u0131k: 4 ila 10 kg.  <\/p>\n<p>&nbsp;<\/p>\n<p><strong>Taze F\u00fcme Provolone Peyniri<br \/>Bu peynir, Minas Gerais eyaletinin kuzey b\u00f6lgesinde \u00fcretilmektedir.<\/strong><\/p>\n<p>Teknik Bilgiler<br \/>\u2022 Birincil ambalaj: d\u00fcz ve bask\u0131l\u0131 \u0131s\u0131 k\u00fc\u00e7\u00fclten ambalaj;<br \/>\u2022 Saklama: 1\u00b0 ile 10\u00b0C aras\u0131nda serin tutun;<br \/>\u2022 A\u00e7\u0131ld\u0131ktan sonra: 5 g\u00fcn i\u00e7inde t\u00fcketilmelidir;<br \/>\u2022 Ge\u00e7erlilik: kapal\u0131 ambalajda 6 ay;<br \/>\u2022 \u0130\u00e7indekiler: past\u00f6rize tam s\u00fct, sodyum klor\u00fcr (tuz), laktik maya, kalsiyum klor\u00fcr ve peynir mayas\u0131;<br \/>\u2022 Porsiyon (30g): (1 1\/2 dilim);<br \/>\u2022 Enerji de\u011feri: 104 kcal = 473 kj;<br \/>\u2022 Karbonhidratlar: 1.0 g;<br \/>\u2022 Proteinler: 7.0 g;<br \/>\u2022 Toplam ya\u011f: 8.0 g;<br \/>\u2022 Doymu\u015f ya\u011flar: 5.0g;<br \/>\u2022 Trans ya\u011flar: 0g;<br \/>\u2022 Diyet lifi: 0g;<br \/>\u2022 Sodyum: 90mg, g\u00fcnl\u00fck de\u011ferin %4&#8217;\u00fc.<span style=\"font-size: 16px;\">90mg 4*%<\/span><\/p>\n<p><img fetchpriority=\"high\" decoding=\"async\" class=\"alignnone wp-image-2367\" style=\"font-weight: inherit;\" src=\"https:\/\/koroush.co\/wp-content\/uploads\/2025\/08\/WhatsApp-Image-2025-08-27-at-10.54.00-AM-300x151.jpeg\" alt=\"\" width=\"702\" height=\"353\" srcset=\"https:\/\/koroush.co\/wp-content\/uploads\/2025\/08\/WhatsApp-Image-2025-08-27-at-10.54.00-AM-300x151.jpeg 300w, https:\/\/koroush.co\/wp-content\/uploads\/2025\/08\/WhatsApp-Image-2025-08-27-at-10.54.00-AM-600x302.jpeg 600w, https:\/\/koroush.co\/wp-content\/uploads\/2025\/08\/WhatsApp-Image-2025-08-27-at-10.54.00-AM-1024x515.jpeg 1024w, https:\/\/koroush.co\/wp-content\/uploads\/2025\/08\/WhatsApp-Image-2025-08-27-at-10.54.00-AM-768x386.jpeg 768w, https:\/\/koroush.co\/wp-content\/uploads\/2025\/08\/WhatsApp-Image-2025-08-27-at-10.54.00-AM-1536x773.jpeg 1536w, https:\/\/koroush.co\/wp-content\/uploads\/2025\/08\/WhatsApp-Image-2025-08-27-at-10.54.00-AM.jpeg 1600w\" sizes=\"(max-width: 702px) 100vw, 702px\" \/><\/p>\n","protected":false},"excerpt":{"rendered":"<p>B\u0130RKA\u00c7 BREZ\u0130LYALI S\u00dcT \u00dcRET\u0130C\u0130S\u0130YLE ORTAKLI\u011eA DAYALI DO\u011eAL \u00dcR\u00dcNLER Tropikal PeynirTropikal Peynir, g\u00f6r\u00fcn\u00fcm ve tat a\u00e7\u0131s\u0131ndan Parmesan Peynirine benzer. Olgunla\u015fma s\u00fcresi [&hellip;]<\/p>\n","protected":false},"featured_media":3179,"comment_status":"open","ping_status":"closed","template":"","meta":{"om_disable_all_campaigns":false,"site-sidebar-layout":"default","site-content-layout":"","ast-site-content-layout":"default","site-content-style":"default","site-sidebar-style":"default","ast-global-header-display":"","ast-banner-title-visibility":"","ast-main-header-display":"","ast-hfb-above-header-display":"","ast-hfb-below-header-display":"","ast-hfb-mobile-header-display":"","site-post-title":"","ast-breadcrumbs-content":"","ast-featured-img":"","footer-sml-layout":"","ast-disable-related-posts":"","theme-transparent-header-meta":"default","adv-header-id-meta":"","stick-header-meta":"","header-above-stick-meta":"","header-main-stick-meta":"","header-below-stick-meta":"","astra-migrate-meta-layouts":"default","ast-page-background-enabled":"default","ast-page-background-meta":{"desktop":{"background-color":"var(--ast-global-color-5)","background-image":"","background-repeat":"repeat","background-position":"center center","background-size":"auto","background-attachment":"scroll","background-type":"","background-media":"","overlay-type":"","overlay-color":"","overlay-opacity":"","overlay-gradient":""},"tablet":{"background-color":"","background-image":"","background-repeat":"repeat","background-position":"center center","background-size":"auto","background-attachment":"scroll","background-type":"","background-media":"","overlay-type":"","overlay-color":"","overlay-opacity":"","overlay-gradient":""},"mobile":{"background-color":"","background-image":"","background-repeat":"repeat","background-position":"center center","background-size":"auto","background-attachment":"scroll","background-type":"","background-media":"","overlay-type":"","overlay-color":"","overlay-opacity":"","overlay-gradient":""}},"ast-content-background-meta":{"desktop":{"background-color":"var(--ast-global-color-4)","background-image":"","background-repeat":"repeat","background-position":"center center","background-size":"auto","background-attachment":"scroll","background-type":"","background-media":"","overlay-type":"","overlay-color":"","overlay-opacity":"","overlay-gradient":""},"tablet":{"background-color":"var(--ast-global-color-4)","background-image":"","background-repeat":"repeat","background-position":"center center","background-size":"auto","background-attachment":"scroll","background-type":"","background-media":"","overlay-type":"","overlay-color":"","overlay-opacity":"","overlay-gradient":""},"mobile":{"background-color":"var(--ast-global-color-4)","background-image":"","background-repeat":"repeat","background-position":"center center","background-size":"auto","background-attachment":"scroll","background-type":"","background-media":"","overlay-type":"","overlay-color":"","overlay-opacity":"","overlay-gradient":""}}},"product_brand":[],"product_cat":[81,80],"product_tag":[],"class_list":{"0":"post-3178","1":"product","2":"type-product","3":"status-publish","4":"has-post-thumbnail","6":"product_cat-urun","7":"product_cat-urunler","8":"desktop-align-left","9":"tablet-align-left","10":"mobile-align-left","12":"first","13":"instock","14":"featured","15":"shipping-taxable","16":"product-type-simple"},"aioseo_notices":[],"_links":{"self":[{"href":"https:\/\/koroush.co\/tr\/wp-json\/wp\/v2\/product\/3178","targetHints":{"allow":["GET"]}}],"collection":[{"href":"https:\/\/koroush.co\/tr\/wp-json\/wp\/v2\/product"}],"about":[{"href":"https:\/\/koroush.co\/tr\/wp-json\/wp\/v2\/types\/product"}],"replies":[{"embeddable":true,"href":"https:\/\/koroush.co\/tr\/wp-json\/wp\/v2\/comments?post=3178"}],"wp:featuredmedia":[{"embeddable":true,"href":"https:\/\/koroush.co\/tr\/wp-json\/wp\/v2\/media\/3179"}],"wp:attachment":[{"href":"https:\/\/koroush.co\/tr\/wp-json\/wp\/v2\/media?parent=3178"}],"wp:term":[{"taxonomy":"product_brand","embeddable":true,"href":"https:\/\/koroush.co\/tr\/wp-json\/wp\/v2\/product_brand?post=3178"},{"taxonomy":"product_cat","embeddable":true,"href":"https:\/\/koroush.co\/tr\/wp-json\/wp\/v2\/product_cat?post=3178"},{"taxonomy":"product_tag","embeddable":true,"href":"https:\/\/koroush.co\/tr\/wp-json\/wp\/v2\/product_tag?post=3178"}],"curies":[{"name":"wp","href":"https:\/\/api.w.org\/{rel}","templated":true}]}}