{"id":3173,"date":"2025-08-27T07:39:38","date_gmt":"2025-08-27T07:39:38","guid":{"rendered":"https:\/\/koroush.co\/product\/ana-icerik\/"},"modified":"2025-08-27T07:39:38","modified_gmt":"2025-08-27T07:39:38","slug":"ana-icerik","status":"publish","type":"product","link":"https:\/\/koroush.co\/tr\/urun\/ana-icerik\/","title":{"rendered":"Ana \u0130\u00e7erik"},"content":{"rendered":"<p>D\u0130\u011eER \u00dcR\u00dcNLERE TEDAR\u0130K Z\u0130NC\u0130R\u0130 F\u0130LOSOF\u0130S\u0130<\/p>\n<p>\u015eeker \u00e7e\u015fitleri:<\/p>\n<p>ICUMSA \u015eEKER 45<\/p>\n<p>ICUMSA \u015eEKER 150<\/p>\n<p>ICUMSA VHP 600-1200 \u015eekeri<\/p>\n<p>Organik A-400<\/p>\n<p>A-600<\/p>\n<p>Minimum sipari\u015f miktar\u0131 100 TON (MT) konteynerle.<br \/>SPOT: 12.500 MT bir y\u0131ll\u0131k s\u00f6zle\u015fmelerde minimum 150.000 MT, 12 sevkiyatla.<br \/>Maksimum kullan\u0131labilirlik 1.200.000 MT, 12 ayl\u0131k sevkiyatlarda 100.000 MT.<\/p>\n<p>ICUMSA 45, 100, 150 VHP 600-1.200 ve 800-1.200 <\/p>\n<p>Beyaz \u015feker kam\u0131\u015f\u0131 ICUMSA 150 = 12.500 MT&#8217;nin katlar\u0131 veya konteynerlerde \u015feker.<\/p>\n<p>Kam\u0131\u015f \u015fekeri ICUMSA 600\/1200 VHP = 12.500 MT&#8217;nin katlar\u0131 veya konteynerlerde \u015feker.<\/p>\n<p><img fetchpriority=\"high\" decoding=\"async\" class=\"alignnone wp-image-2362\" src=\"https:\/\/koroush.co\/wp-content\/uploads\/2025\/08\/WhatsApp-Image-2025-08-27-at-10.39.14-AM-300x156.jpeg\" alt=\"\" width=\"602\" height=\"313\" srcset=\"https:\/\/koroush.co\/wp-content\/uploads\/2025\/08\/WhatsApp-Image-2025-08-27-at-10.39.14-AM-300x156.jpeg 300w, https:\/\/koroush.co\/wp-content\/uploads\/2025\/08\/WhatsApp-Image-2025-08-27-at-10.39.14-AM-600x312.jpeg 600w, https:\/\/koroush.co\/wp-content\/uploads\/2025\/08\/WhatsApp-Image-2025-08-27-at-10.39.14-AM-1024x532.jpeg 1024w, https:\/\/koroush.co\/wp-content\/uploads\/2025\/08\/WhatsApp-Image-2025-08-27-at-10.39.14-AM-768x399.jpeg 768w, https:\/\/koroush.co\/wp-content\/uploads\/2025\/08\/WhatsApp-Image-2025-08-27-at-10.39.14-AM-1536x798.jpeg 1536w, https:\/\/koroush.co\/wp-content\/uploads\/2025\/08\/WhatsApp-Image-2025-08-27-at-10.39.14-AM.jpeg 1600w\" sizes=\"(max-width: 602px) 100vw, 602px\" \/><\/p>\n","protected":false},"excerpt":{"rendered":"<p>D\u0130\u011eER \u00dcR\u00dcNLERE TEDAR\u0130K Z\u0130NC\u0130R\u0130 F\u0130LOSOF\u0130S\u0130 \u015eeker \u00e7e\u015fitleri: ICUMSA \u015eEKER 45 ICUMSA \u015eEKER 150 ICUMSA VHP 600-1200 \u015eekeri Organik A-400 A-600 [&hellip;]<\/p>\n","protected":false},"featured_media":2423,"comment_status":"open","ping_status":"closed","template":"","meta":{"om_disable_all_campaigns":false,"site-sidebar-layout":"default","site-content-layout":"","ast-site-content-layout":"default","site-content-style":"default","site-sidebar-style":"default","ast-global-header-display":"","ast-banner-title-visibility":"","ast-main-header-display":"","ast-hfb-above-header-display":"","ast-hfb-below-header-display":"","ast-hfb-mobile-header-display":"","site-post-title":"","ast-breadcrumbs-content":"","ast-featured-img":"","footer-sml-layout":"","ast-disable-related-posts":"","theme-transparent-header-meta":"default","adv-header-id-meta":"","stick-header-meta":"","header-above-stick-meta":"","header-main-stick-meta":"","header-below-stick-meta":"","astra-migrate-meta-layouts":"default","ast-page-background-enabled":"default","ast-page-background-meta":{"desktop":{"background-color":"var(--ast-global-color-5)","background-image":"","background-repeat":"repeat","background-position":"center center","background-size":"auto","background-attachment":"scroll","background-type":"","background-media":"","overlay-type":"","overlay-color":"","overlay-opacity":"","overlay-gradient":""},"tablet":{"background-color":"","background-image":"","background-repeat":"repeat","background-position":"center center","background-size":"auto","background-attachment":"scroll","background-type":"","background-media":"","overlay-type":"","overlay-color":"","overlay-opacity":"","overlay-gradient":""},"mobile":{"background-color":"","background-image":"","background-repeat":"repeat","background-position":"center center","background-size":"auto","background-attachment":"scroll","background-type":"","background-media":"","overlay-type":"","overlay-color":"","overlay-opacity":"","overlay-gradient":""}},"ast-content-background-meta":{"desktop":{"background-color":"var(--ast-global-color-4)","background-image":"","background-repeat":"repeat","background-position":"center center","background-size":"auto","background-attachment":"scroll","background-type":"","background-media":"","overlay-type":"","overlay-color":"","overlay-opacity":"","overlay-gradient":""},"tablet":{"background-color":"var(--ast-global-color-4)","background-image":"","background-repeat":"repeat","background-position":"center center","background-size":"auto","background-attachment":"scroll","background-type":"","background-media":"","overlay-type":"","overlay-color":"","overlay-opacity":"","overlay-gradient":""},"mobile":{"background-color":"var(--ast-global-color-4)","background-image":"","background-repeat":"repeat","background-position":"center center","background-size":"auto","background-attachment":"scroll","background-type":"","background-media":"","overlay-type":"","overlay-color":"","overlay-opacity":"","overlay-gradient":""}}},"product_brand":[],"product_cat":[82,81,80],"product_tag":[],"class_list":{"0":"post-3173","1":"product","2":"type-product","3":"status-publish","4":"has-post-thumbnail","6":"product_cat-favori","7":"product_cat-urun","8":"product_cat-urunler","9":"desktop-align-left","10":"tablet-align-left","11":"mobile-align-left","13":"first","14":"instock","15":"featured","16":"shipping-taxable","17":"product-type-simple"},"aioseo_notices":[],"_links":{"self":[{"href":"https:\/\/koroush.co\/tr\/wp-json\/wp\/v2\/product\/3173","targetHints":{"allow":["GET"]}}],"collection":[{"href":"https:\/\/koroush.co\/tr\/wp-json\/wp\/v2\/product"}],"about":[{"href":"https:\/\/koroush.co\/tr\/wp-json\/wp\/v2\/types\/product"}],"replies":[{"embeddable":true,"href":"https:\/\/koroush.co\/tr\/wp-json\/wp\/v2\/comments?post=3173"}],"wp:featuredmedia":[{"embeddable":true,"href":"https:\/\/koroush.co\/tr\/wp-json\/wp\/v2\/media\/2423"}],"wp:attachment":[{"href":"https:\/\/koroush.co\/tr\/wp-json\/wp\/v2\/media?parent=3173"}],"wp:term":[{"taxonomy":"product_brand","embeddable":true,"href":"https:\/\/koroush.co\/tr\/wp-json\/wp\/v2\/product_brand?post=3173"},{"taxonomy":"product_cat","embeddable":true,"href":"https:\/\/koroush.co\/tr\/wp-json\/wp\/v2\/product_cat?post=3173"},{"taxonomy":"product_tag","embeddable":true,"href":"https:\/\/koroush.co\/tr\/wp-json\/wp\/v2\/product_tag?post=3173"}],"curies":[{"name":"wp","href":"https:\/\/api.w.org\/{rel}","templated":true}]}}