{"id":3169,"date":"2025-08-26T13:24:23","date_gmt":"2025-08-26T13:24:23","guid":{"rendered":"https:\/\/koroush.co\/product\/soya-gmo-soya-fasulyesi\/"},"modified":"2025-08-26T13:24:23","modified_gmt":"2025-08-26T13:24:23","slug":"soya-gmo-soya-fasulyesi","status":"publish","type":"product","link":"https:\/\/koroush.co\/tr\/urun\/soya-gmo-soya-fasulyesi\/","title":{"rendered":"Soya (GMO Soya Fasulyesi)"},"content":{"rendered":"<p>Soya fasulyesinin %44&#8217;\u00fcnden olu\u015fan GMO, \u00f6zellikle \u00e7iftlik hayvanlar\u0131n\u0131 beslemek i\u00e7in kullan\u0131lan \u00f6nemli bir protein kayna\u011f\u0131d\u0131r. Di\u011fer t\u00fcm b\u00fcy\u00fck ya\u011fl\u0131 yemler ve bal\u0131k unu da dahil olmak \u00fczere, d\u00fcnya \u00e7ap\u0131nda protein yemlerinin toplam \u00fcretiminin \u00fc\u00e7te ikisini temsil etmektedir. Beslenme de\u011feri, ba\u015fka hi\u00e7bir bitki protein kayna\u011f\u0131 taraf\u0131ndan ge\u00e7ilemez ve di\u011fer protein kaynaklar\u0131 ile kar\u015f\u0131la\u015ft\u0131r\u0131laca\u011f\u0131 standartt\u0131r (Cromwell, 1999). 1930&#8217;lar\u0131n ortalar\u0131ndan itibaren ABD&#8217;de hayvan ve k\u00fcmes hayvan\u0131 diyetlerinin kabul edilmi\u015f bir par\u00e7as\u0131 olsa da, soya yemi \u00fcretimi 1970&#8217;lerin ortas\u0131nda h\u0131zlanm\u0131\u015f ve 1990&#8217;lar\u0131n ba\u015flar\u0131nda geli\u015fmekte olan \u00fclkelerden gelen artan talep nedeniyle ivme kazanm\u0131\u015ft\u0131r. Su \u00fcr\u00fcnleri yeti\u015ftiricili\u011finin yay\u0131lmas\u0131 ve mezbaha yan \u00fcr\u00fcnlerinin yem olarak kullan\u0131lmas\u0131n\u0131n yasaklanmas\u0131, bu y\u00fcksek kaliteli protein kayna\u011f\u0131na olan talebi art\u0131rm\u0131\u015ft\u0131r. Soya unu, soya ya\u011f\u0131 ekstraksiyonunun yan \u00fcr\u00fcn\u00fcd\u00fcr. Birka\u00e7 i\u015flem mevcuttur ve bu i\u015flemler farkl\u0131 \u00fcr\u00fcnler elde edilmesine yol a\u00e7ar. Genellikle, ham protein i\u00e7eri\u011fine g\u00f6re pazarlama i\u00e7in s\u0131n\u0131fland\u0131r\u0131l\u0131r. Y\u00fcksek proteinli t\u00fcrler, kabuklar\u0131 soyulmu\u015f tohumlardan elde edilir ve %47-49 protein ve %3 ham lif (yem baz\u0131nda) i\u00e7erir. Di\u011fer soya unu t\u00fcrleri, kabuklar\u0131 veya kabuklar\u0131n\u0131n bir k\u0131sm\u0131n\u0131 i\u00e7erir ve %47&#8217;den az protein ve %6&#8217;dan fazla ham lif i\u00e7erir. \u00c7\u00f6z\u00fcc\u00fcyle ekstrakte edilmi\u015f soya unlar\u0131nda, ya\u011f i\u00e7eri\u011fi genellikle %2&#8217;den d\u00fc\u015f\u00fckt\u00fcr, ancak mekanik olarak ekstrakte edilen unlarda %3&#8217;\u00fc ge\u00e7mektedir.          <\/p>\n","protected":false},"excerpt":{"rendered":"<p>Soya fasulyesinin %44&#8217;\u00fcnden olu\u015fan GMO, \u00f6zellikle \u00e7iftlik hayvanlar\u0131n\u0131 beslemek i\u00e7in kullan\u0131lan \u00f6nemli bir protein kayna\u011f\u0131d\u0131r. Di\u011fer t\u00fcm b\u00fcy\u00fck ya\u011fl\u0131 yemler [&hellip;]<\/p>\n","protected":false},"featured_media":3608,"comment_status":"open","ping_status":"closed","template":"","meta":{"om_disable_all_campaigns":false,"site-sidebar-layout":"default","site-content-layout":"","ast-site-content-layout":"default","site-content-style":"default","site-sidebar-style":"default","ast-global-header-display":"","ast-banner-title-visibility":"","ast-main-header-display":"","ast-hfb-above-header-display":"","ast-hfb-below-header-display":"","ast-hfb-mobile-header-display":"","site-post-title":"","ast-breadcrumbs-content":"","ast-featured-img":"","footer-sml-layout":"","ast-disable-related-posts":"","theme-transparent-header-meta":"default","adv-header-id-meta":"","stick-header-meta":"","header-above-stick-meta":"","header-main-stick-meta":"","header-below-stick-meta":"","astra-migrate-meta-layouts":"default","ast-page-background-enabled":"default","ast-page-background-meta":{"desktop":{"background-color":"var(--ast-global-color-5)","background-image":"","background-repeat":"repeat","background-position":"center center","background-size":"auto","background-attachment":"scroll","background-type":"","background-media":"","overlay-type":"","overlay-color":"","overlay-opacity":"","overlay-gradient":""},"tablet":{"background-color":"","background-image":"","background-repeat":"repeat","background-position":"center center","background-size":"auto","background-attachment":"scroll","background-type":"","background-media":"","overlay-type":"","overlay-color":"","overlay-opacity":"","overlay-gradient":""},"mobile":{"background-color":"","background-image":"","background-repeat":"repeat","background-position":"center center","background-size":"auto","background-attachment":"scroll","background-type":"","background-media":"","overlay-type":"","overlay-color":"","overlay-opacity":"","overlay-gradient":""}},"ast-content-background-meta":{"desktop":{"background-color":"var(--ast-global-color-4)","background-image":"","background-repeat":"repeat","background-position":"center center","background-size":"auto","background-attachment":"scroll","background-type":"","background-media":"","overlay-type":"","overlay-color":"","overlay-opacity":"","overlay-gradient":""},"tablet":{"background-color":"var(--ast-global-color-4)","background-image":"","background-repeat":"repeat","background-position":"center center","background-size":"auto","background-attachment":"scroll","background-type":"","background-media":"","overlay-type":"","overlay-color":"","overlay-opacity":"","overlay-gradient":""},"mobile":{"background-color":"var(--ast-global-color-4)","background-image":"","background-repeat":"repeat","background-position":"center center","background-size":"auto","background-attachment":"scroll","background-type":"","background-media":"","overlay-type":"","overlay-color":"","overlay-opacity":"","overlay-gradient":""}}},"product_brand":[],"product_cat":[81,80],"product_tag":[],"class_list":{"0":"post-3169","1":"product","2":"type-product","3":"status-publish","4":"has-post-thumbnail","6":"product_cat-urun","7":"product_cat-urunler","8":"desktop-align-left","9":"tablet-align-left","10":"mobile-align-left","12":"first","13":"instock","14":"featured","15":"shipping-taxable","16":"product-type-simple"},"aioseo_notices":[],"_links":{"self":[{"href":"https:\/\/koroush.co\/tr\/wp-json\/wp\/v2\/product\/3169","targetHints":{"allow":["GET"]}}],"collection":[{"href":"https:\/\/koroush.co\/tr\/wp-json\/wp\/v2\/product"}],"about":[{"href":"https:\/\/koroush.co\/tr\/wp-json\/wp\/v2\/types\/product"}],"replies":[{"embeddable":true,"href":"https:\/\/koroush.co\/tr\/wp-json\/wp\/v2\/comments?post=3169"}],"wp:featuredmedia":[{"embeddable":true,"href":"https:\/\/koroush.co\/tr\/wp-json\/wp\/v2\/media\/3608"}],"wp:attachment":[{"href":"https:\/\/koroush.co\/tr\/wp-json\/wp\/v2\/media?parent=3169"}],"wp:term":[{"taxonomy":"product_brand","embeddable":true,"href":"https:\/\/koroush.co\/tr\/wp-json\/wp\/v2\/product_brand?post=3169"},{"taxonomy":"product_cat","embeddable":true,"href":"https:\/\/koroush.co\/tr\/wp-json\/wp\/v2\/product_cat?post=3169"},{"taxonomy":"product_tag","embeddable":true,"href":"https:\/\/koroush.co\/tr\/wp-json\/wp\/v2\/product_tag?post=3169"}],"curies":[{"name":"wp","href":"https:\/\/api.w.org\/{rel}","templated":true}]}}