{"id":3166,"date":"2025-08-26T13:22:32","date_gmt":"2025-08-26T13:22:32","guid":{"rendered":"https:\/\/koroush.co\/product\/pirinc\/"},"modified":"2025-08-26T13:22:32","modified_gmt":"2025-08-26T13:22:32","slug":"pirinc","status":"publish","type":"product","link":"https:\/\/koroush.co\/tr\/urun\/pirinc\/","title":{"rendered":"Pirin\u00e7"},"content":{"rendered":"<p>Alimentos LTDA., yasal ve kurumsal sorumlulu\u011fa sahip ana sat\u0131c\u0131 olarak, &#8220;beyaz pirin\u00e7 %5 k\u0131r\u0131k&#8221; temin etmek i\u00e7in haz\u0131r, istekli ve yetenekli oldu\u011fumuzu bildirmektedir. Bu, belirtilen \u015fartlar, ko\u015fullar ve prosed\u00fcrlere uygun olarak sa\u011flanacakt\u0131r.  <\/p>\n<p>\u00d6ZELL\u0130KLER<\/p>\n<p>Protein min: 80<\/p>\n<p>Ya\u011f: %2.5 maks Nem \u0130\u00e7eri\u011fi: %12.0 maks<\/p>\n<p>Yabanc\u0131 Maddeler: %2.0 maks<\/p>\n<p>Fumigasyon dahil: Evet<\/p>\n<p>Aflatoksin Kum\/Silika: %1.5 maks<\/p>\n<p>Koh: %78 min<\/p>\n<p>Arsenik Bile\u015fi\u011fi Fosfidler: %0.05 maks<\/p>\n<p>PPM Siyan\u00fcrler: 3 PPM (part per million)<\/p>\n<p>Etilen Dibromid (EDB): 5 PPM maks<\/p>\n<p>B\u00f6cekler ve K\u00fcflerden Ar\u0131nd\u0131r\u0131lm\u0131\u015f <\/p>\n<p>Free from Insects and Molds<\/p>\n<p>&nbsp;<\/p>\n","protected":false},"excerpt":{"rendered":"<p>Alimentos LTDA., yasal ve kurumsal sorumlulu\u011fa sahip ana sat\u0131c\u0131 olarak, &#8220;beyaz pirin\u00e7 %5 k\u0131r\u0131k&#8221; temin etmek i\u00e7in haz\u0131r, istekli ve [&hellip;]<\/p>\n","protected":false},"featured_media":3605,"comment_status":"open","ping_status":"closed","template":"","meta":{"om_disable_all_campaigns":false,"site-sidebar-layout":"default","site-content-layout":"","ast-site-content-layout":"default","site-content-style":"default","site-sidebar-style":"default","ast-global-header-display":"","ast-banner-title-visibility":"","ast-main-header-display":"","ast-hfb-above-header-display":"","ast-hfb-below-header-display":"","ast-hfb-mobile-header-display":"","site-post-title":"","ast-breadcrumbs-content":"","ast-featured-img":"","footer-sml-layout":"","ast-disable-related-posts":"","theme-transparent-header-meta":"default","adv-header-id-meta":"","stick-header-meta":"","header-above-stick-meta":"","header-main-stick-meta":"","header-below-stick-meta":"","astra-migrate-meta-layouts":"default","ast-page-background-enabled":"default","ast-page-background-meta":{"desktop":{"background-color":"var(--ast-global-color-5)","background-image":"","background-repeat":"repeat","background-position":"center center","background-size":"auto","background-attachment":"scroll","background-type":"","background-media":"","overlay-type":"","overlay-color":"","overlay-opacity":"","overlay-gradient":""},"tablet":{"background-color":"","background-image":"","background-repeat":"repeat","background-position":"center center","background-size":"auto","background-attachment":"scroll","background-type":"","background-media":"","overlay-type":"","overlay-color":"","overlay-opacity":"","overlay-gradient":""},"mobile":{"background-color":"","background-image":"","background-repeat":"repeat","background-position":"center center","background-size":"auto","background-attachment":"scroll","background-type":"","background-media":"","overlay-type":"","overlay-color":"","overlay-opacity":"","overlay-gradient":""}},"ast-content-background-meta":{"desktop":{"background-color":"var(--ast-global-color-4)","background-image":"","background-repeat":"repeat","background-position":"center center","background-size":"auto","background-attachment":"scroll","background-type":"","background-media":"","overlay-type":"","overlay-color":"","overlay-opacity":"","overlay-gradient":""},"tablet":{"background-color":"var(--ast-global-color-4)","background-image":"","background-repeat":"repeat","background-position":"center center","background-size":"auto","background-attachment":"scroll","background-type":"","background-media":"","overlay-type":"","overlay-color":"","overlay-opacity":"","overlay-gradient":""},"mobile":{"background-color":"var(--ast-global-color-4)","background-image":"","background-repeat":"repeat","background-position":"center center","background-size":"auto","background-attachment":"scroll","background-type":"","background-media":"","overlay-type":"","overlay-color":"","overlay-opacity":"","overlay-gradient":""}}},"product_brand":[],"product_cat":[81,80],"product_tag":[],"class_list":{"0":"post-3166","1":"product","2":"type-product","3":"status-publish","4":"has-post-thumbnail","6":"product_cat-urun","7":"product_cat-urunler","8":"desktop-align-left","9":"tablet-align-left","10":"mobile-align-left","12":"first","13":"instock","14":"featured","15":"shipping-taxable","16":"product-type-simple"},"aioseo_notices":[],"_links":{"self":[{"href":"https:\/\/koroush.co\/tr\/wp-json\/wp\/v2\/product\/3166","targetHints":{"allow":["GET"]}}],"collection":[{"href":"https:\/\/koroush.co\/tr\/wp-json\/wp\/v2\/product"}],"about":[{"href":"https:\/\/koroush.co\/tr\/wp-json\/wp\/v2\/types\/product"}],"replies":[{"embeddable":true,"href":"https:\/\/koroush.co\/tr\/wp-json\/wp\/v2\/comments?post=3166"}],"wp:featuredmedia":[{"embeddable":true,"href":"https:\/\/koroush.co\/tr\/wp-json\/wp\/v2\/media\/3605"}],"wp:attachment":[{"href":"https:\/\/koroush.co\/tr\/wp-json\/wp\/v2\/media?parent=3166"}],"wp:term":[{"taxonomy":"product_brand","embeddable":true,"href":"https:\/\/koroush.co\/tr\/wp-json\/wp\/v2\/product_brand?post=3166"},{"taxonomy":"product_cat","embeddable":true,"href":"https:\/\/koroush.co\/tr\/wp-json\/wp\/v2\/product_cat?post=3166"},{"taxonomy":"product_tag","embeddable":true,"href":"https:\/\/koroush.co\/tr\/wp-json\/wp\/v2\/product_tag?post=3166"}],"curies":[{"name":"wp","href":"https:\/\/api.w.org\/{rel}","templated":true}]}}