{"id":3164,"date":"2025-08-25T11:12:31","date_gmt":"2025-08-25T11:12:31","guid":{"rendered":"https:\/\/koroush.co\/product\/kahve\/"},"modified":"2025-08-25T11:12:31","modified_gmt":"2025-08-25T11:12:31","slug":"kahve","status":"publish","type":"product","link":"https:\/\/koroush.co\/tr\/urun\/kahve\/","title":{"rendered":"Kahve"},"content":{"rendered":"<p>Y\u00fcksek kaliteli \u00fcreticiler taraf\u0131ndan tedarik edilen, hem \u00e7ekilmi\u015f hem de \u00e7ekirdek kahve kar\u0131\u015f\u0131mlar\u0131, m\u00fckemmel bir \u00fcr\u00fcn i\u00e7in en iyi ko\u015fullara sahip b\u00f6lgelerde bulunan se\u00e7kin \u00fcreticilerden temin edilmektedir.<br \/>\nGurme kahvelerimiz, daha y\u00fcksek gran\u00fclometriye sahip, kusursuz \u00e7ekirdekler i\u00e7erir ve orta derecede kavrulmu\u015f olup, ideal g\u00f6r\u00fcn\u00fcm ve lezzet \u00f6zelliklerine ula\u015f\u0131r. Bunlar aras\u0131nda belirgin bir g\u00f6vde, orta asidite, do\u011fal tatl\u0131l\u0131k ve \u00e7arp\u0131c\u0131 bir sonras\u0131 tat bulunmaktad\u0131r.<\/p>\n","protected":false},"excerpt":{"rendered":"<p>Y\u00fcksek kaliteli \u00fcreticiler taraf\u0131ndan tedarik edilen, hem \u00e7ekilmi\u015f hem de \u00e7ekirdek kahve kar\u0131\u015f\u0131mlar\u0131, m\u00fckemmel bir \u00fcr\u00fcn i\u00e7in en iyi ko\u015fullara [&hellip;]<\/p>\n","protected":false},"featured_media":2351,"comment_status":"open","ping_status":"closed","template":"","meta":{"om_disable_all_campaigns":false,"site-sidebar-layout":"default","site-content-layout":"","ast-site-content-layout":"default","site-content-style":"default","site-sidebar-style":"default","ast-global-header-display":"","ast-banner-title-visibility":"","ast-main-header-display":"","ast-hfb-above-header-display":"","ast-hfb-below-header-display":"","ast-hfb-mobile-header-display":"","site-post-title":"","ast-breadcrumbs-content":"","ast-featured-img":"","footer-sml-layout":"","ast-disable-related-posts":"","theme-transparent-header-meta":"default","adv-header-id-meta":"","stick-header-meta":"","header-above-stick-meta":"","header-main-stick-meta":"","header-below-stick-meta":"","astra-migrate-meta-layouts":"default","ast-page-background-enabled":"default","ast-page-background-meta":{"desktop":{"background-color":"var(--ast-global-color-5)","background-image":"","background-repeat":"repeat","background-position":"center center","background-size":"auto","background-attachment":"scroll","background-type":"","background-media":"","overlay-type":"","overlay-color":"","overlay-opacity":"","overlay-gradient":""},"tablet":{"background-color":"","background-image":"","background-repeat":"repeat","background-position":"center center","background-size":"auto","background-attachment":"scroll","background-type":"","background-media":"","overlay-type":"","overlay-color":"","overlay-opacity":"","overlay-gradient":""},"mobile":{"background-color":"","background-image":"","background-repeat":"repeat","background-position":"center center","background-size":"auto","background-attachment":"scroll","background-type":"","background-media":"","overlay-type":"","overlay-color":"","overlay-opacity":"","overlay-gradient":""}},"ast-content-background-meta":{"desktop":{"background-color":"var(--ast-global-color-4)","background-image":"","background-repeat":"repeat","background-position":"center center","background-size":"auto","background-attachment":"scroll","background-type":"","background-media":"","overlay-type":"","overlay-color":"","overlay-opacity":"","overlay-gradient":""},"tablet":{"background-color":"var(--ast-global-color-4)","background-image":"","background-repeat":"repeat","background-position":"center center","background-size":"auto","background-attachment":"scroll","background-type":"","background-media":"","overlay-type":"","overlay-color":"","overlay-opacity":"","overlay-gradient":""},"mobile":{"background-color":"var(--ast-global-color-4)","background-image":"","background-repeat":"repeat","background-position":"center center","background-size":"auto","background-attachment":"scroll","background-type":"","background-media":"","overlay-type":"","overlay-color":"","overlay-opacity":"","overlay-gradient":""}}},"product_brand":[],"product_cat":[80],"product_tag":[],"class_list":{"0":"post-3164","1":"product","2":"type-product","3":"status-publish","4":"has-post-thumbnail","6":"product_cat-urunler","7":"desktop-align-left","8":"tablet-align-left","9":"mobile-align-left","11":"first","12":"instock","13":"featured","14":"shipping-taxable","15":"product-type-simple"},"aioseo_notices":[],"_links":{"self":[{"href":"https:\/\/koroush.co\/tr\/wp-json\/wp\/v2\/product\/3164","targetHints":{"allow":["GET"]}}],"collection":[{"href":"https:\/\/koroush.co\/tr\/wp-json\/wp\/v2\/product"}],"about":[{"href":"https:\/\/koroush.co\/tr\/wp-json\/wp\/v2\/types\/product"}],"replies":[{"embeddable":true,"href":"https:\/\/koroush.co\/tr\/wp-json\/wp\/v2\/comments?post=3164"}],"wp:featuredmedia":[{"embeddable":true,"href":"https:\/\/koroush.co\/tr\/wp-json\/wp\/v2\/media\/2351"}],"wp:attachment":[{"href":"https:\/\/koroush.co\/tr\/wp-json\/wp\/v2\/media?parent=3164"}],"wp:term":[{"taxonomy":"product_brand","embeddable":true,"href":"https:\/\/koroush.co\/tr\/wp-json\/wp\/v2\/product_brand?post=3164"},{"taxonomy":"product_cat","embeddable":true,"href":"https:\/\/koroush.co\/tr\/wp-json\/wp\/v2\/product_cat?post=3164"},{"taxonomy":"product_tag","embeddable":true,"href":"https:\/\/koroush.co\/tr\/wp-json\/wp\/v2\/product_tag?post=3164"}],"curies":[{"name":"wp","href":"https:\/\/api.w.org\/{rel}","templated":true}]}}