{"id":3245,"date":"2025-06-16T16:39:12","date_gmt":"2025-06-16T16:39:12","guid":{"rendered":"https:\/\/koroush.co\/hakkimizda\/"},"modified":"2025-09-08T09:15:37","modified_gmt":"2025-09-08T09:15:37","slug":"hakkimizda","status":"publish","type":"page","link":"https:\/\/koroush.co\/tr\/hakkimizda\/","title":{"rendered":"Hakk\u0131m\u0131zda"},"content":{"rendered":"\t\t<div data-elementor-type=\"wp-page\" data-elementor-id=\"3245\" class=\"elementor elementor-3245 elementor-2196\" data-elementor-post-type=\"page\">\n\t\t\t\t\t\t<section class=\"elementor-section elementor-top-section elementor-element elementor-element-573f917b elementor-section-boxed elementor-section-height-default elementor-section-height-default\" data-id=\"573f917b\" data-element_type=\"section\" data-e-type=\"section\">\n\t\t\t\t\t\t<div class=\"elementor-container elementor-column-gap-default\">\n\t\t\t\t\t<div class=\"elementor-column elementor-col-100 elementor-top-column elementor-element elementor-element-7656baca\" data-id=\"7656baca\" data-element_type=\"column\" data-e-type=\"column\">\n\t\t\t<div class=\"elementor-widget-wrap elementor-element-populated\">\n\t\t\t\t\t\t<div class=\"elementor-element elementor-element-51be10ab elementor-widget elementor-widget-text-editor\" data-id=\"51be10ab\" data-element_type=\"widget\" data-e-type=\"widget\" data-widget_type=\"text-editor.default\">\n\t\t\t\t<div class=\"elementor-widget-container\">\n\t\t\t\t\t\t\t\t\t\n<h3 data-start=\"157\" data-end=\"184\">Koroush \u015eirketi Hakk\u0131nda<br> <br> <br><\/h3>\n<p data-start=\"185\" data-end=\"534\"><strong data-start=\"185\" data-end=\"204\">Koroush \u015eirketi<\/strong>, k\u00fcresel g\u0131da tedarik end\u00fcstrisinde<strong data-start=\"316\" data-end=\"354\"> y\u0131llard\u0131r g\u00fcvenilir bir isim olarak gururla varl\u0131k g\u00f6stermektedir ve d\u00fcnya \u00e7ap\u0131nda<\/strong> ortaklar\u0131na ve pazarlara kaliteli Brezilya \u00fcr\u00fcnleri sunmaktad\u0131r. Temel tar\u0131m ihracatlar\u0131nda uzmanla\u015fan \u015firketimiz, g<strong data-start=\"469\" data-end=\"531\">\u00fcvenilirlik, tu<\/strong>tarl\u0131l\u0131k ve m\u00fckemmel m\u00fc\u015fteri hizmetleri ile sa\u011flam bir \u00fcne sahiptir. <\/p>\n<hr data-start=\"536\" data-end=\"539\">\n<h3 data-start=\"541\" data-end=\"560\">Uzmanl\u0131k Alan\u0131m\u0131z<\/h3>\n<p data-start=\"561\" data-end=\"716\">Brezilya\u2019daki \u00fcst d\u00fczey \u00fcreticilerle uzun vadeli ortakl\u0131klar ve uluslararas\u0131 pazarlar hakk\u0131nda derinlemesine bilgi birikimimizle, m\u00fc\u015fterilerimize \u015funlar\u0131 sunuyoruz:<\/p>\n<ul data-start=\"717\" data-end=\"974\">\n<li data-start=\"717\" data-end=\"784\">\n<p data-start=\"719\" data-end=\"784\"><strong data-start=\"719\" data-end=\"747\">Uluslararas<\/strong>\u0131 standartlara uygun y\u00fcksek kaliteli emtialar.<\/p>\n<\/li>\n<li data-start=\"785\" data-end=\"848\">\n<p data-start=\"787\" data-end=\"848\"><strong data-start=\"787\" data-end=\"811\">Geli\u015fen k\u00fcresel <\/strong>ihtiya\u00e7lara y\u00f6nelik \u00f6zelle\u015ftirilmi\u015f \u00e7\u00f6z\u00fcmler.<\/p>\n<\/li>\n<li data-start=\"849\" data-end=\"902\">\n<p data-start=\"851\" data-end=\"902\"><strong data-start=\"851\" data-end=\"874\">Verimli l<\/strong>ojistik v<strong data-start=\"879\" data-end=\"899\">e zaman\u0131nda<\/strong> teslimat.<\/p>\n<\/li>\n<li data-start=\"903\" data-end=\"974\">\n<p data-start=\"905\" data-end=\"974\"><strong data-start=\"905\" data-end=\"929\">Her a\u015famada <\/strong>\u015feffaf tedarik ve s\u0131k\u0131 kalite kontrol.<\/p>\n<\/li>\n<\/ul>\n<hr data-start=\"976\" data-end=\"979\">\n<h3 data-start=\"981\" data-end=\"997\">Our De\u011ferlerimiz<\/h3>\n<p data-start=\"998\" data-end=\"1102\"><strong data-start=\"1001\" data-end=\"1012\">Koroush\u2019ta<\/strong> d\u00fcr\u00fcstl\u00fck, sadece bir ilke de\u011fil, s\u00f6z\u00fcm\u00fczd\u00fcr. Teslim etti\u011fimiz her \u00fcr\u00fcn \u015funlar\u0131 ta\u015f\u0131r:<br><br><br> <\/p>\n<ul data-start=\"1103\" data-end=\"1264\">\n<li data-start=\"1103\" data-end=\"1143\">\n<p data-start=\"1105\" data-end=\"1143\"><strong data-start=\"1105\" data-end=\"1140\">Authentic and ethically sourced<\/strong>.<\/p>\n<\/li>\n<li data-start=\"1144\" data-end=\"1197\">\n<p data-start=\"1146\" data-end=\"1197\">Uluslararas\u0131<strong data-start=\"1152\" data-end=\"1194\"> standartlara tamamen uygundur.<\/strong><\/p>\n<\/li>\n<li data-start=\"1198\" data-end=\"1264\">\n<p data-start=\"1200\" data-end=\"1264\">Otantik ve etik<strong data-start=\"1228\" data-end=\"1261\"> kaynaklardan temin edilmi\u015ftir<\/strong><\/p>\n<\/li>\n<\/ul>\n<hr data-start=\"1266\" data-end=\"1269\">\n<h3 data-start=\"1271\" data-end=\"1289\">Who We Serve<\/h3>\n<p data-start=\"1290\" data-end=\"1310\">\u0130ster bir:<\/p>\n<ul data-start=\"1311\" data-end=\"1379\">\n<li data-start=\"1311\" data-end=\"1333\">\n<p data-start=\"1313\" data-end=\"1333\">K\u00fcresel Da\u011f\u0131t\u0131c\u0131<\/p>\n<\/li>\n<li data-start=\"1334\" data-end=\"1346\">\n<p data-start=\"1336\" data-end=\"1346\">Perakendeci<\/p>\n<\/li>\n<li data-start=\"1347\" data-end=\"1361\">\n<p data-start=\"1349\" data-end=\"1361\">Toptanc\u0131<\/p>\n<\/li>\n<li data-start=\"1362\" data-end=\"1379\">\n<p data-start=\"1364\" data-end=\"1379\">\u00d6zel Al\u0131c\u0131<\/p>\n<\/li>\n<\/ul>\n<p data-start=\"1381\" data-end=\"1509\">\ud83d\udc49 Biz, i\u015finizin, g\u00fcvene dayal\u0131 uzun vadeli ortakl\u0131klar ve kaliteli Brezilya \u00fcr\u00fcnleri ile b\u00fcy\u00fcmesine yard\u0131mc\u0131 olmaya kararl\u0131y\u0131z.<\/p>\n<hr data-start=\"1511\" data-end=\"1514\">\n<h3 data-start=\"1516\" data-end=\"1532\">Our Vision<\/h3>\n<p data-start=\"1533\" data-end=\"1700\">With a clear vision of <strong data-start=\"1556\" data-end=\"1597\">sustainable growth and mutual success<\/strong>, we continue to expand our global reach, connect markets, and create lasting value for our partners.<\/p>\n<p data-start=\"1702\" data-end=\"1754\">\ud83c\udf0d <strong data-start=\"1705\" data-end=\"1752\">Let\u2019s grow together\u2014one shipment at a time.<\/strong><\/p>\n<hr data-start=\"1756\" data-end=\"1759\">\n<p data-start=\"1761\" data-end=\"1904\" data-is-last-node=\"\" data-is-only-node=\"\"> <\/p>\n\t\t\t\t\t\t\t\t<\/div>\n\t\t\t\t<\/div>\n\t\t\t\t\t<\/div>\n\t\t<\/div>\n\t\t\t\t\t<\/div>\n\t\t<\/section>\n\t\t\t\t<\/div>\n\t\t","protected":false},"excerpt":{"rendered":"<p>Koroush \u015eirketi Hakk\u0131nda Koroush \u015eirketi, k\u00fcresel g\u0131da tedarik end\u00fcstrisinde y\u0131llard\u0131r g\u00fcvenilir bir isim olarak gururla varl\u0131k g\u00f6stermektedir ve d\u00fcnya \u00e7ap\u0131nda [&hellip;]<\/p>\n","protected":false},"author":2,"featured_media":0,"parent":0,"menu_order":0,"comment_status":"closed","ping_status":"closed","template":"","meta":{"om_disable_all_campaigns":false,"site-sidebar-layout":"default","site-content-layout":"","ast-site-content-layout":"default","site-content-style":"default","site-sidebar-style":"default","ast-global-header-display":"","ast-banner-title-visibility":"","ast-main-header-display":"","ast-hfb-above-header-display":"","ast-hfb-below-header-display":"","ast-hfb-mobile-header-display":"","site-post-title":"","ast-breadcrumbs-content":"","ast-featured-img":"","footer-sml-layout":"","ast-disable-related-posts":"","theme-transparent-header-meta":"","adv-header-id-meta":"","stick-header-meta":"","header-above-stick-meta":"","header-main-stick-meta":"","header-below-stick-meta":"","astra-migrate-meta-layouts":"default","ast-page-background-enabled":"default","ast-page-background-meta":{"desktop":{"background-color":"var(--ast-global-color-5)","background-image":"","background-repeat":"repeat","background-position":"center center","background-size":"auto","background-attachment":"scroll","background-type":"","background-media":"","overlay-type":"","overlay-color":"","overlay-opacity":"","overlay-gradient":""},"tablet":{"background-color":"","background-image":"","background-repeat":"repeat","background-position":"center center","background-size":"auto","background-attachment":"scroll","background-type":"","background-media":"","overlay-type":"","overlay-color":"","overlay-opacity":"","overlay-gradient":""},"mobile":{"background-color":"","background-image":"","background-repeat":"repeat","background-position":"center center","background-size":"auto","background-attachment":"scroll","background-type":"","background-media":"","overlay-type":"","overlay-color":"","overlay-opacity":"","overlay-gradient":""}},"ast-content-background-meta":{"desktop":{"background-color":"var(--ast-global-color-4)","background-image":"","background-repeat":"repeat","background-position":"center center","background-size":"auto","background-attachment":"scroll","background-type":"","background-media":"","overlay-type":"","overlay-color":"","overlay-opacity":"","overlay-gradient":""},"tablet":{"background-color":"var(--ast-global-color-4)","background-image":"","background-repeat":"repeat","background-position":"center center","background-size":"auto","background-attachment":"scroll","background-type":"","background-media":"","overlay-type":"","overlay-color":"","overlay-opacity":"","overlay-gradient":""},"mobile":{"background-color":"var(--ast-global-color-4)","background-image":"","background-repeat":"repeat","background-position":"center center","background-size":"auto","background-attachment":"scroll","background-type":"","background-media":"","overlay-type":"","overlay-color":"","overlay-opacity":"","overlay-gradient":""}},"footnotes":""},"class_list":["post-3245","page","type-page","status-publish","hentry"],"aioseo_notices":[],"_links":{"self":[{"href":"https:\/\/koroush.co\/tr\/wp-json\/wp\/v2\/pages\/3245","targetHints":{"allow":["GET"]}}],"collection":[{"href":"https:\/\/koroush.co\/tr\/wp-json\/wp\/v2\/pages"}],"about":[{"href":"https:\/\/koroush.co\/tr\/wp-json\/wp\/v2\/types\/page"}],"author":[{"embeddable":true,"href":"https:\/\/koroush.co\/tr\/wp-json\/wp\/v2\/users\/2"}],"replies":[{"embeddable":true,"href":"https:\/\/koroush.co\/tr\/wp-json\/wp\/v2\/comments?post=3245"}],"version-history":[{"count":3,"href":"https:\/\/koroush.co\/tr\/wp-json\/wp\/v2\/pages\/3245\/revisions"}],"predecessor-version":[{"id":3248,"href":"https:\/\/koroush.co\/tr\/wp-json\/wp\/v2\/pages\/3245\/revisions\/3248"}],"wp:attachment":[{"href":"https:\/\/koroush.co\/tr\/wp-json\/wp\/v2\/media?parent=3245"}],"curies":[{"name":"wp","href":"https:\/\/api.w.org\/{rel}","templated":true}]}}