{"id":3122,"date":"2025-03-02T16:10:33","date_gmt":"2025-03-02T16:10:33","guid":{"rendered":"https:\/\/koroush.co\/gizlilik-politikasi\/"},"modified":"2025-09-08T09:14:03","modified_gmt":"2025-09-08T09:14:03","slug":"gizlilik-politikasi","status":"publish","type":"page","link":"https:\/\/koroush.co\/tr\/gizlilik-politikasi\/","title":{"rendered":"Gizlilik Politikas\u0131"},"content":{"rendered":"\t\t<div data-elementor-type=\"wp-page\" data-elementor-id=\"3122\" class=\"elementor elementor-3122 elementor-3\" data-elementor-post-type=\"page\">\n\t\t\t\t\t\t<section class=\"elementor-section elementor-top-section elementor-element elementor-element-2c393fb6 elementor-section-boxed elementor-section-height-default elementor-section-height-default\" data-id=\"2c393fb6\" data-element_type=\"section\" data-e-type=\"section\">\n\t\t\t\t\t\t<div class=\"elementor-container elementor-column-gap-default\">\n\t\t\t\t\t<div class=\"elementor-column elementor-col-100 elementor-top-column elementor-element elementor-element-4439c234\" data-id=\"4439c234\" data-element_type=\"column\" data-e-type=\"column\">\n\t\t\t<div class=\"elementor-widget-wrap elementor-element-populated\">\n\t\t\t\t\t\t<div class=\"elementor-element elementor-element-56626745 elementor-widget elementor-widget-text-editor\" data-id=\"56626745\" data-element_type=\"widget\" data-e-type=\"widget\" data-widget_type=\"text-editor.default\">\n\t\t\t\t<div class=\"elementor-widget-container\">\n\t\t\t\t\t\t\t\t\t<p><\/p>\n<p data-start=\"336\" data-end=\"579\">Biz Koroush olarak, gizlili\u011finize sayg\u0131 g\u00f6steriyor ve ki\u015fisel bilgilerinizi korumaya kararl\u0131y\u0131z. Bu Gizlilik Politikas\u0131, web sitemizi ziyaret etti\u011finizde ve hizmetlerimizi kulland\u0131\u011f\u0131n\u0131zda verilerinizi nas\u0131l toplad\u0131\u011f\u0131m\u0131z\u0131, kulland\u0131\u011f\u0131m\u0131z\u0131 ve g\u00fcvende tuttu\u011fumuzu a\u00e7\u0131klar. <\/p>\n<h3 data-start=\"581\" data-end=\"612\">1. Toplad\u0131\u011f\u0131m\u0131z Bilgiler<\/h3>\n<p data-start=\"613\" data-end=\"677\">Web sitemizi ziyaret etti\u011finizde veya bir sat\u0131n alma i\u015flemi yapt\u0131\u011f\u0131n\u0131zda, \u015fu bilgileri toplayabiliriz:<\/p>\n<ul data-start=\"678\" data-end=\"975\">\n<li data-start=\"678\" data-end=\"753\">\n<p data-start=\"680\" data-end=\"753\">Ki\u015fisel bilgiler (isim, e-posta, telefon numaras\u0131, fatura\/teslimat adresi).<\/p>\n<\/li>\n<li data-start=\"754\" data-end=\"833\">\n<p data-start=\"756\" data-end=\"833\">\u00d6deme bilgileri (g\u00fcvenli bir \u015fekilde g\u00fcvenilir \u00f6deme sa\u011flay\u0131c\u0131lar\u0131 arac\u0131l\u0131\u011f\u0131yla i\u015flenir).<\/p>\n<\/li>\n<li data-start=\"834\" data-end=\"916\">\n<p data-start=\"836\" data-end=\"916\">Teknik bilgiler (IP adresi, taray\u0131c\u0131 t\u00fcr\u00fc, cihaz bilgisi, \u00e7erezler).<\/p>\n<\/li>\n<li data-start=\"917\" data-end=\"975\">\n<p data-start=\"919\" data-end=\"975\">\u0130leti\u015fim detaylar\u0131 (mesajlar, sorgular, geri bildirimler).<\/p>\n<\/li>\n<\/ul>\n<h3 data-start=\"977\" data-end=\"1013\">2. Bilgilerinizi Nas\u0131l Kullan\u0131yoruz?<\/h3>\n<p data-start=\"1014\" data-end=\"1036\">Verilerinizi \u015fu ama\u00e7larla kullan\u0131yoruz:<\/p>\n<ul data-start=\"1037\" data-end=\"1292\">\n<li data-start=\"1037\" data-end=\"1068\">\n<p data-start=\"1039\" data-end=\"1068\">Sipari\u015fleri i\u015flemek ve teslim etmek.<\/p>\n<\/li>\n<li data-start=\"1069\" data-end=\"1098\">\n<p data-start=\"1071\" data-end=\"1098\">M\u00fc\u015fteri deste\u011fi sa\u011flamak.<\/p>\n<\/li>\n<li data-start=\"1099\" data-end=\"1178\">\n<p data-start=\"1101\" data-end=\"1178\">Sipari\u015f Onaylar\u0131, G\u00fcncellemeler ve Promosyon Tekliflerini G\u00f6nderin (e\u011fer onay verirseniz).<\/p>\n<\/li>\n<li data-start=\"1179\" data-end=\"1238\">\n<p data-start=\"1181\" data-end=\"1238\">Web sitemizi, hizmetlerimizi ve m\u00fc\u015fteri deneyimimizi geli\u015ftirin.<\/p>\n<\/li>\n<li data-start=\"1239\" data-end=\"1292\">\n<p data-start=\"1241\" data-end=\"1292\">Doland\u0131r\u0131c\u0131l\u0131\u011f\u0131 \u00f6nlemek ve yasal gerekliliklere uymak.<\/p>\n<\/li>\n<\/ul>\n<h3 data-start=\"1294\" data-end=\"1327\">3. Bilgilerinizi Payla\u015fma<\/h3>\n<p data-start=\"1328\" data-end=\"1400\">Ki\u015fisel bilgilerinizi satm\u0131yoruz. Verilerinizi yaln\u0131zca \u015fu ki\u015filerle payla\u015fabiliriz: <\/p>\n<ul data-start=\"1401\" data-end=\"1563\">\n<li data-start=\"1401\" data-end=\"1434\">\n<p data-start=\"1403\" data-end=\"1434\">\u00d6deme i\u015flemcileri ve bankalar.<\/p>\n<\/li>\n<li data-start=\"1435\" data-end=\"1471\">\n<p data-start=\"1437\" data-end=\"1471\">Nakliye ve teslimat sa\u011flay\u0131c\u0131lar\u0131.<\/p>\n<\/li>\n<li data-start=\"1472\" data-end=\"1519\">\n<p data-start=\"1474\" data-end=\"1519\">Hizmet sa\u011flay\u0131c\u0131lar\u0131 (BT, bar\u0131nd\u0131rma, analiz).<\/p>\n<\/li>\n<li data-start=\"1520\" data-end=\"1563\">\n<p data-start=\"1522\" data-end=\"1563\">Hukuki otoriteler, yasal gereklilikler do\u011frultusunda.<\/p>\n<\/li>\n<\/ul>\n<h3 data-start=\"1565\" data-end=\"1594\">4. \u00c7erezler ve \u0130zleme<\/h3>\n<p data-start=\"1595\" data-end=\"1812\">Site i\u015flevselli\u011fini sa\u011flamak, trafi\u011fi analiz etmek ve deneyiminizi ki\u015fiselle\u015ftirmek i\u00e7in \u00e7erezler ve benzer teknolojiler kullan\u0131yoruz. \u00c7erezleri taray\u0131c\u0131 ayarlar\u0131n\u0131zdan devre d\u0131\u015f\u0131 b\u0131rakabilirsiniz, ancak baz\u0131 \u00f6zellikler d\u00fczg\u00fcn \u00e7al\u0131\u015fmayabilir. <\/p>\n<h3 data-start=\"1814\" data-end=\"1837\">5. Veri Saklama<\/h3>\n<p data-start=\"1838\" data-end=\"1973\">Geli\u015ftirmemi istedi\u011finiz ba\u015fka bir \u015fey var m\u0131?<br><br><br><\/p>\n<h3 data-start=\"1975\" data-end=\"1997\">6. Veri G\u00fcvenli\u011fi<\/h3>\n<p data-start=\"1998\" data-end=\"2182\">End\u00fcstri standartlar\u0131na uygun \u00f6nlemler alarak verilerinizi yetkisiz eri\u015fim, de\u011fi\u015fiklik veya a\u00e7\u0131klamaya kar\u015f\u0131 koruyoruz. Ancak, internet \u00fczerinden yap\u0131lan hi\u00e7bir iletim y\u00f6ntemi %100 g\u00fcvenli de\u011fildir. <\/p>\n<h3 data-start=\"2184\" data-end=\"2204\">7.Haklar\u0131n\u0131z<\/h3>\n<p data-start=\"2205\" data-end=\"2261\">Bulundu\u011funuz konuma ba\u011fl\u0131 olarak, \u015fu haklara sahip olabilirsiniz:<\/p>\n<ul data-start=\"2262\" data-end=\"2475\">\n<li data-start=\"2262\" data-end=\"2312\">\n<p data-start=\"2264\" data-end=\"2312\">Ki\u015fisel verilerinize eri\u015fim sa\u011flamak, d\u00fczeltmek veya silmek.<\/p>\n<\/li>\n<li data-start=\"2313\" data-end=\"2350\">\n<p data-start=\"2315\" data-end=\"2350\">Pazarlama ileti\u015fimlerine onay\u0131n\u0131z\u0131 geri almak.<\/p>\n<\/li>\n<li data-start=\"2351\" data-end=\"2475\">\n<p data-start=\"2353\" data-end=\"2475\">Haklar\u0131n\u0131z\u0131 kullanmak i\u00e7in l\u00fctfen a\u015fa\u011f\u0131da belirtilen e-posta adresiyle bizimle ileti\u015fime ge\u00e7in.<\/p>\n<\/li>\n<\/ul>\n<h3 data-start=\"2477\" data-end=\"2504\">8. \u00c7ocuklar\u0131n Gizlili\u011fi<\/h3>\n<p data-start=\"2505\" data-end=\"2613\">Hizmetlerimiz 13 ya\u015f alt\u0131ndaki \u00e7ocuklara y\u00f6nelik de\u011fildir. Bilerek \u00e7ocuklardan bilgi toplam\u0131yoruz. <\/p>\n<h3 data-start=\"2615\" data-end=\"2646\">9. Bu Politika De\u011fi\u015fiklikleri<\/h3>\n<p data-start=\"2647\" data-end=\"2769\">Bu Politika De\u011fi\u015fiklikleri<br>Zaman zaman bu Gizlilik Politikas\u0131n\u0131 g\u00fcncelleyebiliriz. G\u00fcncellemeler, bu sayfada yeni bir \u201cSon G\u00fcncellenme\u201d tarihi ile yay\u0131mlanacakt\u0131r. <\/p>\n<h3 data-start=\"2771\" data-end=\"2791\"> <\/h3>\n<p><\/p>\t\t\t\t\t\t\t\t<\/div>\n\t\t\t\t<\/div>\n\t\t\t\t\t<\/div>\n\t\t<\/div>\n\t\t\t\t\t<\/div>\n\t\t<\/section>\n\t\t\t\t<\/div>\n\t\t","protected":false},"excerpt":{"rendered":"<p>Biz Koroush olarak, gizlili\u011finize sayg\u0131 g\u00f6steriyor ve ki\u015fisel bilgilerinizi korumaya kararl\u0131y\u0131z. Bu Gizlilik Politikas\u0131, web sitemizi ziyaret etti\u011finizde ve hizmetlerimizi [&hellip;]<\/p>\n","protected":false},"author":1,"featured_media":0,"parent":0,"menu_order":0,"comment_status":"closed","ping_status":"open","template":"","meta":{"om_disable_all_campaigns":false,"site-sidebar-layout":"default","site-content-layout":"","ast-site-content-layout":"default","site-content-style":"default","site-sidebar-style":"default","ast-global-header-display":"","ast-banner-title-visibility":"","ast-main-header-display":"","ast-hfb-above-header-display":"","ast-hfb-below-header-display":"","ast-hfb-mobile-header-display":"","site-post-title":"","ast-breadcrumbs-content":"","ast-featured-img":"","footer-sml-layout":"","ast-disable-related-posts":"","theme-transparent-header-meta":"","adv-header-id-meta":"","stick-header-meta":"","header-above-stick-meta":"","header-main-stick-meta":"","header-below-stick-meta":"","astra-migrate-meta-layouts":"default","ast-page-background-enabled":"default","ast-page-background-meta":{"desktop":{"background-color":"var(--ast-global-color-5)","background-image":"","background-repeat":"repeat","background-position":"center center","background-size":"auto","background-attachment":"scroll","background-type":"","background-media":"","overlay-type":"","overlay-color":"","overlay-opacity":"","overlay-gradient":""},"tablet":{"background-color":"","background-image":"","background-repeat":"repeat","background-position":"center center","background-size":"auto","background-attachment":"scroll","background-type":"","background-media":"","overlay-type":"","overlay-color":"","overlay-opacity":"","overlay-gradient":""},"mobile":{"background-color":"","background-image":"","background-repeat":"repeat","background-position":"center center","background-size":"auto","background-attachment":"scroll","background-type":"","background-media":"","overlay-type":"","overlay-color":"","overlay-opacity":"","overlay-gradient":""}},"ast-content-background-meta":{"desktop":{"background-color":"var(--ast-global-color-4)","background-image":"","background-repeat":"repeat","background-position":"center center","background-size":"auto","background-attachment":"scroll","background-type":"","background-media":"","overlay-type":"","overlay-color":"","overlay-opacity":"","overlay-gradient":""},"tablet":{"background-color":"var(--ast-global-color-4)","background-image":"","background-repeat":"repeat","background-position":"center center","background-size":"auto","background-attachment":"scroll","background-type":"","background-media":"","overlay-type":"","overlay-color":"","overlay-opacity":"","overlay-gradient":""},"mobile":{"background-color":"var(--ast-global-color-4)","background-image":"","background-repeat":"repeat","background-position":"center center","background-size":"auto","background-attachment":"scroll","background-type":"","background-media":"","overlay-type":"","overlay-color":"","overlay-opacity":"","overlay-gradient":""}},"footnotes":""},"class_list":["post-3122","page","type-page","status-publish","hentry"],"aioseo_notices":[],"_links":{"self":[{"href":"https:\/\/koroush.co\/tr\/wp-json\/wp\/v2\/pages\/3122","targetHints":{"allow":["GET"]}}],"collection":[{"href":"https:\/\/koroush.co\/tr\/wp-json\/wp\/v2\/pages"}],"about":[{"href":"https:\/\/koroush.co\/tr\/wp-json\/wp\/v2\/types\/page"}],"author":[{"embeddable":true,"href":"https:\/\/koroush.co\/tr\/wp-json\/wp\/v2\/users\/1"}],"replies":[{"embeddable":true,"href":"https:\/\/koroush.co\/tr\/wp-json\/wp\/v2\/comments?post=3122"}],"version-history":[{"count":7,"href":"https:\/\/koroush.co\/tr\/wp-json\/wp\/v2\/pages\/3122\/revisions"}],"predecessor-version":[{"id":3244,"href":"https:\/\/koroush.co\/tr\/wp-json\/wp\/v2\/pages\/3122\/revisions\/3244"}],"wp:attachment":[{"href":"https:\/\/koroush.co\/tr\/wp-json\/wp\/v2\/media?parent=3122"}],"curies":[{"name":"wp","href":"https:\/\/api.w.org\/{rel}","templated":true}]}}