{"id":3713,"date":"2025-09-01T13:45:04","date_gmt":"2025-09-01T13:45:04","guid":{"rendered":"https:\/\/koroush.co\/product\/maiz-amarillo\/"},"modified":"2025-09-28T11:13:44","modified_gmt":"2025-09-28T11:13:44","slug":"maiz-amarillo","status":"publish","type":"product","link":"https:\/\/koroush.co\/es\/producto\/maiz-amarillo\/","title":{"rendered":"Ma\u00edz Amarillo"},"content":{"rendered":"<p>Producci\u00f3n de ma\u00edz para el consumo humano<br \/>Trabajamos con productos destinados al consumo humano.<br \/>El ciclo de producci\u00f3n del ma\u00edz comienza con un an\u00e1lisis de mercado, a trav\u00e9s del cual se define el \u00e1rea de cultivo. Con base en este an\u00e1lisis, se planifican y ejecutan todas las actividades agr\u00edcolas necesarias.<br \/>Despu\u00e9s de la cosecha, el grano de ma\u00edz se almacena en la finca hasta que se vende a clientes en los mercados nacionales e internacionales.<br \/>El principal destino del ma\u00edz es servir como componente energ\u00e9tico fundamental en la alimentaci\u00f3n de aves de corral, cerdos y ganado dentro del proceso de producci\u00f3n de carne para consumo humano. Una porci\u00f3n menor del volumen total se utiliza directamente en la dieta humana, como harinas, aceites, edulcorantes, pastas, galletas y otros productos en los que el ma\u00edz es un ingrediente.<\/p>\n<p>Cosecha<br \/>La cosecha de ma\u00edz se realiza durante los meses de junio y julio en las fincas que cuentan con un segundo cultivo. Se utilizan las mismas m\u00e1quinas empleadas en la recolecci\u00f3n de granos, cambiando \u00fanicamente la plataforma recolectora de mazorcas.<\/p>\n<p>Procesamiento y almacenamiento<br \/>El proceso comienza con la recepci\u00f3n del grano en el almac\u00e9n, seguido de la prelimpieza, el secado, el       <\/p>\n","protected":false},"excerpt":{"rendered":"<p>Producci\u00f3n de ma\u00edz para el consumo humanoTrabajamos con productos destinados al consumo humano.El ciclo de producci\u00f3n del ma\u00edz comienza con [&hellip;]<\/p>\n","protected":false},"featured_media":3712,"comment_status":"open","ping_status":"closed","template":"","meta":{"om_disable_all_campaigns":false,"site-sidebar-layout":"default","site-content-layout":"","ast-site-content-layout":"default","site-content-style":"default","site-sidebar-style":"default","ast-global-header-display":"","ast-banner-title-visibility":"","ast-main-header-display":"","ast-hfb-above-header-display":"","ast-hfb-below-header-display":"","ast-hfb-mobile-header-display":"","site-post-title":"","ast-breadcrumbs-content":"","ast-featured-img":"","footer-sml-layout":"","ast-disable-related-posts":"","theme-transparent-header-meta":"default","adv-header-id-meta":"","stick-header-meta":"","header-above-stick-meta":"","header-main-stick-meta":"","header-below-stick-meta":"","astra-migrate-meta-layouts":"default","ast-page-background-enabled":"default","ast-page-background-meta":{"desktop":{"background-color":"var(--ast-global-color-5)","background-image":"","background-repeat":"repeat","background-position":"center center","background-size":"auto","background-attachment":"scroll","background-type":"","background-media":"","overlay-type":"","overlay-color":"","overlay-opacity":"","overlay-gradient":""},"tablet":{"background-color":"","background-image":"","background-repeat":"repeat","background-position":"center center","background-size":"auto","background-attachment":"scroll","background-type":"","background-media":"","overlay-type":"","overlay-color":"","overlay-opacity":"","overlay-gradient":""},"mobile":{"background-color":"","background-image":"","background-repeat":"repeat","background-position":"center center","background-size":"auto","background-attachment":"scroll","background-type":"","background-media":"","overlay-type":"","overlay-color":"","overlay-opacity":"","overlay-gradient":""}},"ast-content-background-meta":{"desktop":{"background-color":"var(--ast-global-color-4)","background-image":"","background-repeat":"repeat","background-position":"center center","background-size":"auto","background-attachment":"scroll","background-type":"","background-media":"","overlay-type":"","overlay-color":"","overlay-opacity":"","overlay-gradient":""},"tablet":{"background-color":"var(--ast-global-color-4)","background-image":"","background-repeat":"repeat","background-position":"center center","background-size":"auto","background-attachment":"scroll","background-type":"","background-media":"","overlay-type":"","overlay-color":"","overlay-opacity":"","overlay-gradient":""},"mobile":{"background-color":"var(--ast-global-color-4)","background-image":"","background-repeat":"repeat","background-position":"center center","background-size":"auto","background-attachment":"scroll","background-type":"","background-media":"","overlay-type":"","overlay-color":"","overlay-opacity":"","overlay-gradient":""}}},"product_brand":[],"product_cat":[85],"product_tag":[],"class_list":{"0":"post-3713","1":"product","2":"type-product","3":"status-publish","4":"has-post-thumbnail","6":"product_cat-productos","7":"desktop-align-left","8":"tablet-align-left","9":"mobile-align-left","11":"first","12":"instock","13":"featured","14":"shipping-taxable","15":"product-type-simple"},"aioseo_notices":[],"_links":{"self":[{"href":"https:\/\/koroush.co\/es\/wp-json\/wp\/v2\/product\/3713","targetHints":{"allow":["GET"]}}],"collection":[{"href":"https:\/\/koroush.co\/es\/wp-json\/wp\/v2\/product"}],"about":[{"href":"https:\/\/koroush.co\/es\/wp-json\/wp\/v2\/types\/product"}],"replies":[{"embeddable":true,"href":"https:\/\/koroush.co\/es\/wp-json\/wp\/v2\/comments?post=3713"}],"wp:featuredmedia":[{"embeddable":true,"href":"https:\/\/koroush.co\/es\/wp-json\/wp\/v2\/media\/3712"}],"wp:attachment":[{"href":"https:\/\/koroush.co\/es\/wp-json\/wp\/v2\/media?parent=3713"}],"wp:term":[{"taxonomy":"product_brand","embeddable":true,"href":"https:\/\/koroush.co\/es\/wp-json\/wp\/v2\/product_brand?post=3713"},{"taxonomy":"product_cat","embeddable":true,"href":"https:\/\/koroush.co\/es\/wp-json\/wp\/v2\/product_cat?post=3713"},{"taxonomy":"product_tag","embeddable":true,"href":"https:\/\/koroush.co\/es\/wp-json\/wp\/v2\/product_tag?post=3713"}],"curies":[{"name":"wp","href":"https:\/\/api.w.org\/{rel}","templated":true}]}}