{"id":2942,"date":"2025-06-16T16:39:12","date_gmt":"2025-06-16T16:39:12","guid":{"rendered":"https:\/\/koroush.co\/sobre-la-empresa-koroush\/"},"modified":"2025-09-03T09:55:49","modified_gmt":"2025-09-03T09:55:49","slug":"sobre-la-empresa-koroush","status":"publish","type":"page","link":"https:\/\/koroush.co\/es\/sobre-la-empresa-koroush\/","title":{"rendered":"Sobre la Empresa Koroush"},"content":{"rendered":"\t\t<div data-elementor-type=\"wp-page\" data-elementor-id=\"2942\" class=\"elementor elementor-2942 elementor-2196\" data-elementor-post-type=\"page\">\n\t\t\t\t\t\t<section class=\"elementor-section elementor-top-section elementor-element elementor-element-573f917b elementor-section-boxed elementor-section-height-default elementor-section-height-default\" data-id=\"573f917b\" data-element_type=\"section\" data-e-type=\"section\">\n\t\t\t\t\t\t<div class=\"elementor-container elementor-column-gap-default\">\n\t\t\t\t\t<div class=\"elementor-column elementor-col-100 elementor-top-column elementor-element elementor-element-7656baca\" data-id=\"7656baca\" data-element_type=\"column\" data-e-type=\"column\">\n\t\t\t<div class=\"elementor-widget-wrap elementor-element-populated\">\n\t\t\t\t\t\t<div class=\"elementor-element elementor-element-51be10ab elementor-widget elementor-widget-text-editor\" data-id=\"51be10ab\" data-element_type=\"widget\" data-e-type=\"widget\" data-widget_type=\"text-editor.default\">\n\t\t\t\t<div class=\"elementor-widget-container\">\n\t\t\t\t\t\t\t\t\t\n<h3 data-start=\"157\" data-end=\"184\">Sobre la Empresa Koroush<\/h3>\n<p data-start=\"185\" data-end=\"534\"><strong data-start=\"185\" data-end=\"204\">Koroush Company <\/strong>se ha mantenido con orgullo como un nombre de confianza en la industria global de suministro de alimentos durante muchos a\u00f1os,<strong data-start=\"316\" data-end=\"354\"> ofreciendo constantemente productos <\/strong>brasile\u00f1os de primera calidad a socios y mercados en todo el mundo. Especializ\u00e1ndonos en exportaciones agr\u00edcolas clave, hemos construido una s\u00f3lida reputaci\u00f3n por nuestra fiabilidad, <strong data-start=\"469\" data-end=\"531\">consistencia y un excelente servicio al cliente.<\/strong> <\/p>\n<hr data-start=\"536\" data-end=\"539\">\n<h3 data-start=\"541\" data-end=\"560\">Nuestro conocimiento<\/h3>\n<p data-start=\"561\" data-end=\"716\">A trav\u00e9s de asociaciones duraderas con los principales productores de Brasil, combinadas con nuestro profundo conocimiento de los mercados internacionales, proporcionamos a nuestros clientes:<\/p>\n<ul data-start=\"717\" data-end=\"974\">\n<li data-start=\"717\" data-end=\"784\">\n<p data-start=\"719\" data-end=\"784\"><strong data-start=\"719\" data-end=\"747\">Productos de alta calidad<\/strong> que cumplen con los est\u00e1ndares internacionales.<\/p>\n<\/li>\n<li data-start=\"785\" data-end=\"848\">\n<p data-start=\"787\" data-end=\"848\"><strong data-start=\"787\" data-end=\"811\">Soluciones personalizadas a<\/strong>daptadas a las necesidades globales en evoluci\u00f3n.<\/p>\n<\/li>\n<li data-start=\"849\" data-end=\"902\">\n<p data-start=\"851\" data-end=\"902\"><strong data-start=\"851\" data-end=\"874\">Log\u00edstica eficiente<\/strong> y <strong data-start=\"879\" data-end=\"899\">entregas puntuales.<\/strong><\/p>\n<\/li>\n<li data-start=\"903\" data-end=\"974\">\n<p data-start=\"905\" data-end=\"974\"><strong data-start=\"905\" data-end=\"929\">Abastecimiento transparente<\/strong> y estricto control de calidad en cada etapa.<\/p>\n<\/li>\n<\/ul>\n<hr data-start=\"976\" data-end=\"979\">\n<h3 data-start=\"981\" data-end=\"997\">Nuestros valores<\/h3>\n<p data-start=\"998\" data-end=\"1102\">En <strong data-start=\"1001\" data-end=\"1012\">Koroush<\/strong>, la integridad es m\u00e1s que un principio: es nuestra promesa. Cada producto que entregamos es: <\/p>\n<ul data-start=\"1103\" data-end=\"1264\">\n<li data-start=\"1103\" data-end=\"1143\">\n<p data-start=\"1105\" data-end=\"1143\"><strong data-start=\"1105\" data-end=\"1140\">Aut\u00e9ntico y obtenido de manera \u00e9tica.<\/strong><\/p>\n<\/li>\n<li data-start=\"1144\" data-end=\"1197\">\n<p data-start=\"1146\" data-end=\"1197\">Totalmente <strong data-start=\"1152\" data-end=\"1194\">conforme con las normas internacionales.<\/strong><\/p>\n<\/li>\n<li data-start=\"1198\" data-end=\"1264\">\n<p data-start=\"1200\" data-end=\"1264\">Respaldado por nuestro compromiso con la <strong data-start=\"1228\" data-end=\"1261\">sostenibilidad y la excelencia.<\/strong><\/p>\n<\/li>\n<\/ul>\n<hr data-start=\"1266\" data-end=\"1269\">\n<h3 data-start=\"1271\" data-end=\"1289\">A Qui\u00e9n Servimos<\/h3>\n<p data-start=\"1290\" data-end=\"1310\">Ya sea que usted sea un:<\/p>\n<ul data-start=\"1311\" data-end=\"1379\">\n<li data-start=\"1311\" data-end=\"1333\">\n<p data-start=\"1313\" data-end=\"1333\">Distribuidor global<\/p>\n<\/li>\n<li data-start=\"1334\" data-end=\"1346\">\n<p data-start=\"1336\" data-end=\"1346\">Minorista<\/p>\n<\/li>\n<li data-start=\"1347\" data-end=\"1361\">\n<p data-start=\"1349\" data-end=\"1361\">Wholesaler<\/p>\n<\/li>\n<li data-start=\"1362\" data-end=\"1379\">\n<p data-start=\"1364\" data-end=\"1379\">Comprador privado<\/p>\n<\/li>\n<\/ul>\n<p data-start=\"1381\" data-end=\"1509\">\ud83d\udc49 Estamos dedicados a ayudar a que su negocio prospere con productos brasile\u00f1os de primera calidad y asociaciones a largo plazo basadas en la confianza.<\/p>\n<hr data-start=\"1511\" data-end=\"1514\">\n<h3 data-start=\"1516\" data-end=\"1532\">Nuestra Visi\u00f3n<\/h3>\n<p data-start=\"1533\" data-end=\"1700\">Con una visi\u00f3n clara de c<strong data-start=\"1556\" data-end=\"1597\">recimiento sostenible y \u00e9xito mutuo, <\/strong>seguimos expandiendo nuestra presencia global, conectando mercados y creando valor duradero para nuestros socios.<\/p>\n<p data-start=\"1702\" data-end=\"1754\"><strong data-start=\"1705\" data-end=\"1752\">\ud83c\udf0d Crezcamos juntos, un env\u00edo a la vez.<\/strong><\/p>\n<hr data-start=\"1756\" data-end=\"1759\">\n<p data-start=\"1761\" data-end=\"1904\" data-is-last-node=\"\" data-is-only-node=\"\"> <\/p>\n\t\t\t\t\t\t\t\t<\/div>\n\t\t\t\t<\/div>\n\t\t\t\t\t<\/div>\n\t\t<\/div>\n\t\t\t\t\t<\/div>\n\t\t<\/section>\n\t\t\t\t<\/div>\n\t\t","protected":false},"excerpt":{"rendered":"<p>Sobre la Empresa Koroush Koroush Company se ha mantenido con orgullo como un nombre de confianza en la industria global [&hellip;]<\/p>\n","protected":false},"author":2,"featured_media":0,"parent":0,"menu_order":0,"comment_status":"closed","ping_status":"closed","template":"","meta":{"om_disable_all_campaigns":false,"site-sidebar-layout":"default","site-content-layout":"","ast-site-content-layout":"default","site-content-style":"default","site-sidebar-style":"default","ast-global-header-display":"","ast-banner-title-visibility":"","ast-main-header-display":"","ast-hfb-above-header-display":"","ast-hfb-below-header-display":"","ast-hfb-mobile-header-display":"","site-post-title":"","ast-breadcrumbs-content":"","ast-featured-img":"","footer-sml-layout":"","ast-disable-related-posts":"","theme-transparent-header-meta":"","adv-header-id-meta":"","stick-header-meta":"","header-above-stick-meta":"","header-main-stick-meta":"","header-below-stick-meta":"","astra-migrate-meta-layouts":"default","ast-page-background-enabled":"default","ast-page-background-meta":{"desktop":{"background-color":"var(--ast-global-color-5)","background-image":"","background-repeat":"repeat","background-position":"center center","background-size":"auto","background-attachment":"scroll","background-type":"","background-media":"","overlay-type":"","overlay-color":"","overlay-opacity":"","overlay-gradient":""},"tablet":{"background-color":"","background-image":"","background-repeat":"repeat","background-position":"center center","background-size":"auto","background-attachment":"scroll","background-type":"","background-media":"","overlay-type":"","overlay-color":"","overlay-opacity":"","overlay-gradient":""},"mobile":{"background-color":"","background-image":"","background-repeat":"repeat","background-position":"center center","background-size":"auto","background-attachment":"scroll","background-type":"","background-media":"","overlay-type":"","overlay-color":"","overlay-opacity":"","overlay-gradient":""}},"ast-content-background-meta":{"desktop":{"background-color":"var(--ast-global-color-4)","background-image":"","background-repeat":"repeat","background-position":"center center","background-size":"auto","background-attachment":"scroll","background-type":"","background-media":"","overlay-type":"","overlay-color":"","overlay-opacity":"","overlay-gradient":""},"tablet":{"background-color":"var(--ast-global-color-4)","background-image":"","background-repeat":"repeat","background-position":"center center","background-size":"auto","background-attachment":"scroll","background-type":"","background-media":"","overlay-type":"","overlay-color":"","overlay-opacity":"","overlay-gradient":""},"mobile":{"background-color":"var(--ast-global-color-4)","background-image":"","background-repeat":"repeat","background-position":"center center","background-size":"auto","background-attachment":"scroll","background-type":"","background-media":"","overlay-type":"","overlay-color":"","overlay-opacity":"","overlay-gradient":""}},"footnotes":""},"class_list":["post-2942","page","type-page","status-publish","hentry"],"aioseo_notices":[],"_links":{"self":[{"href":"https:\/\/koroush.co\/es\/wp-json\/wp\/v2\/pages\/2942","targetHints":{"allow":["GET"]}}],"collection":[{"href":"https:\/\/koroush.co\/es\/wp-json\/wp\/v2\/pages"}],"about":[{"href":"https:\/\/koroush.co\/es\/wp-json\/wp\/v2\/types\/page"}],"author":[{"embeddable":true,"href":"https:\/\/koroush.co\/es\/wp-json\/wp\/v2\/users\/2"}],"replies":[{"embeddable":true,"href":"https:\/\/koroush.co\/es\/wp-json\/wp\/v2\/comments?post=2942"}],"version-history":[{"count":3,"href":"https:\/\/koroush.co\/es\/wp-json\/wp\/v2\/pages\/2942\/revisions"}],"predecessor-version":[{"id":2946,"href":"https:\/\/koroush.co\/es\/wp-json\/wp\/v2\/pages\/2942\/revisions\/2946"}],"wp:attachment":[{"href":"https:\/\/koroush.co\/es\/wp-json\/wp\/v2\/media?parent=2942"}],"curies":[{"name":"wp","href":"https:\/\/api.w.org\/{rel}","templated":true}]}}